{"id":24568,"date":"2025-11-12T18:01:49","date_gmt":"2025-11-12T18:01:49","guid":{"rendered":"https:\/\/modesthanim.com\/product\/siyah-asimetrik-kesimli-dugmeli-gomlek\/"},"modified":"2026-02-18T23:22:32","modified_gmt":"2026-02-18T23:22:32","slug":"siyah-asimetrik-kesimli-dugmeli-gomlek","status":"publish","type":"product","link":"https:\/\/mod.wisdar.net\/tr\/urun\/siyah-asimetrik-kesimli-dugmeli-gomlek\/","title":{"rendered":"Siyah Asimetrik Kesimli D\u00fc\u011fmeli G\u00f6mlek"},"content":{"rendered":"<p>Siyah Asimetrik Kesimli D\u00fc\u011fmeli G\u00f6mle\u011fimiz ile modern ve rahat bir stil yakalay\u0131n. ALLDAY&#8217;in G\u00f6mlek kategorisindeki di\u011fer modelleri ke\u015ffedin. K\u0131yafetinizi tamamlamak i\u00e7in hemen Siyah Asimetrik Kesimli D\u00fc\u011fmeli G\u00f6mle\u011fi ke\u015ffedin!<\/p>\n<p>\u2014 Teknik Detaylar \u2014<br \/>\nMevsim: 25-Yaz<br \/>\nKuma\u015f \u0130\u00e7eri\u011fi: %100 PAMUK<br \/>\nKuma\u015f Grubu: Pamuk Polyester<br \/>\nCep Detay\u0131: Cepsiz<br \/>\nYaka: G\u00f6mlek<br \/>\nKol Deseni: Raglan<br \/>\nBoy \/ Uzunluk: 75 CM<br \/>\nTasar\u0131m D\u00f6nemi: 25-Yaz<br \/>\nKal\u0131p: RAHAT<br \/>\nBel: Lastikli<br \/>\nDesen: D\u00fcz<br \/>\nTema: 3.NE\u015eEL\u0130<br \/>\n\u00c7izgi: GEN\u00c7<br \/>\n\u00dcr\u00fcn Lig: A Kalite<br \/>\nSezon Sat\u0131\u015f D\u00f6nemi: Yaz<br \/>\nMalzeme T\u00fcr\u00fc: Dokuma<\/p>\n","protected":false},"excerpt":{"rendered":"<p>Siyah Asimetrik Kesimli D\u00fc\u011fmeli G\u00f6mle\u011fimiz ile modern ve rahat bir stil yakalay\u0131n. ALLDAY&#8217;in G\u00f6mlek kategorisindeki di\u011fer modelleri ke\u015ffedin. K\u0131yafetinizi tamamlamak i\u00e7in hemen Siyah Asimetrik Kesimli D\u00fc\u011fmeli G\u00f6mle\u011fi ke\u015ffedin! \u2014 Teknik Detaylar \u2014 Mevsim: 25-Yaz Kuma\u015f \u0130\u00e7eri\u011fi: %100 PAMUK Kuma\u015f Grubu: Pamuk Polyester Cep Detay\u0131: Cepsiz Yaka: G\u00f6mlek Kol Deseni: Raglan Boy \/ Uzunluk: 75 CM [&hellip;]<\/p>\n","protected":false},"featured_media":0,"comment_status":"open","ping_status":"closed","template":"","meta":[],"product_brand":[],"product_cat":[1909],"product_tag":[7419,5013],"class_list":{"0":"post-24568","1":"product","2":"type-product","3":"status-publish","5":"product_cat-bluzlar-ve-gomlekler","6":"product_tag-gunluk","7":"product_tag-modern","8":"pa_brand-allday","9":"pa_color-siyah","10":"pa_size-4701","11":"pa_size-4706","12":"pa_size-4711","13":"pa_size-4713","14":"pa_size-4751","16":"first","17":"instock","18":"sale","19":"shipping-taxable","20":"purchasable","21":"product-type-variable"},"_links":{"self":[{"href":"https:\/\/mod.wisdar.net\/tr\/wp-json\/wp\/v2\/product\/24568","targetHints":{"allow":["GET"]}}],"collection":[{"href":"https:\/\/mod.wisdar.net\/tr\/wp-json\/wp\/v2\/product"}],"about":[{"href":"https:\/\/mod.wisdar.net\/tr\/wp-json\/wp\/v2\/types\/product"}],"replies":[{"embeddable":true,"href":"https:\/\/mod.wisdar.net\/tr\/wp-json\/wp\/v2\/comments?post=24568"}],"wp:attachment":[{"href":"https:\/\/mod.wisdar.net\/tr\/wp-json\/wp\/v2\/media?parent=24568"}],"wp:term":[{"taxonomy":"product_brand","embeddable":true,"href":"https:\/\/mod.wisdar.net\/tr\/wp-json\/wp\/v2\/product_brand?post=24568"},{"taxonomy":"product_cat","embeddable":true,"href":"https:\/\/mod.wisdar.net\/tr\/wp-json\/wp\/v2\/product_cat?post=24568"},{"taxonomy":"product_tag","embeddable":true,"href":"https:\/\/mod.wisdar.net\/tr\/wp-json\/wp\/v2\/product_tag?post=24568"}],"curies":[{"name":"wp","href":"https:\/\/api.w.org\/{rel}","templated":true}]}}