{"id":24601,"date":"2025-11-12T18:03:34","date_gmt":"2025-11-12T18:03:34","guid":{"rendered":"https:\/\/modesthanim.com\/product\/beyaz-asimetrik-kesimli-dugmeli-gomlek\/"},"modified":"2026-02-18T23:21:20","modified_gmt":"2026-02-18T23:21:20","slug":"beyaz-asimetrik-kesimli-dugmeli-gomlek","status":"publish","type":"product","link":"https:\/\/mod.wisdar.net\/tr\/urun\/beyaz-asimetrik-kesimli-dugmeli-gomlek\/","title":{"rendered":"Beyaz Asimetrik Kesimli D\u00fc\u011fmeli G\u00f6mlek"},"content":{"rendered":"<p>Beyaz Asimetrik Kesimli D\u00fc\u011fmeli G\u00f6mle\u011fimiz ile modern ve rahat bir stil yakalay\u0131n. ALLDAY&#8217;in G\u00f6mlek kategorisindeki di\u011fer modelleri ke\u015ffedin. K\u0131yafetinizi tamamlamak i\u00e7in \u015fimdi Beyaz Asimetrik Kesimli D\u00fc\u011fmeli G\u00f6mle\u011fi ke\u015ffedin!<\/p>\n<p>\u2014 Teknik Detaylar \u2014<br \/>\nKuma\u015f Grubu: Pamuk Polyester<br \/>\nCep Detay\u0131: Cepsiz<br \/>\nYaka: G\u00f6mlek<br \/>\nKol Tipi: Raglan<br \/>\nBoy \/ Uzunluk: 75 CM<br \/>\nTasar\u0131m D\u00f6nemi: 25-Yaz<br \/>\nKal\u0131p: RAHAT<br \/>\nBel: Lastikli<br \/>\nDesen: D\u00fcz<br \/>\nTema: 3.NE\u015eEL\u0130<br \/>\n\u00c7izgi: GEN\u00c7<br \/>\n\u00dcr\u00fcn Lig: A Kalite<br \/>\nSat\u0131\u015f Sezonu: Yaz<br \/>\nMalzeme T\u00fcr\u00fc: Dokuma<br \/>\nSezon: 25-Yaz<\/p>\n","protected":false},"excerpt":{"rendered":"<p>Beyaz Asimetrik Kesimli D\u00fc\u011fmeli G\u00f6mle\u011fimiz ile modern ve rahat bir stil yakalay\u0131n. ALLDAY&#8217;in G\u00f6mlek kategorisindeki di\u011fer modelleri ke\u015ffedin. K\u0131yafetinizi tamamlamak i\u00e7in \u015fimdi Beyaz Asimetrik Kesimli D\u00fc\u011fmeli G\u00f6mle\u011fi ke\u015ffedin! \u2014 Teknik Detaylar \u2014 Kuma\u015f Grubu: Pamuk Polyester Cep Detay\u0131: Cepsiz Yaka: G\u00f6mlek Kol Tipi: Raglan Boy \/ Uzunluk: 75 CM Tasar\u0131m D\u00f6nemi: 25-Yaz Kal\u0131p: RAHAT Bel: [&hellip;]<\/p>\n","protected":false},"featured_media":0,"comment_status":"open","ping_status":"closed","template":"","meta":[],"product_brand":[],"product_cat":[1909],"product_tag":[7294,5013,6751],"class_list":{"0":"post-24601","1":"product","2":"type-product","3":"status-publish","5":"product_cat-bluzlar-ve-gomlekler","6":"product_tag-beyaz","7":"product_tag-modern","8":"product_tag-rahat","9":"pa_brand-allday","10":"pa_color-beyaz","11":"pa_size-4701","12":"pa_size-4706","13":"pa_size-4711","14":"pa_size-4713","15":"pa_size-4751","17":"first","18":"instock","19":"sale","20":"shipping-taxable","21":"purchasable","22":"product-type-variable"},"_links":{"self":[{"href":"https:\/\/mod.wisdar.net\/tr\/wp-json\/wp\/v2\/product\/24601","targetHints":{"allow":["GET"]}}],"collection":[{"href":"https:\/\/mod.wisdar.net\/tr\/wp-json\/wp\/v2\/product"}],"about":[{"href":"https:\/\/mod.wisdar.net\/tr\/wp-json\/wp\/v2\/types\/product"}],"replies":[{"embeddable":true,"href":"https:\/\/mod.wisdar.net\/tr\/wp-json\/wp\/v2\/comments?post=24601"}],"wp:attachment":[{"href":"https:\/\/mod.wisdar.net\/tr\/wp-json\/wp\/v2\/media?parent=24601"}],"wp:term":[{"taxonomy":"product_brand","embeddable":true,"href":"https:\/\/mod.wisdar.net\/tr\/wp-json\/wp\/v2\/product_brand?post=24601"},{"taxonomy":"product_cat","embeddable":true,"href":"https:\/\/mod.wisdar.net\/tr\/wp-json\/wp\/v2\/product_cat?post=24601"},{"taxonomy":"product_tag","embeddable":true,"href":"https:\/\/mod.wisdar.net\/tr\/wp-json\/wp\/v2\/product_tag?post=24601"}],"curies":[{"name":"wp","href":"https:\/\/api.w.org\/{rel}","templated":true}]}}