{"id":24828,"date":"2025-11-12T18:17:01","date_gmt":"2025-11-12T18:17:01","guid":{"rendered":"https:\/\/modesthanim.com\/product\/ftz-kadin-ekru-31148-piar-etek-takimi\/"},"modified":"2026-04-03T18:27:41","modified_gmt":"2026-04-03T18:27:41","slug":"ftz-kadin-ekru-31148-piar-etek-takimi","status":"publish","type":"product","link":"https:\/\/mod.wisdar.net\/tr\/urun\/ftz-kadin-ekru-31148-piar-etek-takimi\/","title":{"rendered":"FTZ Kad\u0131n Ekru 31148 Piar Etek Tak\u0131m\u0131"},"content":{"rendered":"<p>\u2014 Teknik Detaylar \u2014<br \/>\nKuma\u015f T\u00fcr\u00fc: Krep Kuma\u015f<br \/>\nKal\u0131p: Normal<br \/>\nKal\u0131p \u00d6zellikleri: Normal<br \/>\nUzunluk: 65<br \/>\nDesen: D\u00fcz<br \/>\nAstar Durumu: Astars\u0131z<br \/>\nCep: Yok<br \/>\nKal\u0131nl\u0131k: \u0130nce<br \/>\nKemer Durumu: Kemerli<br \/>\nKol Tipi: Standart<br \/>\nMalzeme: Krep<br \/>\nPar\u00e7a Say\u0131s\u0131: 2<br \/>\nBeden Aral\u0131\u011f\u0131: 38\/44<\/p>\n","protected":false},"excerpt":{"rendered":"<p>\u2014 Teknik Detaylar \u2014 Kuma\u015f T\u00fcr\u00fc: Krep Kuma\u015f Kal\u0131p: Normal Kal\u0131p \u00d6zellikleri: Normal Uzunluk: 65 Desen: D\u00fcz Astar Durumu: Astars\u0131z Cep: Yok Kal\u0131nl\u0131k: \u0130nce Kemer Durumu: Kemerli Kol Tipi: Standart Malzeme: Krep Par\u00e7a Say\u0131s\u0131: 2 Beden Aral\u0131\u011f\u0131: 38\/44<\/p>\n","protected":false},"featured_media":0,"comment_status":"open","ping_status":"closed","template":"","meta":[],"product_brand":[],"product_cat":[1900],"product_tag":[6757,6908],"class_list":{"0":"post-24828","1":"product","2":"type-product","3":"status-publish","5":"product_cat-koordinatlar-setler","6":"product_tag-ekru","7":"product_tag-kadin-takim","8":"pa_brand-ftz-women","9":"pa_color-ekru","10":"pa_size-4706","11":"pa_size-4711","12":"pa_size-4713","13":"pa_size-4751","15":"first","16":"outofstock","17":"shipping-taxable","18":"product-type-variable"},"_links":{"self":[{"href":"https:\/\/mod.wisdar.net\/tr\/wp-json\/wp\/v2\/product\/24828","targetHints":{"allow":["GET"]}}],"collection":[{"href":"https:\/\/mod.wisdar.net\/tr\/wp-json\/wp\/v2\/product"}],"about":[{"href":"https:\/\/mod.wisdar.net\/tr\/wp-json\/wp\/v2\/types\/product"}],"replies":[{"embeddable":true,"href":"https:\/\/mod.wisdar.net\/tr\/wp-json\/wp\/v2\/comments?post=24828"}],"wp:attachment":[{"href":"https:\/\/mod.wisdar.net\/tr\/wp-json\/wp\/v2\/media?parent=24828"}],"wp:term":[{"taxonomy":"product_brand","embeddable":true,"href":"https:\/\/mod.wisdar.net\/tr\/wp-json\/wp\/v2\/product_brand?post=24828"},{"taxonomy":"product_cat","embeddable":true,"href":"https:\/\/mod.wisdar.net\/tr\/wp-json\/wp\/v2\/product_cat?post=24828"},{"taxonomy":"product_tag","embeddable":true,"href":"https:\/\/mod.wisdar.net\/tr\/wp-json\/wp\/v2\/product_tag?post=24828"}],"curies":[{"name":"wp","href":"https:\/\/api.w.org\/{rel}","templated":true}]}}