{"id":24898,"date":"2025-11-12T18:23:18","date_gmt":"2025-11-12T18:23:18","guid":{"rendered":"https:\/\/modesthanim.com\/product\/sal-yaka-cizgili-ceket-ve-pantolon-takimi-siyah-9259-tk\/"},"modified":"2025-12-17T12:57:09","modified_gmt":"2025-12-17T12:57:09","slug":"sal-yaka-cizgili-ceket-ve-pantolon-takimi-siyah-9259-tk","status":"publish","type":"product","link":"https:\/\/mod.wisdar.net\/tr\/urun\/sal-yaka-cizgili-ceket-ve-pantolon-takimi-siyah-9259-tk\/","title":{"rendered":"\u015eal Yaka \u00c7izgili Ceket ve Pantolon Tak\u0131m\u0131 S\u0130YAH 9259-TK"},"content":{"rendered":"<p>Kuma\u015f Bilgisi: %70 Polyester %30 Pamuk<br \/>\n\u00dcr\u00fcn Uzunlu\u011fu: Ceket 69 cm, Pantolon 108 cm<br \/>\nModel \u00d6l\u00e7\u00fcleri: Boy 1.70 m, G\u00f6\u011f\u00fcs: 80 cm, Bel: 60 cm, Kal\u00e7a: 90 cm.<br \/>\nModel \u00fczerindeki \u00fcr\u00fcn ve \u00f6l\u00e7\u00fcleri: Beden 38. G\u00f6\u011f\u00fcs: Ceket 84 cm, Bel: Ceket 84 cm, Pantolon 76 cm, Kal\u00e7a: Pantolon 90 cm.<br \/>\n\u00dcr\u00fcn Bilgisi: Astarl\u0131. Ger\u00e7ek bedene uygun. Bedenler aras\u0131 fark 4 cm.<\/p>\n<p>\u2014 Teknik Detaylar \u2014<br \/>\nKuma\u015f Bilgisi: %70 Polyester %30 Pamuk<br \/>\n\u00dcr\u00fcn Uzunlu\u011fu: Ceket 69 cm, Pantolon 108 cm<br \/>\nModel \u00d6l\u00e7\u00fcleri: Boy 1.70 m, G\u00f6\u011f\u00fcs: 80 cm, Bel: 60 cm, Kal\u00e7a: 90 cm.<br \/>\nModel \u00fczerindeki \u00fcr\u00fcn ve \u00f6l\u00e7\u00fcleri: Beden 38. G\u00f6\u011f\u00fcs: Ceket 84 cm, Bel: Ceket 84 cm, Pantolon 76 cm, Kal\u00e7a: Pantolon 90 cm.<br \/>\n\u00dcr\u00fcn Bilgisi: Astarl\u0131. Ger\u00e7ek bedene uygun. Bedenler aras\u0131 fark 4 cm.<br \/>\nMevsim Y\u0131l\u0131: 2024 KI\u015e<br \/>\nKemer Durumu: Kemerli<br \/>\nKal\u0131nl\u0131k: Kal\u0131n<br \/>\nKuma\u015f Tipi: Dokuma<br \/>\nKal\u0131p: D\u00fcz<br \/>\nYaka Tipi: \u015eal Yaka<br \/>\nMalzeme: Polyester Kar\u0131\u015f\u0131m\u0131<br \/>\nBel: Ceket 84, Pantolon 76<br \/>\nKal\u00e7a: Pantolon 90<br \/>\nG\u00f6\u011f\u00fcs: Ceket 84<br \/>\nAstar Durumu: Astarl\u0131.<\/p>\n","protected":false},"excerpt":{"rendered":"<p>Kuma\u015f Bilgisi: %70 Polyester %30 Pamuk \u00dcr\u00fcn Uzunlu\u011fu: Ceket 69 cm, Pantolon 108 cm Model \u00d6l\u00e7\u00fcleri: Boy 1.70 m, G\u00f6\u011f\u00fcs: 80 cm, Bel: 60 cm, Kal\u00e7a: 90 cm. Model \u00fczerindeki \u00fcr\u00fcn ve \u00f6l\u00e7\u00fcleri: Beden 38. G\u00f6\u011f\u00fcs: Ceket 84 cm, Bel: Ceket 84 cm, Pantolon 76 cm, Kal\u00e7a: Pantolon 90 cm. \u00dcr\u00fcn Bilgisi: Astarl\u0131. Ger\u00e7ek bedene [&hellip;]<\/p>\n","protected":false},"featured_media":25229,"comment_status":"open","ping_status":"closed","template":"","meta":[],"product_brand":[],"product_cat":[1853],"product_tag":[],"class_list":{"0":"post-24898","1":"product","2":"type-product","3":"status-publish","4":"has-post-thumbnail","6":"product_cat-womens-fashion-ar","8":"first","9":"instock","10":"shipping-taxable","11":"purchasable","12":"product-type-variable"},"_links":{"self":[{"href":"https:\/\/mod.wisdar.net\/tr\/wp-json\/wp\/v2\/product\/24898","targetHints":{"allow":["GET"]}}],"collection":[{"href":"https:\/\/mod.wisdar.net\/tr\/wp-json\/wp\/v2\/product"}],"about":[{"href":"https:\/\/mod.wisdar.net\/tr\/wp-json\/wp\/v2\/types\/product"}],"replies":[{"embeddable":true,"href":"https:\/\/mod.wisdar.net\/tr\/wp-json\/wp\/v2\/comments?post=24898"}],"wp:featuredmedia":[{"embeddable":true,"href":"https:\/\/mod.wisdar.net\/tr\/wp-json\/wp\/v2\/media\/25229"}],"wp:attachment":[{"href":"https:\/\/mod.wisdar.net\/tr\/wp-json\/wp\/v2\/media?parent=24898"}],"wp:term":[{"taxonomy":"product_brand","embeddable":true,"href":"https:\/\/mod.wisdar.net\/tr\/wp-json\/wp\/v2\/product_brand?post=24898"},{"taxonomy":"product_cat","embeddable":true,"href":"https:\/\/mod.wisdar.net\/tr\/wp-json\/wp\/v2\/product_cat?post=24898"},{"taxonomy":"product_tag","embeddable":true,"href":"https:\/\/mod.wisdar.net\/tr\/wp-json\/wp\/v2\/product_tag?post=24898"}],"curies":[{"name":"wp","href":"https:\/\/api.w.org\/{rel}","templated":true}]}}