{"id":25317,"date":"2025-11-16T17:56:22","date_gmt":"2025-11-16T17:56:22","guid":{"rendered":"https:\/\/modesthanim.com\/product\/esma-lacivert-elbise\/"},"modified":"2026-04-15T20:56:52","modified_gmt":"2026-04-15T20:56:52","slug":"esma-lacivert-elbise","status":"publish","type":"product","link":"https:\/\/mod.wisdar.net\/tr\/urun\/esma-lacivert-elbise\/","title":{"rendered":"Esma Lacivert Elbise"},"content":{"rendered":"<p>Bu elbise birinci s\u0131n\u0131f denim kuma\u015ftan \u00fcretilmi\u015ftir.<br \/>\nElbise tam boy d\u00fc\u011fmelidir.<br \/>\nD\u00fc\u011fme detaylar\u0131 ile \u015f\u0131kl\u0131k katmaktad\u0131r.<br \/>\nAyarlanabilir kemerli tasar\u0131m\u0131 bulunmaktad\u0131r.<br \/>\nElbise boyu: 130cm, Omuz: 38cm, G\u00f6\u011f\u00fcs: 50cm<\/p>\n","protected":false},"excerpt":{"rendered":"<p>Bu elbise birinci s\u0131n\u0131f denim kuma\u015ftan \u00fcretilmi\u015ftir. Elbise tam boy d\u00fc\u011fmelidir. D\u00fc\u011fme detaylar\u0131 ile \u015f\u0131kl\u0131k katmaktad\u0131r. Ayarlanabilir kemerli tasar\u0131m\u0131 bulunmaktad\u0131r. Elbise boyu: 130cm, Omuz: 38cm, G\u00f6\u011f\u00fcs: 50cm<\/p>\n","protected":false},"featured_media":40621,"comment_status":"open","ping_status":"closed","template":"","meta":[],"product_brand":[],"product_cat":[6249,1933],"product_tag":[],"class_list":{"0":"post-25317","1":"product","2":"type-product","3":"status-publish","4":"has-post-thumbnail","6":"product_cat-elbiseler","7":"product_cat-gunluk-ve-gunduz-elbiseleri","8":"pa_brand-butikkolik","9":"pa_color-bordo","10":"pa_color-haki","11":"pa_color-lacivert","12":"pa_color-siyah","13":"pa_size-4706","14":"pa_size-4711","15":"pa_size-4713","16":"pa_size-4751","17":"pa_size-4749","19":"first","20":"outofstock","21":"shipping-taxable","22":"product-type-variable"},"_links":{"self":[{"href":"https:\/\/mod.wisdar.net\/tr\/wp-json\/wp\/v2\/product\/25317","targetHints":{"allow":["GET"]}}],"collection":[{"href":"https:\/\/mod.wisdar.net\/tr\/wp-json\/wp\/v2\/product"}],"about":[{"href":"https:\/\/mod.wisdar.net\/tr\/wp-json\/wp\/v2\/types\/product"}],"replies":[{"embeddable":true,"href":"https:\/\/mod.wisdar.net\/tr\/wp-json\/wp\/v2\/comments?post=25317"}],"wp:featuredmedia":[{"embeddable":true,"href":"https:\/\/mod.wisdar.net\/tr\/wp-json\/wp\/v2\/media\/40621"}],"wp:attachment":[{"href":"https:\/\/mod.wisdar.net\/tr\/wp-json\/wp\/v2\/media?parent=25317"}],"wp:term":[{"taxonomy":"product_brand","embeddable":true,"href":"https:\/\/mod.wisdar.net\/tr\/wp-json\/wp\/v2\/product_brand?post=25317"},{"taxonomy":"product_cat","embeddable":true,"href":"https:\/\/mod.wisdar.net\/tr\/wp-json\/wp\/v2\/product_cat?post=25317"},{"taxonomy":"product_tag","embeddable":true,"href":"https:\/\/mod.wisdar.net\/tr\/wp-json\/wp\/v2\/product_tag?post=25317"}],"curies":[{"name":"wp","href":"https:\/\/api.w.org\/{rel}","templated":true}]}}