{"id":25866,"date":"2025-11-18T18:01:31","date_gmt":"2025-11-18T18:01:31","guid":{"rendered":"https:\/\/modesthanim.com\/product\/fermuar-detayli-bomber-lacivert-ceket\/"},"modified":"2026-01-15T08:04:24","modified_gmt":"2026-01-15T08:04:24","slug":"fermuar-detayli-bomber-lacivert-ceket","status":"publish","type":"product","link":"https:\/\/mod.wisdar.net\/tr\/urun\/fermuar-detayli-bomber-lacivert-ceket\/","title":{"rendered":"Fermuar Detayl\u0131 Bomber Lacivert Ceket"},"content":{"rendered":"<p>Fermuar Detayl\u0131 Bomber Ceket \u00d6zellikleri<br \/>\n\u00d6nden fermuar kapamal\u0131, yanlardan cepli, astars\u0131z kompakt pamuk kuma\u015ftan \u00fcretilmi\u015f ceket.<br \/>\n%90 Pamuk %10 Viskon<br \/>\nMaksimum 30 derecede y\u0131kama yap\u0131n\u0131z. D\u00fc\u015f\u00fck s\u0131cakl\u0131kta \u00fct\u00fcleyiniz.<\/p>\n","protected":false},"excerpt":{"rendered":"<p>Fermuar Detayl\u0131 Bomber Ceket \u00d6zellikleri \u00d6nden fermuar kapamal\u0131, yanlardan cepli, astars\u0131z kompakt pamuk kuma\u015ftan \u00fcretilmi\u015f ceket. %90 Pamuk %10 Viskon Maksimum 30 derecede y\u0131kama yap\u0131n\u0131z. D\u00fc\u015f\u00fck s\u0131cakl\u0131kta \u00fct\u00fcleyiniz.<\/p>\n","protected":false},"featured_media":0,"comment_status":"open","ping_status":"closed","template":"","meta":[],"product_brand":[],"product_cat":[2044],"product_tag":[],"class_list":{"0":"post-25866","1":"product","2":"type-product","3":"status-publish","5":"product_cat-ceketler","6":"pa_brand-hooopstore","7":"pa_color-lacivert","8":"pa_size-m-l","9":"pa_size-s-m","11":"first","12":"instock","13":"sale","14":"shipping-taxable","15":"purchasable","16":"product-type-variable"},"_links":{"self":[{"href":"https:\/\/mod.wisdar.net\/tr\/wp-json\/wp\/v2\/product\/25866","targetHints":{"allow":["GET"]}}],"collection":[{"href":"https:\/\/mod.wisdar.net\/tr\/wp-json\/wp\/v2\/product"}],"about":[{"href":"https:\/\/mod.wisdar.net\/tr\/wp-json\/wp\/v2\/types\/product"}],"replies":[{"embeddable":true,"href":"https:\/\/mod.wisdar.net\/tr\/wp-json\/wp\/v2\/comments?post=25866"}],"wp:attachment":[{"href":"https:\/\/mod.wisdar.net\/tr\/wp-json\/wp\/v2\/media?parent=25866"}],"wp:term":[{"taxonomy":"product_brand","embeddable":true,"href":"https:\/\/mod.wisdar.net\/tr\/wp-json\/wp\/v2\/product_brand?post=25866"},{"taxonomy":"product_cat","embeddable":true,"href":"https:\/\/mod.wisdar.net\/tr\/wp-json\/wp\/v2\/product_cat?post=25866"},{"taxonomy":"product_tag","embeddable":true,"href":"https:\/\/mod.wisdar.net\/tr\/wp-json\/wp\/v2\/product_tag?post=25866"}],"curies":[{"name":"wp","href":"https:\/\/api.w.org\/{rel}","templated":true}]}}