{"id":25948,"date":"2025-11-18T18:03:06","date_gmt":"2025-11-18T18:03:06","guid":{"rendered":"https:\/\/modesthanim.com\/product\/premium-kemerli-blazer-lacivert-ceket\/"},"modified":"2026-01-15T08:07:33","modified_gmt":"2026-01-15T08:07:33","slug":"premium-kemerli-blazer-lacivert-ceket","status":"publish","type":"product","link":"https:\/\/mod.wisdar.net\/tr\/urun\/premium-kemerli-blazer-lacivert-ceket\/","title":{"rendered":"Premium Kemerli Blazer Lacivert Ceket"},"content":{"rendered":"<p>Premium Kemerli Blazer Ceket \u00d6zellikleri<br \/>\nPremium dokuma kuma\u015ftan \u00f6nden gizli d\u00fc\u011fme kapamal\u0131, ceket yakal\u0131, \u00f6nden fileto s\u00fcs cepli, kendi kuma\u015ftan D toka aksesuarl\u0131, rahat kal\u0131p astarl\u0131 blazer ceket.<br \/>\n%64 Polyester %32 Viskon %4 Elastan<br \/>\nYaln\u0131zca kuru temizleme yap\u0131n\u0131z.<\/p>\n","protected":false},"excerpt":{"rendered":"<p>Premium Kemerli Blazer Ceket \u00d6zellikleri Premium dokuma kuma\u015ftan \u00f6nden gizli d\u00fc\u011fme kapamal\u0131, ceket yakal\u0131, \u00f6nden fileto s\u00fcs cepli, kendi kuma\u015ftan D toka aksesuarl\u0131, rahat kal\u0131p astarl\u0131 blazer ceket. %64 Polyester %32 Viskon %4 Elastan Yaln\u0131zca kuru temizleme yap\u0131n\u0131z.<\/p>\n","protected":false},"featured_media":0,"comment_status":"open","ping_status":"closed","template":"","meta":[],"product_brand":[],"product_cat":[2050],"product_tag":[],"class_list":{"0":"post-25948","1":"product","2":"type-product","3":"status-publish","5":"product_cat-blazer-ceketler","6":"pa_brand-hooopstore","7":"pa_color-lacivert","8":"pa_size-l-xl-2","9":"pa_size-s-m","11":"first","12":"instock","13":"sale","14":"shipping-taxable","15":"purchasable","16":"product-type-variable"},"_links":{"self":[{"href":"https:\/\/mod.wisdar.net\/tr\/wp-json\/wp\/v2\/product\/25948","targetHints":{"allow":["GET"]}}],"collection":[{"href":"https:\/\/mod.wisdar.net\/tr\/wp-json\/wp\/v2\/product"}],"about":[{"href":"https:\/\/mod.wisdar.net\/tr\/wp-json\/wp\/v2\/types\/product"}],"replies":[{"embeddable":true,"href":"https:\/\/mod.wisdar.net\/tr\/wp-json\/wp\/v2\/comments?post=25948"}],"wp:attachment":[{"href":"https:\/\/mod.wisdar.net\/tr\/wp-json\/wp\/v2\/media?parent=25948"}],"wp:term":[{"taxonomy":"product_brand","embeddable":true,"href":"https:\/\/mod.wisdar.net\/tr\/wp-json\/wp\/v2\/product_brand?post=25948"},{"taxonomy":"product_cat","embeddable":true,"href":"https:\/\/mod.wisdar.net\/tr\/wp-json\/wp\/v2\/product_cat?post=25948"},{"taxonomy":"product_tag","embeddable":true,"href":"https:\/\/mod.wisdar.net\/tr\/wp-json\/wp\/v2\/product_tag?post=25948"}],"curies":[{"name":"wp","href":"https:\/\/api.w.org\/{rel}","templated":true}]}}