{"id":26018,"date":"2025-11-18T18:04:52","date_gmt":"2025-11-18T18:04:52","guid":{"rendered":"https:\/\/modesthanim.com\/product\/andera-deri-kemer-detayli-siyah-ceket\/"},"modified":"2026-04-03T12:42:38","modified_gmt":"2026-04-03T12:42:38","slug":"andera-deri-kemer-detayli-siyah-ceket","status":"publish","type":"product","link":"https:\/\/mod.wisdar.net\/tr\/urun\/andera-deri-kemer-detayli-siyah-ceket\/","title":{"rendered":"Andera Deri Kemer Detayl\u0131 Siyah Ceket"},"content":{"rendered":"<p>ANDERA DER\u0130 KEMER DETAYLI S\u0130YAH CEKET \u00d6ZELL\u0130KLER\u0130<br \/>\nPunto diki\u015fli, kimono yakal\u0131, \u00f6nden cepli, vatkal\u0131, k\u00f6pr\u00fcl\u00fc ve seyyar deri kemerli, astarl\u0131 ceket.<br \/>\nKuma\u015f \u0130\u00e7eri\u011fi ve Y\u0131kama Talimat:<br \/>\n%95 Pes %5 Lyc<br \/>\nKuru temizleme yap\u0131n\u0131z.<br \/>\nManken \u00dcr\u00fcn Bedeni: S-M<br \/>\nManken \u00d6l\u00e7\u00fcleri: Boy: 1.72 cm, G\u00f6\u011f\u00fcs: 80 cm, Bel: 60 cm, Basen: 90 cm<\/p>\n","protected":false},"excerpt":{"rendered":"<p>ANDERA DER\u0130 KEMER DETAYLI S\u0130YAH CEKET \u00d6ZELL\u0130KLER\u0130 Punto diki\u015fli, kimono yakal\u0131, \u00f6nden cepli, vatkal\u0131, k\u00f6pr\u00fcl\u00fc ve seyyar deri kemerli, astarl\u0131 ceket. Kuma\u015f \u0130\u00e7eri\u011fi ve Y\u0131kama Talimat: %95 Pes %5 Lyc Kuru temizleme yap\u0131n\u0131z. Manken \u00dcr\u00fcn Bedeni: S-M Manken \u00d6l\u00e7\u00fcleri: Boy: 1.72 cm, G\u00f6\u011f\u00fcs: 80 cm, Bel: 60 cm, Basen: 90 cm<\/p>\n","protected":false},"featured_media":25999,"comment_status":"open","ping_status":"closed","template":"","meta":[],"product_brand":[],"product_cat":[2044],"product_tag":[7928],"class_list":{"0":"post-26018","1":"product","2":"type-product","3":"status-publish","4":"has-post-thumbnail","6":"product_cat-ceketler","7":"product_tag-moda-dis-giyim","8":"pa_brand-hooopstore","9":"pa_color-siyah","10":"pa_size-l-xl-2","11":"pa_size-s-m","13":"first","14":"instock","15":"sale","16":"shipping-taxable","17":"purchasable","18":"product-type-variable"},"_links":{"self":[{"href":"https:\/\/mod.wisdar.net\/tr\/wp-json\/wp\/v2\/product\/26018","targetHints":{"allow":["GET"]}}],"collection":[{"href":"https:\/\/mod.wisdar.net\/tr\/wp-json\/wp\/v2\/product"}],"about":[{"href":"https:\/\/mod.wisdar.net\/tr\/wp-json\/wp\/v2\/types\/product"}],"replies":[{"embeddable":true,"href":"https:\/\/mod.wisdar.net\/tr\/wp-json\/wp\/v2\/comments?post=26018"}],"wp:featuredmedia":[{"embeddable":true,"href":"https:\/\/mod.wisdar.net\/tr\/wp-json\/wp\/v2\/media\/25999"}],"wp:attachment":[{"href":"https:\/\/mod.wisdar.net\/tr\/wp-json\/wp\/v2\/media?parent=26018"}],"wp:term":[{"taxonomy":"product_brand","embeddable":true,"href":"https:\/\/mod.wisdar.net\/tr\/wp-json\/wp\/v2\/product_brand?post=26018"},{"taxonomy":"product_cat","embeddable":true,"href":"https:\/\/mod.wisdar.net\/tr\/wp-json\/wp\/v2\/product_cat?post=26018"},{"taxonomy":"product_tag","embeddable":true,"href":"https:\/\/mod.wisdar.net\/tr\/wp-json\/wp\/v2\/product_tag?post=26018"}],"curies":[{"name":"wp","href":"https:\/\/api.w.org\/{rel}","templated":true}]}}