{"id":26050,"date":"2025-11-18T18:05:30","date_gmt":"2025-11-18T18:05:30","guid":{"rendered":"https:\/\/modesthanim.com\/product\/lyocell-cupra-blazer-siyah-ceket\/"},"modified":"2026-04-10T13:02:01","modified_gmt":"2026-04-10T13:02:01","slug":"lyocell-cupra-blazer-siyah-ceket","status":"publish","type":"product","link":"https:\/\/mod.wisdar.net\/tr\/urun\/lyocell-cupra-blazer-siyah-ceket\/","title":{"rendered":"Lyocell Cupra Blazer Siyah Ceket"},"content":{"rendered":"<p>LYOCELL CUPRA BLAZER S\u0130YAH CEKET \u00d6ZELL\u0130KLER\u0130Premium tensel kuma\u015ftan \u00fcretilmi\u015f, \u00f6nden tek d\u00fc\u011fme kapamal\u0131, kruvaze yaka, \u00f6n cepleri diki\u015fli cep torbas\u0131na sahip iste\u011fe ba\u011fl\u0131 dikkatlice a\u00e7arak aktif hale kullanabilirsiniz, temiz diki\u015fli, oversize kal\u0131p, astars\u0131z blazer ceket.Kuma\u015f \u0130\u00e7eri\u011fi ve Y\u0131kama Talimat:%85 Liyosel %15 Pes30 derecede k\u0131sa programda makinede y\u0131kay\u0131n\u0131z, hassas y\u0131kama yap\u0131n\u0131z. Tersten y\u0131kay\u0131n\u0131z. A\u011fart\u0131c\u0131 kullanmay\u0131n\u0131z. D\u00fc\u015f\u00fck \u0131s\u0131da \u00fct\u00fcleyiniz.Manken \u00dcr\u00fcn Bedeni: S-MManken \u00d6l\u00e7\u00fcleri:Boy: 1.77 cm, G\u00f6\u011f\u00fcs: 80 cm, Bel: 60 cm, Basen: 89 cm<\/p>\n<p>\u2014 Technical Details \u2014<br \/>\nwashing_instructions: 30 derecede k\u0131sa programda makinede y\u0131kay\u0131n\u0131z, hassas y\u0131kama yap\u0131n\u0131z. Tersten y\u0131kay\u0131n\u0131z. A\u011fart\u0131c\u0131 kullanmay\u0131n\u0131z. D\u00fc\u015f\u00fck \u0131s\u0131da \u00fct\u00fcleyiniz.<br \/>\nmodel_measurements: Boy: 1.77 cm, G\u00f6\u011f\u00fcs: 80 cm, Bel: 60 cm, Basen: 89 cm<\/p>\n","protected":false},"excerpt":{"rendered":"<p>LYOCELL CUPRA BLAZER S\u0130YAH CEKET \u00d6ZELL\u0130KLER\u0130Premium tensel kuma\u015ftan \u00fcretilmi\u015f, \u00f6nden tek d\u00fc\u011fme kapamal\u0131, kruvaze yaka, \u00f6n cepleri diki\u015fli cep torbas\u0131na sahip iste\u011fe ba\u011fl\u0131 dikkatlice a\u00e7arak aktif hale kullanabilirsiniz, temiz diki\u015fli, oversize kal\u0131p, astars\u0131z blazer ceket.Kuma\u015f \u0130\u00e7eri\u011fi ve Y\u0131kama Talimat:%85 Liyosel %15 Pes30 derecede k\u0131sa programda makinede y\u0131kay\u0131n\u0131z, hassas y\u0131kama yap\u0131n\u0131z. Tersten y\u0131kay\u0131n\u0131z. A\u011fart\u0131c\u0131 kullanmay\u0131n\u0131z. D\u00fc\u015f\u00fck [&hellip;]<\/p>\n","protected":false},"featured_media":0,"comment_status":"open","ping_status":"closed","template":"","meta":[],"product_brand":[],"product_cat":[2050],"product_tag":[7943,8178,7327,7074],"class_list":{"0":"post-26050","1":"product","2":"type-product","3":"status-publish","5":"product_cat-blazer-ceketler","6":"product_tag-blazer","7":"product_tag-capraz-yaka-2","8":"product_tag-oversize","9":"product_tag-siyah","10":"pa_brand-hooopstore","11":"pa_color-siyah","12":"pa_size-l-xl-2","13":"pa_size-s-m","15":"first","16":"instock","17":"sale","18":"shipping-taxable","19":"purchasable","20":"product-type-variable"},"_links":{"self":[{"href":"https:\/\/mod.wisdar.net\/tr\/wp-json\/wp\/v2\/product\/26050","targetHints":{"allow":["GET"]}}],"collection":[{"href":"https:\/\/mod.wisdar.net\/tr\/wp-json\/wp\/v2\/product"}],"about":[{"href":"https:\/\/mod.wisdar.net\/tr\/wp-json\/wp\/v2\/types\/product"}],"replies":[{"embeddable":true,"href":"https:\/\/mod.wisdar.net\/tr\/wp-json\/wp\/v2\/comments?post=26050"}],"wp:attachment":[{"href":"https:\/\/mod.wisdar.net\/tr\/wp-json\/wp\/v2\/media?parent=26050"}],"wp:term":[{"taxonomy":"product_brand","embeddable":true,"href":"https:\/\/mod.wisdar.net\/tr\/wp-json\/wp\/v2\/product_brand?post=26050"},{"taxonomy":"product_cat","embeddable":true,"href":"https:\/\/mod.wisdar.net\/tr\/wp-json\/wp\/v2\/product_cat?post=26050"},{"taxonomy":"product_tag","embeddable":true,"href":"https:\/\/mod.wisdar.net\/tr\/wp-json\/wp\/v2\/product_tag?post=26050"}],"curies":[{"name":"wp","href":"https:\/\/api.w.org\/{rel}","templated":true}]}}