{"id":26120,"date":"2025-11-18T18:06:47","date_gmt":"2025-11-18T18:06:47","guid":{"rendered":"https:\/\/modesthanim.com\/product\/yakali-denim-antrasit-ceket\/"},"modified":"2026-04-02T20:20:39","modified_gmt":"2026-04-02T20:20:39","slug":"yakali-denim-antrasit-ceket","status":"publish","type":"product","link":"https:\/\/mod.wisdar.net\/tr\/urun\/yakali-denim-antrasit-ceket\/","title":{"rendered":"Yakal\u0131 Denim Antrasit Ceket"},"content":{"rendered":"<p>YAKALI DEN\u0130M ANTRAS\u0130T CEKET \u00d6ZELL\u0130KLER\u0130 Denim pamuklu kuma\u015ftan \u00fcretilmi\u015f, \u00f6nden metal d\u00fc\u011fmeli, sabit yaka detayl\u0131, kollar\u0131 pilika\u015fe detayl\u0131, tam kal\u0131p yakal\u0131 denim ceket. \u0130\u00c7ER\u0130\u011e\u0130 VE YIKANMASI %100 Cotton Kuru temizleme \u00f6nerilir. El ile \u00f6l\u00e7\u00fcmlerde 2-3 cm farkl\u0131l\u0131k g\u00f6sterebilir. Manken Bedeni: Small Manken \u00d6l\u00e7\u00fcs\u00fc: Boy: 1.74 cm, G\u00f6\u011f\u00fcs: 78 cm, Bel: 58 cm, Basen: 87 cm<\/p>\n","protected":false},"excerpt":{"rendered":"<p>YAKALI DEN\u0130M ANTRAS\u0130T CEKET \u00d6ZELL\u0130KLER\u0130 Denim pamuklu kuma\u015ftan \u00fcretilmi\u015f, \u00f6nden metal d\u00fc\u011fmeli, sabit yaka detayl\u0131, kollar\u0131 pilika\u015fe detayl\u0131, tam kal\u0131p yakal\u0131 denim ceket. \u0130\u00c7ER\u0130\u011e\u0130 VE YIKANMASI %100 Cotton Kuru temizleme \u00f6nerilir. El ile \u00f6l\u00e7\u00fcmlerde 2-3 cm farkl\u0131l\u0131k g\u00f6sterebilir. Manken Bedeni: Small Manken \u00d6l\u00e7\u00fcs\u00fc: Boy: 1.74 cm, G\u00f6\u011f\u00fcs: 78 cm, Bel: 58 cm, Basen: 87 cm<\/p>\n","protected":false},"featured_media":26088,"comment_status":"open","ping_status":"closed","template":"","meta":[],"product_brand":[],"product_cat":[2044],"product_tag":[6777,7844,7488],"class_list":{"0":"post-26120","1":"product","2":"type-product","3":"status-publish","4":"has-post-thumbnail","6":"product_cat-ceketler","7":"product_tag-antrasit","8":"product_tag-denim","9":"product_tag-pamuk","10":"pa_brand-hooopstore","11":"pa_color-antrasit","12":"pa_size-large","13":"pa_size-medium","14":"pa_size-small","16":"first","17":"outofstock","18":"shipping-taxable","19":"product-type-variable"},"_links":{"self":[{"href":"https:\/\/mod.wisdar.net\/tr\/wp-json\/wp\/v2\/product\/26120","targetHints":{"allow":["GET"]}}],"collection":[{"href":"https:\/\/mod.wisdar.net\/tr\/wp-json\/wp\/v2\/product"}],"about":[{"href":"https:\/\/mod.wisdar.net\/tr\/wp-json\/wp\/v2\/types\/product"}],"replies":[{"embeddable":true,"href":"https:\/\/mod.wisdar.net\/tr\/wp-json\/wp\/v2\/comments?post=26120"}],"wp:featuredmedia":[{"embeddable":true,"href":"https:\/\/mod.wisdar.net\/tr\/wp-json\/wp\/v2\/media\/26088"}],"wp:attachment":[{"href":"https:\/\/mod.wisdar.net\/tr\/wp-json\/wp\/v2\/media?parent=26120"}],"wp:term":[{"taxonomy":"product_brand","embeddable":true,"href":"https:\/\/mod.wisdar.net\/tr\/wp-json\/wp\/v2\/product_brand?post=26120"},{"taxonomy":"product_cat","embeddable":true,"href":"https:\/\/mod.wisdar.net\/tr\/wp-json\/wp\/v2\/product_cat?post=26120"},{"taxonomy":"product_tag","embeddable":true,"href":"https:\/\/mod.wisdar.net\/tr\/wp-json\/wp\/v2\/product_tag?post=26120"}],"curies":[{"name":"wp","href":"https:\/\/api.w.org\/{rel}","templated":true}]}}