{"id":26160,"date":"2025-11-18T19:53:58","date_gmt":"2025-11-18T19:53:58","guid":{"rendered":"https:\/\/modesthanim.com\/product\/garni-detayli-ekose-poliviscon-blazer-bordo-ceket\/"},"modified":"2026-02-09T10:07:50","modified_gmt":"2026-02-09T10:07:50","slug":"garni-detayli-ekose-poliviscon-blazer-bordo-ceket","status":"publish","type":"product","link":"https:\/\/mod.wisdar.net\/tr\/urun\/garni-detayli-ekose-poliviscon-blazer-bordo-ceket\/","title":{"rendered":"Garni Detayl\u0131 Ekose Poliviscon Blazer Bordo Ceket"},"content":{"rendered":"<p>GARN\u0130 DETAYLI EKOSE POL\u0130V\u0130SCON BLAZER BORDO CEKET \u00d6ZELL\u0130KLER\u0130 Ceket yaka ve \u00f6n s\u00fcs cep deri garnili, \u00f6nden d\u00fc\u011fmeli, vatkal\u0131, kapakl\u0131 fileto cepli, diki\u015fli cep torbas\u0131na sahip iste\u011fe ba\u011fl\u0131 dikkatlice a\u00e7arak aktif hale kullanabilirsiniz, kemer aksesuarl\u0131, arkada y\u0131rtma\u00e7 detayl\u0131, kollar\u0131 s\u00fcs d\u00fc\u011fmeli, rahat kal\u0131p, astarl\u0131 garni detayl\u0131 ekose poliviscon blazer ceket. \u0130\u00c7ER\u0130\u011e\u0130 VE YIKANMASI %34 Cv %3 El %63 Pes Kuru temizleme yap\u0131n\u0131z. El ile \u00f6l\u00e7\u00fcmlerde 2-3 cm farkl\u0131l\u0131k g\u00f6sterebilir.Manken Bedeni: SM Manken \u00d6l\u00e7\u00fcs\u00fc: Boy: 1.74 cm, G\u00f6\u011f\u00fcs: 78 cm, Bel: 58 cm, Basen: 87 cm<\/p>\n","protected":false},"excerpt":{"rendered":"<p>GARN\u0130 DETAYLI EKOSE POL\u0130V\u0130SCON BLAZER BORDO CEKET \u00d6ZELL\u0130KLER\u0130 Ceket yaka ve \u00f6n s\u00fcs cep deri garnili, \u00f6nden d\u00fc\u011fmeli, vatkal\u0131, kapakl\u0131 fileto cepli, diki\u015fli cep torbas\u0131na sahip iste\u011fe ba\u011fl\u0131 dikkatlice a\u00e7arak aktif hale kullanabilirsiniz, kemer aksesuarl\u0131, arkada y\u0131rtma\u00e7 detayl\u0131, kollar\u0131 s\u00fcs d\u00fc\u011fmeli, rahat kal\u0131p, astarl\u0131 garni detayl\u0131 ekose poliviscon blazer ceket. \u0130\u00c7ER\u0130\u011e\u0130 VE YIKANMASI %34 Cv [&hellip;]<\/p>\n","protected":false},"featured_media":26150,"comment_status":"open","ping_status":"closed","template":"","meta":[],"product_brand":[],"product_cat":[2050],"product_tag":[7943,7150,6922,8014],"class_list":{"0":"post-26160","1":"product","2":"type-product","3":"status-publish","4":"has-post-thumbnail","6":"product_cat-blazer-ceketler","7":"product_tag-blazer","8":"product_tag-bordo","9":"product_tag-ekose","10":"product_tag-poliviskoz","11":"pa_brand-hooopstore","12":"pa_color-bordo","13":"pa_size-l-xl-2","14":"pa_size-s-m","16":"first","17":"instock","18":"sale","19":"shipping-taxable","20":"purchasable","21":"product-type-variable"},"_links":{"self":[{"href":"https:\/\/mod.wisdar.net\/tr\/wp-json\/wp\/v2\/product\/26160","targetHints":{"allow":["GET"]}}],"collection":[{"href":"https:\/\/mod.wisdar.net\/tr\/wp-json\/wp\/v2\/product"}],"about":[{"href":"https:\/\/mod.wisdar.net\/tr\/wp-json\/wp\/v2\/types\/product"}],"replies":[{"embeddable":true,"href":"https:\/\/mod.wisdar.net\/tr\/wp-json\/wp\/v2\/comments?post=26160"}],"wp:featuredmedia":[{"embeddable":true,"href":"https:\/\/mod.wisdar.net\/tr\/wp-json\/wp\/v2\/media\/26150"}],"wp:attachment":[{"href":"https:\/\/mod.wisdar.net\/tr\/wp-json\/wp\/v2\/media?parent=26160"}],"wp:term":[{"taxonomy":"product_brand","embeddable":true,"href":"https:\/\/mod.wisdar.net\/tr\/wp-json\/wp\/v2\/product_brand?post=26160"},{"taxonomy":"product_cat","embeddable":true,"href":"https:\/\/mod.wisdar.net\/tr\/wp-json\/wp\/v2\/product_cat?post=26160"},{"taxonomy":"product_tag","embeddable":true,"href":"https:\/\/mod.wisdar.net\/tr\/wp-json\/wp\/v2\/product_tag?post=26160"}],"curies":[{"name":"wp","href":"https:\/\/api.w.org\/{rel}","templated":true}]}}