{"id":26314,"date":"2025-11-18T20:07:24","date_gmt":"2025-11-18T20:07:24","guid":{"rendered":"https:\/\/modesthanim.com\/product\/kruvaze-kapamali-kase-blazer-siyah-ceket\/"},"modified":"2026-01-15T08:10:32","modified_gmt":"2026-01-15T08:10:32","slug":"kruvaze-kapamali-kase-blazer-siyah-ceket","status":"publish","type":"product","link":"https:\/\/mod.wisdar.net\/tr\/urun\/kruvaze-kapamali-kase-blazer-siyah-ceket\/","title":{"rendered":"Kruvaze Kapamal\u0131 Ka\u015fe Blazer Siyah Ceket"},"content":{"rendered":"<p>KRUVAZE KAPAMALI KA\u015eE BLAZER CEKET \u00d6ZELL\u0130KLER\u0130 Kruvaze yaka, d\u00fc\u011fmeli, \u00f6n cepleri diki\u015fli cep torbas\u0131na sahip iste\u011fe ba\u011fl\u0131 dikkatlice a\u00e7arak aktif hale kullanabilirsiniz, kendi kuma\u015f\u0131ndan ku\u015fakl\u0131, normal kal\u0131p, astarl\u0131 kruvaze kapamal\u0131 ka\u015fe blazer ceket. \u0130\u00c7ER\u0130\u011e\u0130 VE YIKANMASI %100 Pes Kuru temizleme \u00f6nerilir. El ile \u00f6l\u00e7\u00fcmlerde 2-3 cm farkl\u0131l\u0131k g\u00f6sterebilir. Manken Bedeni: S-M Manken \u00d6l\u00e7\u00fcleri: Boy: 1.76 cm, G\u00f6\u011f\u00fcs: 79 cm, Bel: 64 cm, Basen: 92 cm<\/p>\n","protected":false},"excerpt":{"rendered":"<p>KRUVAZE KAPAMALI KA\u015eE BLAZER CEKET \u00d6ZELL\u0130KLER\u0130 Kruvaze yaka, d\u00fc\u011fmeli, \u00f6n cepleri diki\u015fli cep torbas\u0131na sahip iste\u011fe ba\u011fl\u0131 dikkatlice a\u00e7arak aktif hale kullanabilirsiniz, kendi kuma\u015f\u0131ndan ku\u015fakl\u0131, normal kal\u0131p, astarl\u0131 kruvaze kapamal\u0131 ka\u015fe blazer ceket. \u0130\u00c7ER\u0130\u011e\u0130 VE YIKANMASI %100 Pes Kuru temizleme \u00f6nerilir. El ile \u00f6l\u00e7\u00fcmlerde 2-3 cm farkl\u0131l\u0131k g\u00f6sterebilir. Manken Bedeni: S-M Manken \u00d6l\u00e7\u00fcleri: Boy: 1.76 [&hellip;]<\/p>\n","protected":false},"featured_media":0,"comment_status":"open","ping_status":"closed","template":"","meta":[],"product_brand":[],"product_cat":[2050],"product_tag":[7943,8173,7959],"class_list":{"0":"post-26314","1":"product","2":"type-product","3":"status-publish","5":"product_cat-blazer-ceketler","6":"product_tag-blazer","7":"product_tag-kasmir","8":"product_tag-resmi-giyim","9":"pa_brand-hooopstore","10":"pa_color-siyah","11":"pa_size-l-xl-2","12":"pa_size-s-m","14":"first","15":"instock","16":"sale","17":"shipping-taxable","18":"purchasable","19":"product-type-variable"},"_links":{"self":[{"href":"https:\/\/mod.wisdar.net\/tr\/wp-json\/wp\/v2\/product\/26314","targetHints":{"allow":["GET"]}}],"collection":[{"href":"https:\/\/mod.wisdar.net\/tr\/wp-json\/wp\/v2\/product"}],"about":[{"href":"https:\/\/mod.wisdar.net\/tr\/wp-json\/wp\/v2\/types\/product"}],"replies":[{"embeddable":true,"href":"https:\/\/mod.wisdar.net\/tr\/wp-json\/wp\/v2\/comments?post=26314"}],"wp:attachment":[{"href":"https:\/\/mod.wisdar.net\/tr\/wp-json\/wp\/v2\/media?parent=26314"}],"wp:term":[{"taxonomy":"product_brand","embeddable":true,"href":"https:\/\/mod.wisdar.net\/tr\/wp-json\/wp\/v2\/product_brand?post=26314"},{"taxonomy":"product_cat","embeddable":true,"href":"https:\/\/mod.wisdar.net\/tr\/wp-json\/wp\/v2\/product_cat?post=26314"},{"taxonomy":"product_tag","embeddable":true,"href":"https:\/\/mod.wisdar.net\/tr\/wp-json\/wp\/v2\/product_tag?post=26314"}],"curies":[{"name":"wp","href":"https:\/\/api.w.org\/{rel}","templated":true}]}}