{"id":26371,"date":"2025-11-18T20:15:30","date_gmt":"2025-11-18T20:15:30","guid":{"rendered":"https:\/\/modesthanim.com\/product\/kisa-suni-kurk-antrasit-ceket\/"},"modified":"2026-04-02T20:28:03","modified_gmt":"2026-04-02T20:28:03","slug":"kisa-suni-kurk-antrasit-ceket","status":"publish","type":"product","link":"https:\/\/mod.wisdar.net\/tr\/urun\/kisa-suni-kurk-antrasit-ceket\/","title":{"rendered":"K\u0131sa Suni K\u00fcrk Antrasit Ceket"},"content":{"rendered":"<p>KISA SUN\u0130 K\u00dcRK ANTRAS\u0130T CEKET \u00d6ZELL\u0130KLER\u0130<br \/>\nBisiklet yakal\u0131, agraf kapamal\u0131, yumu\u015fak dokulu, normal kal\u0131p, astarl\u0131 k\u0131sa suni k\u00fcrk ceket.<br \/>\n\u0130\u00c7ER\u0130\u011e\u0130 VE YIKANMASI<br \/>\n%100 Pes<br \/>\nKuru temizleme \u00f6nerilir.<br \/>\nEl ile \u00f6l\u00e7\u00fcmlerde 2-3 cm farkl\u0131l\u0131k g\u00f6sterebilir.<br \/>\nManken Bedeni: S-M<br \/>\nManken \u00d6l\u00e7\u00fcs\u00fc: Boy: 1.78 cm, G\u00f6\u011f\u00fcs: 90 cm, Bel: 62 cm, Basen: 92 cm<\/p>\n","protected":false},"excerpt":{"rendered":"<p>KISA SUN\u0130 K\u00dcRK ANTRAS\u0130T CEKET \u00d6ZELL\u0130KLER\u0130 Bisiklet yakal\u0131, agraf kapamal\u0131, yumu\u015fak dokulu, normal kal\u0131p, astarl\u0131 k\u0131sa suni k\u00fcrk ceket. \u0130\u00c7ER\u0130\u011e\u0130 VE YIKANMASI %100 Pes Kuru temizleme \u00f6nerilir. El ile \u00f6l\u00e7\u00fcmlerde 2-3 cm farkl\u0131l\u0131k g\u00f6sterebilir. Manken Bedeni: S-M Manken \u00d6l\u00e7\u00fcs\u00fc: Boy: 1.78 cm, G\u00f6\u011f\u00fcs: 90 cm, Bel: 62 cm, Basen: 92 cm<\/p>\n","protected":false},"featured_media":0,"comment_status":"open","ping_status":"closed","template":"","meta":[],"product_brand":[],"product_cat":[2044],"product_tag":[7960,7895,7972],"class_list":{"0":"post-26371","1":"product","2":"type-product","3":"status-publish","5":"product_cat-ceketler","6":"product_tag-kadin-dis-giyim","7":"product_tag-kis-modasi","8":"product_tag-suni-kurk","9":"pa_brand-hooopstore","10":"pa_color-antrasit","11":"pa_size-l-xl-2","12":"pa_size-s-m","14":"first","15":"outofstock","16":"shipping-taxable","17":"product-type-variable"},"_links":{"self":[{"href":"https:\/\/mod.wisdar.net\/tr\/wp-json\/wp\/v2\/product\/26371","targetHints":{"allow":["GET"]}}],"collection":[{"href":"https:\/\/mod.wisdar.net\/tr\/wp-json\/wp\/v2\/product"}],"about":[{"href":"https:\/\/mod.wisdar.net\/tr\/wp-json\/wp\/v2\/types\/product"}],"replies":[{"embeddable":true,"href":"https:\/\/mod.wisdar.net\/tr\/wp-json\/wp\/v2\/comments?post=26371"}],"wp:attachment":[{"href":"https:\/\/mod.wisdar.net\/tr\/wp-json\/wp\/v2\/media?parent=26371"}],"wp:term":[{"taxonomy":"product_brand","embeddable":true,"href":"https:\/\/mod.wisdar.net\/tr\/wp-json\/wp\/v2\/product_brand?post=26371"},{"taxonomy":"product_cat","embeddable":true,"href":"https:\/\/mod.wisdar.net\/tr\/wp-json\/wp\/v2\/product_cat?post=26371"},{"taxonomy":"product_tag","embeddable":true,"href":"https:\/\/mod.wisdar.net\/tr\/wp-json\/wp\/v2\/product_tag?post=26371"}],"curies":[{"name":"wp","href":"https:\/\/api.w.org\/{rel}","templated":true}]}}