{"id":26385,"date":"2025-11-18T20:17:37","date_gmt":"2025-11-18T20:17:37","guid":{"rendered":"https:\/\/modesthanim.com\/product\/milena-gold-dugmeli-lacivert-ceket-kaban\/"},"modified":"2026-04-03T12:53:29","modified_gmt":"2026-04-03T12:53:29","slug":"milena-gold-dugmeli-lacivert-ceket-kaban","status":"publish","type":"product","link":"https:\/\/mod.wisdar.net\/tr\/urun\/milena-gold-dugmeli-lacivert-ceket-kaban\/","title":{"rendered":"Milena Gold D\u00fc\u011fmeli Lacivert Ceket Kaban"},"content":{"rendered":"<p>M\u0130LENA GOLD D\u00dc\u011eMEL\u0130 LAC\u0130VERT CEKET KABAN \u00d6ZELL\u0130KLER\u0130 G\u00f6mlek yaka, \u00f6nden d\u00fc\u011fmeli, kemer k\u00f6pr\u00fcl\u00fc, kendi kuma\u015f\u0131ndan ku\u015fakl\u0131, cepli, rahat kal\u0131p, astarl\u0131 milena gold d\u00fc\u011fmeli ceket kaban. \u0130\u00c7ER\u0130\u011e\u0130 VE YIKANMASI %50 Nyl %50 Polyemid Kuru temizleme \u00f6nerilir. El ile \u00f6l\u00e7\u00fcmlerde 2-3 cm farkl\u0131l\u0131k g\u00f6sterebilir. Manken Bedeni: S-M Manken \u00d6l\u00e7\u00fcs\u00fc: Boy: 1.78 cm, G\u00f6\u011f\u00fcs: 90 cm, Bel: 62 cm, Basen: 92 cm<\/p>\n","protected":false},"excerpt":{"rendered":"<p>M\u0130LENA GOLD D\u00dc\u011eMEL\u0130 LAC\u0130VERT CEKET KABAN \u00d6ZELL\u0130KLER\u0130 G\u00f6mlek yaka, \u00f6nden d\u00fc\u011fmeli, kemer k\u00f6pr\u00fcl\u00fc, kendi kuma\u015f\u0131ndan ku\u015fakl\u0131, cepli, rahat kal\u0131p, astarl\u0131 milena gold d\u00fc\u011fmeli ceket kaban. \u0130\u00c7ER\u0130\u011e\u0130 VE YIKANMASI %50 Nyl %50 Polyemid Kuru temizleme \u00f6nerilir. El ile \u00f6l\u00e7\u00fcmlerde 2-3 cm farkl\u0131l\u0131k g\u00f6sterebilir. Manken Bedeni: S-M Manken \u00d6l\u00e7\u00fcs\u00fc: Boy: 1.78 cm, G\u00f6\u011f\u00fcs: 90 cm, Bel: 62 [&hellip;]<\/p>\n","protected":false},"featured_media":26375,"comment_status":"open","ping_status":"closed","template":"","meta":[],"product_brand":[],"product_cat":[2044],"product_tag":[7960,8050],"class_list":{"0":"post-26385","1":"product","2":"type-product","3":"status-publish","4":"has-post-thumbnail","6":"product_cat-ceketler","7":"product_tag-kadin-dis-giyim","8":"product_tag-kis-ceketi","9":"pa_brand-hooopstore","10":"pa_color-lacivert","11":"pa_size-l-xl-2","12":"pa_size-s-m","14":"first","15":"instock","16":"sale","17":"shipping-taxable","18":"purchasable","19":"product-type-variable"},"_links":{"self":[{"href":"https:\/\/mod.wisdar.net\/tr\/wp-json\/wp\/v2\/product\/26385","targetHints":{"allow":["GET"]}}],"collection":[{"href":"https:\/\/mod.wisdar.net\/tr\/wp-json\/wp\/v2\/product"}],"about":[{"href":"https:\/\/mod.wisdar.net\/tr\/wp-json\/wp\/v2\/types\/product"}],"replies":[{"embeddable":true,"href":"https:\/\/mod.wisdar.net\/tr\/wp-json\/wp\/v2\/comments?post=26385"}],"wp:featuredmedia":[{"embeddable":true,"href":"https:\/\/mod.wisdar.net\/tr\/wp-json\/wp\/v2\/media\/26375"}],"wp:attachment":[{"href":"https:\/\/mod.wisdar.net\/tr\/wp-json\/wp\/v2\/media?parent=26385"}],"wp:term":[{"taxonomy":"product_brand","embeddable":true,"href":"https:\/\/mod.wisdar.net\/tr\/wp-json\/wp\/v2\/product_brand?post=26385"},{"taxonomy":"product_cat","embeddable":true,"href":"https:\/\/mod.wisdar.net\/tr\/wp-json\/wp\/v2\/product_cat?post=26385"},{"taxonomy":"product_tag","embeddable":true,"href":"https:\/\/mod.wisdar.net\/tr\/wp-json\/wp\/v2\/product_tag?post=26385"}],"curies":[{"name":"wp","href":"https:\/\/api.w.org\/{rel}","templated":true}]}}