{"id":26399,"date":"2025-11-18T20:18:47","date_gmt":"2025-11-18T20:18:47","guid":{"rendered":"https:\/\/modesthanim.com\/product\/milena-gold-dugmeli-fume-ceket-kaban\/"},"modified":"2026-04-10T13:03:59","modified_gmt":"2026-04-10T13:03:59","slug":"milena-gold-dugmeli-fume-ceket-kaban","status":"publish","type":"product","link":"https:\/\/mod.wisdar.net\/tr\/urun\/milena-gold-dugmeli-fume-ceket-kaban\/","title":{"rendered":"Milena Gold D\u00fc\u011fmeli F\u00fcme Ceket Kaban"},"content":{"rendered":"<p>M\u0130LENA GOLD D\u00dc\u011eMEL\u0130 F\u00dcME CEKET KABAN \u00d6ZELL\u0130KLER\u0130 G\u00f6mlek yaka, \u00f6nden d\u00fc\u011fmeli, kemer k\u00f6pr\u00fcl\u00fc, kendi kuma\u015f\u0131ndan ku\u015fakl\u0131, cepli, rahat kal\u0131p, astarl\u0131 milena gold d\u00fc\u011fmeli ceket kaban. \u0130\u00c7ER\u0130\u011e\u0130 VE YIKANMASI %50 Nyl %50 Polyemid Kuru temizleme \u00f6nerilir. El ile \u00f6l\u00e7\u00fcmlerde 2-3 cm farkl\u0131l\u0131k g\u00f6sterebilir. Manken Bedeni: S-M Manken \u00d6l\u00e7\u00fcs\u00fc: Boy: 1.78 cm, G\u00f6\u011f\u00fcs: 90 cm, Bel: 62 cm, Basen: 92 cm<\/p>\n<p>\u2014 Technical Details \u2014<br \/>\nwashing_instructions: Kuru temizleme \u00f6nerilir<br \/>\nmeasurement_tolerance: El ile \u00f6l\u00e7\u00fcmlerde 2-3 cm farkl\u0131l\u0131k g\u00f6sterebilir<\/p>\n","protected":false},"excerpt":{"rendered":"<p>M\u0130LENA GOLD D\u00dc\u011eMEL\u0130 F\u00dcME CEKET KABAN \u00d6ZELL\u0130KLER\u0130 G\u00f6mlek yaka, \u00f6nden d\u00fc\u011fmeli, kemer k\u00f6pr\u00fcl\u00fc, kendi kuma\u015f\u0131ndan ku\u015fakl\u0131, cepli, rahat kal\u0131p, astarl\u0131 milena gold d\u00fc\u011fmeli ceket kaban. \u0130\u00c7ER\u0130\u011e\u0130 VE YIKANMASI %50 Nyl %50 Polyemid Kuru temizleme \u00f6nerilir. El ile \u00f6l\u00e7\u00fcmlerde 2-3 cm farkl\u0131l\u0131k g\u00f6sterebilir. Manken Bedeni: S-M Manken \u00d6l\u00e7\u00fcs\u00fc: Boy: 1.78 cm, G\u00f6\u011f\u00fcs: 90 cm, Bel: 62 [&hellip;]<\/p>\n","protected":false},"featured_media":0,"comment_status":"open","ping_status":"closed","template":"","meta":[],"product_brand":[],"product_cat":[2044],"product_tag":[5010,4999],"class_list":{"0":"post-26399","1":"product","2":"type-product","3":"status-publish","5":"product_cat-ceketler","6":"product_tag-coat","7":"product_tag-outerwear","8":"pa_brand-hooopstore","9":"pa_color-fume-rengi","10":"pa_size-l-xl-2","11":"pa_size-s-m","13":"first","14":"instock","15":"sale","16":"shipping-taxable","17":"purchasable","18":"product-type-variable"},"_links":{"self":[{"href":"https:\/\/mod.wisdar.net\/tr\/wp-json\/wp\/v2\/product\/26399","targetHints":{"allow":["GET"]}}],"collection":[{"href":"https:\/\/mod.wisdar.net\/tr\/wp-json\/wp\/v2\/product"}],"about":[{"href":"https:\/\/mod.wisdar.net\/tr\/wp-json\/wp\/v2\/types\/product"}],"replies":[{"embeddable":true,"href":"https:\/\/mod.wisdar.net\/tr\/wp-json\/wp\/v2\/comments?post=26399"}],"wp:attachment":[{"href":"https:\/\/mod.wisdar.net\/tr\/wp-json\/wp\/v2\/media?parent=26399"}],"wp:term":[{"taxonomy":"product_brand","embeddable":true,"href":"https:\/\/mod.wisdar.net\/tr\/wp-json\/wp\/v2\/product_brand?post=26399"},{"taxonomy":"product_cat","embeddable":true,"href":"https:\/\/mod.wisdar.net\/tr\/wp-json\/wp\/v2\/product_cat?post=26399"},{"taxonomy":"product_tag","embeddable":true,"href":"https:\/\/mod.wisdar.net\/tr\/wp-json\/wp\/v2\/product_tag?post=26399"}],"curies":[{"name":"wp","href":"https:\/\/api.w.org\/{rel}","templated":true}]}}