{"id":26500,"date":"2025-11-18T20:26:36","date_gmt":"2025-11-18T20:26:36","guid":{"rendered":"https:\/\/modesthanim.com\/product\/kisa-dugmeli-pelus-siyah-ceket\/"},"modified":"2026-03-24T07:11:11","modified_gmt":"2026-03-24T07:11:11","slug":"kisa-dugmeli-pelus-siyah-ceket","status":"publish","type":"product","link":"https:\/\/mod.wisdar.net\/tr\/urun\/kisa-dugmeli-pelus-siyah-ceket\/","title":{"rendered":"K\u0131sa D\u00fc\u011fmeli Pel\u00fc\u015f Siyah Ceket"},"content":{"rendered":"<p>KISA D\u00dc\u011eMEL\u0130 PEL\u00dc\u015e S\u0130YAH CEKET \u00d6ZELL\u0130KLER\u0130 Bisiklet yaka, d\u00fc\u011fme kapamal\u0131, kollar\u0131 s\u00fcs d\u00fc\u011fmeli, normal kal\u0131p, astarl\u0131 k\u0131sa d\u00fc\u011fmeli pelu\u015f ceket. \u0130\u00c7ER\u0130\u011e\u0130 VE YIKANMASI %100 Pes Kuru temizleme \u00f6nerilir. El ile \u00f6l\u00e7\u00fcmlerde 2-3 cm farkl\u0131l\u0131k g\u00f6sterebilir. Manken Bedeni: Small Manken \u00d6l\u00e7\u00fcs\u00fc: Boy: 1.78 cm, G\u00f6\u011f\u00fcs: 90 cm, Bel: 62 cm, Basen: 92 cm<\/p>\n","protected":false},"excerpt":{"rendered":"<p>KISA D\u00dc\u011eMEL\u0130 PEL\u00dc\u015e S\u0130YAH CEKET \u00d6ZELL\u0130KLER\u0130 Bisiklet yaka, d\u00fc\u011fme kapamal\u0131, kollar\u0131 s\u00fcs d\u00fc\u011fmeli, normal kal\u0131p, astarl\u0131 k\u0131sa d\u00fc\u011fmeli pelu\u015f ceket. \u0130\u00c7ER\u0130\u011e\u0130 VE YIKANMASI %100 Pes Kuru temizleme \u00f6nerilir. El ile \u00f6l\u00e7\u00fcmlerde 2-3 cm farkl\u0131l\u0131k g\u00f6sterebilir. Manken Bedeni: Small Manken \u00d6l\u00e7\u00fcs\u00fc: Boy: 1.78 cm, G\u00f6\u011f\u00fcs: 90 cm, Bel: 62 cm, Basen: 92 cm<\/p>\n","protected":false},"featured_media":26486,"comment_status":"open","ping_status":"closed","template":"","meta":[],"product_brand":[],"product_cat":[2044],"product_tag":[4999],"class_list":{"0":"post-26500","1":"product","2":"type-product","3":"status-publish","4":"has-post-thumbnail","6":"product_cat-ceketler","7":"product_tag-outerwear","8":"pa_brand-hooopstore","9":"pa_color-siyah","10":"pa_size-large","11":"pa_size-medium","12":"pa_size-small","14":"first","15":"instock","16":"sale","17":"shipping-taxable","18":"purchasable","19":"product-type-variable"},"_links":{"self":[{"href":"https:\/\/mod.wisdar.net\/tr\/wp-json\/wp\/v2\/product\/26500","targetHints":{"allow":["GET"]}}],"collection":[{"href":"https:\/\/mod.wisdar.net\/tr\/wp-json\/wp\/v2\/product"}],"about":[{"href":"https:\/\/mod.wisdar.net\/tr\/wp-json\/wp\/v2\/types\/product"}],"replies":[{"embeddable":true,"href":"https:\/\/mod.wisdar.net\/tr\/wp-json\/wp\/v2\/comments?post=26500"}],"wp:featuredmedia":[{"embeddable":true,"href":"https:\/\/mod.wisdar.net\/tr\/wp-json\/wp\/v2\/media\/26486"}],"wp:attachment":[{"href":"https:\/\/mod.wisdar.net\/tr\/wp-json\/wp\/v2\/media?parent=26500"}],"wp:term":[{"taxonomy":"product_brand","embeddable":true,"href":"https:\/\/mod.wisdar.net\/tr\/wp-json\/wp\/v2\/product_brand?post=26500"},{"taxonomy":"product_cat","embeddable":true,"href":"https:\/\/mod.wisdar.net\/tr\/wp-json\/wp\/v2\/product_cat?post=26500"},{"taxonomy":"product_tag","embeddable":true,"href":"https:\/\/mod.wisdar.net\/tr\/wp-json\/wp\/v2\/product_tag?post=26500"}],"curies":[{"name":"wp","href":"https:\/\/api.w.org\/{rel}","templated":true}]}}