{"id":26684,"date":"2025-11-18T20:40:14","date_gmt":"2025-11-18T20:40:14","guid":{"rendered":"https:\/\/modesthanim.com\/product\/orgu-kemerli-tas-pantolon-takim\/"},"modified":"2026-04-10T13:11:10","modified_gmt":"2026-04-10T13:11:10","slug":"orgu-kemerli-tas-pantolon-takim","status":"publish","type":"product","link":"https:\/\/mod.wisdar.net\/tr\/urun\/orgu-kemerli-tas-pantolon-takim\/","title":{"rendered":"\u00d6rg\u00fc Kemerli Ta\u015f Pantolon Tak\u0131m"},"content":{"rendered":"<p>\u00d6rg\u00fc Kemerli Pantolon Tak\u0131m \u00d6zellikleri V yaka, \u00f6nden fileto cepli, kup detayl\u0131, \u00f6ne do\u011fru hafif verev kesimli, arka ortas\u0131 par\u00e7al\u0131, uyumlu renkte el \u00f6rg\u00fcs\u00fc seyyar kemerli, rahat kal\u0131p, astarl\u0131, y\u00fcksek bel pantolonlu, \u00f6nden fermuarl\u0131 ve d\u00fc\u011fme kapamal\u0131, yanlardan cepli, \u0130spanyol pa\u00e7a pantolonlu tak\u0131m. %95 Pes %5 Lyc Kuru temizleme yap\u0131n\u0131z.<\/p>\n<p>\u2014 Technical Details \u2014<br \/>\ncare_instructions: Kuru temizleme yap\u0131n\u0131z.<br \/>\nfit: Rahat kal\u0131p<br \/>\nclosure: \u00d6nden fermuarl\u0131 ve d\u00fc\u011fme kapamal\u0131<br \/>\npocket_type: \u00d6nden fileto cepli, yanlardan cepli<br \/>\npant_style: \u0130spanyol pa\u00e7a<br \/>\nwaist_type: Y\u00fcksek bel<br \/>\nbelt: Uyumlu renkte el \u00f6rg\u00fcs\u00fc seyyar kemerli<\/p>\n","protected":false},"excerpt":{"rendered":"<p>\u00d6rg\u00fc Kemerli Pantolon Tak\u0131m \u00d6zellikleri V yaka, \u00f6nden fileto cepli, kup detayl\u0131, \u00f6ne do\u011fru hafif verev kesimli, arka ortas\u0131 par\u00e7al\u0131, uyumlu renkte el \u00f6rg\u00fcs\u00fc seyyar kemerli, rahat kal\u0131p, astarl\u0131, y\u00fcksek bel pantolonlu, \u00f6nden fermuarl\u0131 ve d\u00fc\u011fme kapamal\u0131, yanlardan cepli, \u0130spanyol pa\u00e7a pantolonlu tak\u0131m. %95 Pes %5 Lyc Kuru temizleme yap\u0131n\u0131z. \u2014 Technical Details \u2014 care_instructions: [&hellip;]<\/p>\n","protected":false},"featured_media":0,"comment_status":"open","ping_status":"closed","template":"","meta":[],"product_brand":[],"product_cat":[1900],"product_tag":[7467],"class_list":{"0":"post-26684","1":"product","2":"type-product","3":"status-publish","5":"product_cat-koordinatlar-setler","6":"product_tag-ispanyol-paca","7":"pa_brand-hooopstore","8":"pa_color-tas-rengi","9":"pa_size-l","10":"pa_size-m","11":"pa_size-s","12":"pa_size-xl","14":"first","15":"outofstock","16":"shipping-taxable","17":"product-type-variable"},"_links":{"self":[{"href":"https:\/\/mod.wisdar.net\/tr\/wp-json\/wp\/v2\/product\/26684","targetHints":{"allow":["GET"]}}],"collection":[{"href":"https:\/\/mod.wisdar.net\/tr\/wp-json\/wp\/v2\/product"}],"about":[{"href":"https:\/\/mod.wisdar.net\/tr\/wp-json\/wp\/v2\/types\/product"}],"replies":[{"embeddable":true,"href":"https:\/\/mod.wisdar.net\/tr\/wp-json\/wp\/v2\/comments?post=26684"}],"wp:attachment":[{"href":"https:\/\/mod.wisdar.net\/tr\/wp-json\/wp\/v2\/media?parent=26684"}],"wp:term":[{"taxonomy":"product_brand","embeddable":true,"href":"https:\/\/mod.wisdar.net\/tr\/wp-json\/wp\/v2\/product_brand?post=26684"},{"taxonomy":"product_cat","embeddable":true,"href":"https:\/\/mod.wisdar.net\/tr\/wp-json\/wp\/v2\/product_cat?post=26684"},{"taxonomy":"product_tag","embeddable":true,"href":"https:\/\/mod.wisdar.net\/tr\/wp-json\/wp\/v2\/product_tag?post=26684"}],"curies":[{"name":"wp","href":"https:\/\/api.w.org\/{rel}","templated":true}]}}