{"id":26750,"date":"2025-11-18T20:42:35","date_gmt":"2025-11-18T20:42:35","guid":{"rendered":"https:\/\/modesthanim.com\/product\/orgu-kemerli-pembe-pantolon-takim\/"},"modified":"2026-04-03T13:02:45","modified_gmt":"2026-04-03T13:02:45","slug":"orgu-kemerli-pembe-pantolon-takim","status":"publish","type":"product","link":"https:\/\/mod.wisdar.net\/tr\/urun\/orgu-kemerli-pembe-pantolon-takim\/","title":{"rendered":"\u00d6rg\u00fc Kemerli Pembe Pantolon Tak\u0131m"},"content":{"rendered":"<p>\u00d6rg\u00fc Kemerli Pantolon Tak\u0131m \u00d6zellikleri V yaka, \u00f6nden fileto cepli, kup detayl\u0131, \u00f6ne do\u011fru hafif verev kesimli, arka ortas\u0131 par\u00e7al\u0131, uyumlu renkte el \u00f6rg\u00fcs\u00fc seyyar kemerli, rahat kal\u0131p, astarl\u0131, y\u00fcksek bel pantolonlu, \u00f6nden fermuarl\u0131 ve d\u00fc\u011fme kapamal\u0131, yanlardan cepli, \u0130spanyol pa\u00e7a pantolonlu tak\u0131m. %95 Pes %5 Lyc Kuru temizleme yap\u0131n\u0131z.<\/p>\n","protected":false},"excerpt":{"rendered":"<p>\u00d6rg\u00fc Kemerli Pantolon Tak\u0131m \u00d6zellikleri V yaka, \u00f6nden fileto cepli, kup detayl\u0131, \u00f6ne do\u011fru hafif verev kesimli, arka ortas\u0131 par\u00e7al\u0131, uyumlu renkte el \u00f6rg\u00fcs\u00fc seyyar kemerli, rahat kal\u0131p, astarl\u0131, y\u00fcksek bel pantolonlu, \u00f6nden fermuarl\u0131 ve d\u00fc\u011fme kapamal\u0131, yanlardan cepli, \u0130spanyol pa\u00e7a pantolonlu tak\u0131m. %95 Pes %5 Lyc Kuru temizleme yap\u0131n\u0131z.<\/p>\n","protected":false},"featured_media":0,"comment_status":"open","ping_status":"closed","template":"","meta":[],"product_brand":[],"product_cat":[1900],"product_tag":[4213,4221,4222],"class_list":{"0":"post-26750","1":"product","2":"type-product","3":"status-publish","5":"product_cat-koordinatlar-setler","6":"product_tag-knitted-belt","7":"product_tag-pink-pantsuit-set","8":"product_tag-vera-vest-set","9":"pa_brand-hooopstore","10":"pa_color-pembe","11":"pa_size-l","12":"pa_size-m","13":"pa_size-s","14":"pa_size-xl","16":"first","17":"instock","18":"shipping-taxable","19":"purchasable","20":"product-type-variable"},"_links":{"self":[{"href":"https:\/\/mod.wisdar.net\/tr\/wp-json\/wp\/v2\/product\/26750","targetHints":{"allow":["GET"]}}],"collection":[{"href":"https:\/\/mod.wisdar.net\/tr\/wp-json\/wp\/v2\/product"}],"about":[{"href":"https:\/\/mod.wisdar.net\/tr\/wp-json\/wp\/v2\/types\/product"}],"replies":[{"embeddable":true,"href":"https:\/\/mod.wisdar.net\/tr\/wp-json\/wp\/v2\/comments?post=26750"}],"wp:attachment":[{"href":"https:\/\/mod.wisdar.net\/tr\/wp-json\/wp\/v2\/media?parent=26750"}],"wp:term":[{"taxonomy":"product_brand","embeddable":true,"href":"https:\/\/mod.wisdar.net\/tr\/wp-json\/wp\/v2\/product_brand?post=26750"},{"taxonomy":"product_cat","embeddable":true,"href":"https:\/\/mod.wisdar.net\/tr\/wp-json\/wp\/v2\/product_cat?post=26750"},{"taxonomy":"product_tag","embeddable":true,"href":"https:\/\/mod.wisdar.net\/tr\/wp-json\/wp\/v2\/product_tag?post=26750"}],"curies":[{"name":"wp","href":"https:\/\/api.w.org\/{rel}","templated":true}]}}