{"id":26802,"date":"2025-11-18T20:45:20","date_gmt":"2025-11-18T20:45:20","guid":{"rendered":"https:\/\/modesthanim.com\/product\/basic-oversize-bordo-pantolon-takim\/"},"modified":"2026-04-03T13:02:46","modified_gmt":"2026-04-03T13:02:46","slug":"basic-oversize-bordo-pantolon-takim","status":"publish","type":"product","link":"https:\/\/mod.wisdar.net\/tr\/urun\/basic-oversize-bordo-pantolon-takim\/","title":{"rendered":"Basic Oversize Bordo Pantolon Tak\u0131m"},"content":{"rendered":"<p>BASIC OVERSIZE BORDO PANTOLON TAKIM \u00d6ZELL\u0130KLER\u0130: G\u00f6mlek yaka, \u00f6nden d\u00fc\u011fmeli, yarasa kol, ayarlanabilir ku\u015fakl\u0131, arkadan pile detayl\u0131. Pantolon lastik bel, yan cepli, pa\u00e7a ucu pile detayl\u0131 oversize modal tak\u0131m. Kuma\u015f \u0130\u00e7eri\u011fi ve Y\u0131kama Talimat\u0131: %84 modal, %16 pes. Maksimum 30 derecede hassas y\u0131kama yap\u0131n\u0131z. Sentetik ve narin programlar\u0131 ile y\u0131kay\u0131n\u0131z. A\u011fart\u0131c\u0131 kullanmay\u0131n\u0131z. Manken \u00dcr\u00fcn Bedeni: S\/M. Manken \u00d6l\u00e7\u00fcleri: Boy: 1.70 m, G\u00f6\u011f\u00fcs: 82 cm, Bel: 60 cm, Basen: 89 cm.<\/p>\n","protected":false},"excerpt":{"rendered":"<p>BASIC OVERSIZE BORDO PANTOLON TAKIM \u00d6ZELL\u0130KLER\u0130: G\u00f6mlek yaka, \u00f6nden d\u00fc\u011fmeli, yarasa kol, ayarlanabilir ku\u015fakl\u0131, arkadan pile detayl\u0131. Pantolon lastik bel, yan cepli, pa\u00e7a ucu pile detayl\u0131 oversize modal tak\u0131m. Kuma\u015f \u0130\u00e7eri\u011fi ve Y\u0131kama Talimat\u0131: %84 modal, %16 pes. Maksimum 30 derecede hassas y\u0131kama yap\u0131n\u0131z. Sentetik ve narin programlar\u0131 ile y\u0131kay\u0131n\u0131z. A\u011fart\u0131c\u0131 kullanmay\u0131n\u0131z. Manken \u00dcr\u00fcn Bedeni: [&hellip;]<\/p>\n","protected":false},"featured_media":26778,"comment_status":"open","ping_status":"closed","template":"","meta":[],"product_brand":[],"product_cat":[1900],"product_tag":[4886,7376,7423],"class_list":{"0":"post-26802","1":"product","2":"type-product","3":"status-publish","4":"has-post-thumbnail","6":"product_cat-koordinatlar-setler","7":"product_tag-basic","8":"product_tag-modal","9":"product_tag-oversize-2","10":"pa_brand-hooopstore","11":"pa_color-bordo","12":"pa_size-l-xl-2","13":"pa_size-s-m","15":"first","16":"instock","17":"sale","18":"shipping-taxable","19":"purchasable","20":"product-type-variable"},"_links":{"self":[{"href":"https:\/\/mod.wisdar.net\/tr\/wp-json\/wp\/v2\/product\/26802","targetHints":{"allow":["GET"]}}],"collection":[{"href":"https:\/\/mod.wisdar.net\/tr\/wp-json\/wp\/v2\/product"}],"about":[{"href":"https:\/\/mod.wisdar.net\/tr\/wp-json\/wp\/v2\/types\/product"}],"replies":[{"embeddable":true,"href":"https:\/\/mod.wisdar.net\/tr\/wp-json\/wp\/v2\/comments?post=26802"}],"wp:featuredmedia":[{"embeddable":true,"href":"https:\/\/mod.wisdar.net\/tr\/wp-json\/wp\/v2\/media\/26778"}],"wp:attachment":[{"href":"https:\/\/mod.wisdar.net\/tr\/wp-json\/wp\/v2\/media?parent=26802"}],"wp:term":[{"taxonomy":"product_brand","embeddable":true,"href":"https:\/\/mod.wisdar.net\/tr\/wp-json\/wp\/v2\/product_brand?post=26802"},{"taxonomy":"product_cat","embeddable":true,"href":"https:\/\/mod.wisdar.net\/tr\/wp-json\/wp\/v2\/product_cat?post=26802"},{"taxonomy":"product_tag","embeddable":true,"href":"https:\/\/mod.wisdar.net\/tr\/wp-json\/wp\/v2\/product_tag?post=26802"}],"curies":[{"name":"wp","href":"https:\/\/api.w.org\/{rel}","templated":true}]}}