{"id":26960,"date":"2025-11-18T20:50:23","date_gmt":"2025-11-18T20:50:23","guid":{"rendered":"https:\/\/modesthanim.com\/product\/dikis-detayli-rahat-gri-pantolon-takim\/"},"modified":"2026-03-24T07:30:53","modified_gmt":"2026-03-24T07:30:53","slug":"dikis-detayli-rahat-gri-pantolon-takim","status":"publish","type":"product","link":"https:\/\/mod.wisdar.net\/tr\/urun\/dikis-detayli-rahat-gri-pantolon-takim\/","title":{"rendered":"Diki\u015f Detayl\u0131 Rahat Gri Pantolon Tak\u0131m"},"content":{"rendered":"<p>D\u0130K\u0130\u015e DETAYLI RAHAT GR\u0130 PANTOLON TAKIM \u00d6ZELL\u0130KLER\u0130 G\u00f6mlek yaka, d\u00fc\u011fmeli, cep detayl\u0131, ispanyol kol formunda, kendi kuma\u015f\u0131ndan biye kemerli, rahat kesim g\u00f6mlek, pantolon beli lastikli, cepli, beli ip ba\u011flamal\u0131 ayarlanabilir, geni\u015f pa\u00e7a ucuna sahip, normal kal\u0131p, diki\u015f detayl\u0131 pantolon tak\u0131m. Kuma\u015f \u0130\u00e7eri\u011fi ve Y\u0131kama Talimat: %91 Liyosel %9 Polyester Maksimum 30 derecede hassas y\u0131kama yap\u0131n\u0131z. Hassas ve narin programlar\u0131 ile y\u0131kama yap\u0131n\u0131z. Manken \u00dcr\u00fcn Bedeni: S Manken \u00d6l\u00e7\u00fcleri: Boy: 1.72 cm, G\u00f6\u011f\u00fcs: 78 cm, Bel: 58 cm, Basen: 86 cm<\/p>\n","protected":false},"excerpt":{"rendered":"<p>D\u0130K\u0130\u015e DETAYLI RAHAT GR\u0130 PANTOLON TAKIM \u00d6ZELL\u0130KLER\u0130 G\u00f6mlek yaka, d\u00fc\u011fmeli, cep detayl\u0131, ispanyol kol formunda, kendi kuma\u015f\u0131ndan biye kemerli, rahat kesim g\u00f6mlek, pantolon beli lastikli, cepli, beli ip ba\u011flamal\u0131 ayarlanabilir, geni\u015f pa\u00e7a ucuna sahip, normal kal\u0131p, diki\u015f detayl\u0131 pantolon tak\u0131m. Kuma\u015f \u0130\u00e7eri\u011fi ve Y\u0131kama Talimat: %91 Liyosel %9 Polyester Maksimum 30 derecede hassas y\u0131kama yap\u0131n\u0131z. [&hellip;]<\/p>\n","protected":false},"featured_media":26925,"comment_status":"open","ping_status":"closed","template":"","meta":[],"product_brand":[],"product_cat":[1900],"product_tag":[5012,6754,6751],"class_list":{"0":"post-26960","1":"product","2":"type-product","3":"status-publish","4":"has-post-thumbnail","6":"product_cat-koordinatlar-setler","7":"product_tag-elegant","8":"product_tag-ofis-kiyafeti","9":"product_tag-rahat","10":"pa_brand-hooopstore","11":"pa_color-gri","12":"pa_size-large","13":"pa_size-medium","14":"pa_size-small","15":"pa_size-xlarge","17":"first","18":"outofstock","19":"shipping-taxable","20":"product-type-variable"},"_links":{"self":[{"href":"https:\/\/mod.wisdar.net\/tr\/wp-json\/wp\/v2\/product\/26960","targetHints":{"allow":["GET"]}}],"collection":[{"href":"https:\/\/mod.wisdar.net\/tr\/wp-json\/wp\/v2\/product"}],"about":[{"href":"https:\/\/mod.wisdar.net\/tr\/wp-json\/wp\/v2\/types\/product"}],"replies":[{"embeddable":true,"href":"https:\/\/mod.wisdar.net\/tr\/wp-json\/wp\/v2\/comments?post=26960"}],"wp:featuredmedia":[{"embeddable":true,"href":"https:\/\/mod.wisdar.net\/tr\/wp-json\/wp\/v2\/media\/26925"}],"wp:attachment":[{"href":"https:\/\/mod.wisdar.net\/tr\/wp-json\/wp\/v2\/media?parent=26960"}],"wp:term":[{"taxonomy":"product_brand","embeddable":true,"href":"https:\/\/mod.wisdar.net\/tr\/wp-json\/wp\/v2\/product_brand?post=26960"},{"taxonomy":"product_cat","embeddable":true,"href":"https:\/\/mod.wisdar.net\/tr\/wp-json\/wp\/v2\/product_cat?post=26960"},{"taxonomy":"product_tag","embeddable":true,"href":"https:\/\/mod.wisdar.net\/tr\/wp-json\/wp\/v2\/product_tag?post=26960"}],"curies":[{"name":"wp","href":"https:\/\/api.w.org\/{rel}","templated":true}]}}