{"id":26989,"date":"2025-11-18T20:50:50","date_gmt":"2025-11-18T20:50:50","guid":{"rendered":"https:\/\/modesthanim.com\/product\/miyaki-tensel-kot-pantolon-siyah-takim\/"},"modified":"2026-04-03T13:03:34","modified_gmt":"2026-04-03T13:03:34","slug":"miyaki-tensel-kot-pantolon-siyah-takim","status":"publish","type":"product","link":"https:\/\/mod.wisdar.net\/tr\/urun\/miyaki-tensel-kot-pantolon-siyah-takim\/","title":{"rendered":"Miyaki Tensel Kot Pantolon Siyah Tak\u0131m"},"content":{"rendered":"<p>M\u0130YAK\u0130 TENSEL KOT PANTOLON S\u0130YAH TAKIM \u00d6ZELL\u0130KLER\u0130<br \/>\nV yaka diki\u015f detayl\u0131, punto diki\u015fli, d\u00fc\u011fme kapama, yanlardan y\u0131rtma\u00e7l\u0131, \u00f6nden cepli, rahat kal\u0131p, y\u00fcksel bel pantolon, cepli, beli lastikli, astars\u0131z pantolonlu tak\u0131m.<\/p>\n<p>Kuma\u015f \u0130\u00e7eri\u011fi ve Y\u0131kama Talimat\u0131:<br \/>\nMaksimum 30 derecede y\u0131kama yap\u0131n\u0131z. D\u00fc\u015f\u00fck s\u0131cakl\u0131kta tersten \u00fct\u00fcleyiniz.<br \/>\n%65 Viskon %30 Pes %5 Ry<\/p>\n<p>Manken \u00dcr\u00fcn Bedeni: S<br \/>\nManken \u00d6l\u00e7\u00fcleri: Boy: 173 cm, G\u00f6\u011f\u00fcs: 78 cm, Bel: 61 cm, Basen: 88 cm<\/p>\n","protected":false},"excerpt":{"rendered":"<p>M\u0130YAK\u0130 TENSEL KOT PANTOLON S\u0130YAH TAKIM \u00d6ZELL\u0130KLER\u0130 V yaka diki\u015f detayl\u0131, punto diki\u015fli, d\u00fc\u011fme kapama, yanlardan y\u0131rtma\u00e7l\u0131, \u00f6nden cepli, rahat kal\u0131p, y\u00fcksel bel pantolon, cepli, beli lastikli, astars\u0131z pantolonlu tak\u0131m. Kuma\u015f \u0130\u00e7eri\u011fi ve Y\u0131kama Talimat\u0131: Maksimum 30 derecede y\u0131kama yap\u0131n\u0131z. D\u00fc\u015f\u00fck s\u0131cakl\u0131kta tersten \u00fct\u00fcleyiniz. %65 Viskon %30 Pes %5 Ry Manken \u00dcr\u00fcn Bedeni: S Manken [&hellip;]<\/p>\n","protected":false},"featured_media":26975,"comment_status":"open","ping_status":"closed","template":"","meta":[],"product_brand":[],"product_cat":[1900],"product_tag":[4247,4249,4248,3426],"class_list":{"0":"post-26989","1":"product","2":"type-product","3":"status-publish","4":"has-post-thumbnail","6":"product_cat-koordinatlar-setler","7":"product_tag-kot-pantolon","8":"product_tag-miyaki","9":"product_tag-siyah-takim","10":"product_tag-tensel","11":"pa_brand-hooopstore","12":"pa_color-siyah","13":"pa_size-large","14":"pa_size-medium","15":"pa_size-small","17":"first","18":"instock","19":"sale","20":"shipping-taxable","21":"purchasable","22":"product-type-variable"},"_links":{"self":[{"href":"https:\/\/mod.wisdar.net\/tr\/wp-json\/wp\/v2\/product\/26989","targetHints":{"allow":["GET"]}}],"collection":[{"href":"https:\/\/mod.wisdar.net\/tr\/wp-json\/wp\/v2\/product"}],"about":[{"href":"https:\/\/mod.wisdar.net\/tr\/wp-json\/wp\/v2\/types\/product"}],"replies":[{"embeddable":true,"href":"https:\/\/mod.wisdar.net\/tr\/wp-json\/wp\/v2\/comments?post=26989"}],"wp:featuredmedia":[{"embeddable":true,"href":"https:\/\/mod.wisdar.net\/tr\/wp-json\/wp\/v2\/media\/26975"}],"wp:attachment":[{"href":"https:\/\/mod.wisdar.net\/tr\/wp-json\/wp\/v2\/media?parent=26989"}],"wp:term":[{"taxonomy":"product_brand","embeddable":true,"href":"https:\/\/mod.wisdar.net\/tr\/wp-json\/wp\/v2\/product_brand?post=26989"},{"taxonomy":"product_cat","embeddable":true,"href":"https:\/\/mod.wisdar.net\/tr\/wp-json\/wp\/v2\/product_cat?post=26989"},{"taxonomy":"product_tag","embeddable":true,"href":"https:\/\/mod.wisdar.net\/tr\/wp-json\/wp\/v2\/product_tag?post=26989"}],"curies":[{"name":"wp","href":"https:\/\/api.w.org\/{rel}","templated":true}]}}