{"id":27524,"date":"2025-11-19T17:23:30","date_gmt":"2025-11-19T17:23:30","guid":{"rendered":"https:\/\/modesthanim.com\/product\/orgu-dokulu-triko-siyah-etekli-takim\/"},"modified":"2026-01-15T08:14:45","modified_gmt":"2026-01-15T08:14:45","slug":"orgu-dokulu-triko-siyah-etekli-takim","status":"publish","type":"product","link":"https:\/\/mod.wisdar.net\/tr\/urun\/orgu-dokulu-triko-siyah-etekli-takim\/","title":{"rendered":"\u00d6rg\u00fc Dokulu Triko Siyah Etekli Tak\u0131m"},"content":{"rendered":"<p>\u00d6RG\u00dc DOKULU TR\u0130KO S\u0130YAH ETEKL\u0130 TAKIM \u00d6ZELL\u0130KLER\u0130 Bisiklet yaka, \u00f6nden d\u00fc\u011fmeli h\u0131rkaya sahip, etek beli lastikli, t\u00fcnelli ayarlanabilir, tam kal\u0131p, yumu\u015fak pamuklu \u00f6rg\u00fc dokulu triko etekli tak\u0131m. \u0130\u00c7ER\u0130\u011e\u0130 VE YIKANMASI %100 Pamuk 30 derecede hassas, sentetik ve narin programlar\u0131 so\u011fuk su ile y\u0131kanmal\u0131d\u0131r. El ile \u00f6l\u00e7\u00fcmlerde 2-3 cm farkl\u0131l\u0131k g\u00f6sterebilir. Manken Bedeni: SM Manken \u00d6l\u00e7\u00fcs\u00fc: Boy: 1.74 cm, G\u00f6\u011f\u00fcs: 78 cm, Bel: 58 cm, Basen: 87 cm<\/p>\n","protected":false},"excerpt":{"rendered":"<p>\u00d6RG\u00dc DOKULU TR\u0130KO S\u0130YAH ETEKL\u0130 TAKIM \u00d6ZELL\u0130KLER\u0130 Bisiklet yaka, \u00f6nden d\u00fc\u011fmeli h\u0131rkaya sahip, etek beli lastikli, t\u00fcnelli ayarlanabilir, tam kal\u0131p, yumu\u015fak pamuklu \u00f6rg\u00fc dokulu triko etekli tak\u0131m. \u0130\u00c7ER\u0130\u011e\u0130 VE YIKANMASI %100 Pamuk 30 derecede hassas, sentetik ve narin programlar\u0131 so\u011fuk su ile y\u0131kanmal\u0131d\u0131r. El ile \u00f6l\u00e7\u00fcmlerde 2-3 cm farkl\u0131l\u0131k g\u00f6sterebilir. Manken Bedeni: SM Manken \u00d6l\u00e7\u00fcs\u00fc: [&hellip;]<\/p>\n","protected":false},"featured_media":27496,"comment_status":"open","ping_status":"closed","template":"","meta":[],"product_brand":[],"product_cat":[1900],"product_tag":[],"class_list":{"0":"post-27524","1":"product","2":"type-product","3":"status-publish","4":"has-post-thumbnail","6":"product_cat-koordinatlar-setler","7":"pa_brand-hooopstore","8":"pa_color-siyah","9":"pa_size-l-xl-2","10":"pa_size-s-m","12":"first","13":"instock","14":"sale","15":"shipping-taxable","16":"purchasable","17":"product-type-variable"},"_links":{"self":[{"href":"https:\/\/mod.wisdar.net\/tr\/wp-json\/wp\/v2\/product\/27524","targetHints":{"allow":["GET"]}}],"collection":[{"href":"https:\/\/mod.wisdar.net\/tr\/wp-json\/wp\/v2\/product"}],"about":[{"href":"https:\/\/mod.wisdar.net\/tr\/wp-json\/wp\/v2\/types\/product"}],"replies":[{"embeddable":true,"href":"https:\/\/mod.wisdar.net\/tr\/wp-json\/wp\/v2\/comments?post=27524"}],"wp:featuredmedia":[{"embeddable":true,"href":"https:\/\/mod.wisdar.net\/tr\/wp-json\/wp\/v2\/media\/27496"}],"wp:attachment":[{"href":"https:\/\/mod.wisdar.net\/tr\/wp-json\/wp\/v2\/media?parent=27524"}],"wp:term":[{"taxonomy":"product_brand","embeddable":true,"href":"https:\/\/mod.wisdar.net\/tr\/wp-json\/wp\/v2\/product_brand?post=27524"},{"taxonomy":"product_cat","embeddable":true,"href":"https:\/\/mod.wisdar.net\/tr\/wp-json\/wp\/v2\/product_cat?post=27524"},{"taxonomy":"product_tag","embeddable":true,"href":"https:\/\/mod.wisdar.net\/tr\/wp-json\/wp\/v2\/product_tag?post=27524"}],"curies":[{"name":"wp","href":"https:\/\/api.w.org\/{rel}","templated":true}]}}