{"id":28259,"date":"2025-11-20T19:21:48","date_gmt":"2025-11-20T19:21:48","guid":{"rendered":"https:\/\/modesthanim.com\/product\/premium-gold-kemer-detayli-beyaz-ceket-elbise\/"},"modified":"2026-02-09T07:55:56","modified_gmt":"2026-02-09T07:55:56","slug":"premium-gold-kemer-detayli-beyaz-ceket-elbise","status":"publish","type":"product","link":"https:\/\/mod.wisdar.net\/tr\/urun\/premium-gold-kemer-detayli-beyaz-ceket-elbise\/","title":{"rendered":"Premium Gold Kemer Detayl\u0131 Beyaz Ceket Elbise"},"content":{"rendered":"<p>PREM\u0130UM GOLD KEMER DETAYLI BEYAZ CEKET ELB\u0130SE \u00d6ZELL\u0130KLER\u0130<br \/>\nKruvaze yaka, \u00f6nden gizli kapamal\u0131, belden lastikli, s\u00fcs cepli, kendinden kontrast kemerli deri kemere sahip, etek ile ceket birbirine ba\u011fl\u0131 ve ceket alt\u0131ndan gizli kapamal\u0131 astarl\u0131 ceket elbise.<br \/>\nKuma\u015f \u0130\u00e7eri\u011fi ve Y\u0131kama Talimat:<br \/>\n%100 Pes<br \/>\nYaln\u0131zca kuru temizleme yap\u0131n\u0131z.<br \/>\nManken \u00dcr\u00fcn Bedeni: S<br \/>\nManken \u00d6l\u00e7\u00fcleri: Boy: 1.74 cm, G\u00f6\u011f\u00fcs: 78 cm, Bel: 58 cm, Basen: 87 cm<\/p>\n<p>\u2014 Technical Details \u2014<br \/>\nwashing_instructions: Yaln\u0131zca kuru temizleme yap\u0131n\u0131z.<br \/>\nmodel_size: S<br \/>\nmodel_measurements: Boy: 1.74 cm, G\u00f6\u011f\u00fcs: 78 cm, Bel: 58 cm, Basen: 87 cm<\/p>\n","protected":false},"excerpt":{"rendered":"<p>PREM\u0130UM GOLD KEMER DETAYLI BEYAZ CEKET ELB\u0130SE \u00d6ZELL\u0130KLER\u0130 Kruvaze yaka, \u00f6nden gizli kapamal\u0131, belden lastikli, s\u00fcs cepli, kendinden kontrast kemerli deri kemere sahip, etek ile ceket birbirine ba\u011fl\u0131 ve ceket alt\u0131ndan gizli kapamal\u0131 astarl\u0131 ceket elbise. Kuma\u015f \u0130\u00e7eri\u011fi ve Y\u0131kama Talimat: %100 Pes Yaln\u0131zca kuru temizleme yap\u0131n\u0131z. Manken \u00dcr\u00fcn Bedeni: S Manken \u00d6l\u00e7\u00fcleri: Boy: 1.74 [&hellip;]<\/p>\n","protected":false},"featured_media":51871,"comment_status":"open","ping_status":"closed","template":"","meta":[],"product_brand":[],"product_cat":[6249,1936],"product_tag":[6921,4895,7294,8178,7167,6765],"class_list":{"0":"post-28259","1":"product","2":"type-product","3":"status-publish","4":"has-post-thumbnail","6":"product_cat-elbiseler","7":"product_cat-resmi-ve-aksam-elbiseleri","8":"product_tag-astarli","9":"product_tag-belt-detailed","10":"product_tag-beyaz","11":"product_tag-capraz-yaka-2","12":"product_tag-deri-kemer","13":"product_tag-lastikli-bel","14":"pa_brand-hooopstore","15":"pa_color-beyaz","16":"pa_size-large","17":"pa_size-medium","18":"pa_size-small","19":"pa_size-xlarge","21":"first","22":"instock","23":"sale","24":"shipping-taxable","25":"purchasable","26":"product-type-variable"},"_links":{"self":[{"href":"https:\/\/mod.wisdar.net\/tr\/wp-json\/wp\/v2\/product\/28259","targetHints":{"allow":["GET"]}}],"collection":[{"href":"https:\/\/mod.wisdar.net\/tr\/wp-json\/wp\/v2\/product"}],"about":[{"href":"https:\/\/mod.wisdar.net\/tr\/wp-json\/wp\/v2\/types\/product"}],"replies":[{"embeddable":true,"href":"https:\/\/mod.wisdar.net\/tr\/wp-json\/wp\/v2\/comments?post=28259"}],"wp:featuredmedia":[{"embeddable":true,"href":"https:\/\/mod.wisdar.net\/tr\/wp-json\/wp\/v2\/media\/51871"}],"wp:attachment":[{"href":"https:\/\/mod.wisdar.net\/tr\/wp-json\/wp\/v2\/media?parent=28259"}],"wp:term":[{"taxonomy":"product_brand","embeddable":true,"href":"https:\/\/mod.wisdar.net\/tr\/wp-json\/wp\/v2\/product_brand?post=28259"},{"taxonomy":"product_cat","embeddable":true,"href":"https:\/\/mod.wisdar.net\/tr\/wp-json\/wp\/v2\/product_cat?post=28259"},{"taxonomy":"product_tag","embeddable":true,"href":"https:\/\/mod.wisdar.net\/tr\/wp-json\/wp\/v2\/product_tag?post=28259"}],"curies":[{"name":"wp","href":"https:\/\/api.w.org\/{rel}","templated":true}]}}