{"id":28346,"date":"2025-11-20T19:25:36","date_gmt":"2025-11-20T19:25:36","guid":{"rendered":"https:\/\/modesthanim.com\/product\/premium-belden-oturma-detayli-visne-elbise\/"},"modified":"2026-04-05T22:10:58","modified_gmt":"2026-04-05T22:10:58","slug":"premium-belden-oturma-detayli-visne-elbise","status":"publish","type":"product","link":"https:\/\/mod.wisdar.net\/tr\/urun\/premium-belden-oturma-detayli-visne-elbise\/","title":{"rendered":"Premium Belden Oturma Detayl\u0131 Vi\u015fne Elbise"},"content":{"rendered":"<p>PREM\u0130UM BELDEN OTURMA DETAYLI V\u0130\u015eNE ELB\u0130SE \u00d6ZELL\u0130KLER\u0130 Bisiklet yakal\u0131, vatkal\u0131, arkadan fermuarl\u0131, omuzdan b\u00fczg\u00fcl\u00fc ve kol u\u00e7lar\u0131 pili ka\u015fe detayl\u0131, kendi kuma\u015f\u0131ndan biye kemerli, tam kal\u0131p, astars\u0131z premium belden oturma detayl\u0131 elbise. \u0130\u00c7ER\u0130\u011e\u0130 VE YIKANMASI %77 Pes %20 Polyemid %3 Elastan 30 derecede hassas, sentetik ve narin programlar\u0131 ile y\u0131kanmal\u0131d\u0131r. El ile \u00f6l\u00e7\u00fcmlerde 2-3 cm farkl\u0131l\u0131k g\u00f6sterebilir. Manken Bedeni: Small Manken \u00d6l\u00e7\u00fcs\u00fc: Boy: 1.74 cm, G\u00f6\u011f\u00fcs: 78 cm, Bel: 58 cm, Basen: 87 cm<\/p>\n","protected":false},"excerpt":{"rendered":"<p>PREM\u0130UM BELDEN OTURMA DETAYLI V\u0130\u015eNE ELB\u0130SE \u00d6ZELL\u0130KLER\u0130 Bisiklet yakal\u0131, vatkal\u0131, arkadan fermuarl\u0131, omuzdan b\u00fczg\u00fcl\u00fc ve kol u\u00e7lar\u0131 pili ka\u015fe detayl\u0131, kendi kuma\u015f\u0131ndan biye kemerli, tam kal\u0131p, astars\u0131z premium belden oturma detayl\u0131 elbise. \u0130\u00c7ER\u0130\u011e\u0130 VE YIKANMASI %77 Pes %20 Polyemid %3 Elastan 30 derecede hassas, sentetik ve narin programlar\u0131 ile y\u0131kanmal\u0131d\u0131r. El ile \u00f6l\u00e7\u00fcmlerde 2-3 cm [&hellip;]<\/p>\n","protected":false},"featured_media":51867,"comment_status":"open","ping_status":"closed","template":"","meta":[],"product_brand":[],"product_cat":[6249],"product_tag":[8450],"class_list":{"0":"post-28346","1":"product","2":"type-product","3":"status-publish","4":"has-post-thumbnail","6":"product_cat-elbiseler","7":"product_tag-premium","8":"pa_brand-hooopstore","9":"pa_color-visne-rengi","10":"pa_size-large","11":"pa_size-medium","12":"pa_size-small","14":"first","15":"instock","16":"sale","17":"shipping-taxable","18":"purchasable","19":"product-type-variable"},"_links":{"self":[{"href":"https:\/\/mod.wisdar.net\/tr\/wp-json\/wp\/v2\/product\/28346","targetHints":{"allow":["GET"]}}],"collection":[{"href":"https:\/\/mod.wisdar.net\/tr\/wp-json\/wp\/v2\/product"}],"about":[{"href":"https:\/\/mod.wisdar.net\/tr\/wp-json\/wp\/v2\/types\/product"}],"replies":[{"embeddable":true,"href":"https:\/\/mod.wisdar.net\/tr\/wp-json\/wp\/v2\/comments?post=28346"}],"wp:featuredmedia":[{"embeddable":true,"href":"https:\/\/mod.wisdar.net\/tr\/wp-json\/wp\/v2\/media\/51867"}],"wp:attachment":[{"href":"https:\/\/mod.wisdar.net\/tr\/wp-json\/wp\/v2\/media?parent=28346"}],"wp:term":[{"taxonomy":"product_brand","embeddable":true,"href":"https:\/\/mod.wisdar.net\/tr\/wp-json\/wp\/v2\/product_brand?post=28346"},{"taxonomy":"product_cat","embeddable":true,"href":"https:\/\/mod.wisdar.net\/tr\/wp-json\/wp\/v2\/product_cat?post=28346"},{"taxonomy":"product_tag","embeddable":true,"href":"https:\/\/mod.wisdar.net\/tr\/wp-json\/wp\/v2\/product_tag?post=28346"}],"curies":[{"name":"wp","href":"https:\/\/api.w.org\/{rel}","templated":true}]}}