{"id":28483,"date":"2025-11-20T19:29:53","date_gmt":"2025-11-20T19:29:53","guid":{"rendered":"https:\/\/modesthanim.com\/product\/premium-belden-oturma-detayli-vanilya-elbise\/"},"modified":"2026-02-09T07:59:27","modified_gmt":"2026-02-09T07:59:27","slug":"premium-belden-oturma-detayli-vanilya-elbise","status":"publish","type":"product","link":"https:\/\/mod.wisdar.net\/tr\/urun\/premium-belden-oturma-detayli-vanilya-elbise\/","title":{"rendered":"Premium Belden Oturma Detayl\u0131 Vanilya Elbise"},"content":{"rendered":"<p>PREM\u0130UM BELDEN OTURMA DETAYLI VAN\u0130LYA ELB\u0130SE \u00d6ZELL\u0130KLER\u0130  Bisiklet yakal\u0131, vatkal\u0131, arkadan fermuarl\u0131, omuzdan b\u00fczg\u00fcl\u00fc ve kol u\u00e7lar\u0131 pili ka\u015fe detayl\u0131, kendi kuma\u015f\u0131ndan biye kemerli, tam kal\u0131p, astars\u0131z premium belden oturma detayl\u0131 elbise.  \u0130\u00c7ER\u0130\u011e\u0130 VE YIKANMASI  %77 Pes %20 Polyemid %3 Elastan  30 derecede hassas, sentetik ve narin programlar\u0131 ile y\u0131kanmal\u0131d\u0131r.   El ile \u00f6l\u00e7\u00fcmlerde 2-3 cm farkl\u0131l\u0131k g\u00f6sterebilir. Manken Bedeni: Small Manken \u00d6l\u00e7\u00fcs\u00fc: Boy: 1.74 cm, G\u00f6\u011f\u00fcs: 78 cm, Bel: 58 cm, Basen: 87 cm<\/p>\n<p>\u2014 Technical Details \u2014<br \/>\nwashing_instructions: 30 derecede hassas, sentetik ve narin programlar\u0131 ile y\u0131kanmal\u0131d\u0131r<br \/>\nfit: tam kal\u0131p<br \/>\nfeatures: bisiklet yakal\u0131, vatkal\u0131, arkadan fermuarl\u0131, omuzdan b\u00fczg\u00fcl\u00fc, kol u\u00e7lar\u0131 pili ka\u015fe detayl\u0131, kendi kuma\u015f\u0131ndan biye kemerli, astars\u0131z<\/p>\n","protected":false},"excerpt":{"rendered":"<p>PREM\u0130UM BELDEN OTURMA DETAYLI VAN\u0130LYA ELB\u0130SE \u00d6ZELL\u0130KLER\u0130 Bisiklet yakal\u0131, vatkal\u0131, arkadan fermuarl\u0131, omuzdan b\u00fczg\u00fcl\u00fc ve kol u\u00e7lar\u0131 pili ka\u015fe detayl\u0131, kendi kuma\u015f\u0131ndan biye kemerli, tam kal\u0131p, astars\u0131z premium belden oturma detayl\u0131 elbise. \u0130\u00c7ER\u0130\u011e\u0130 VE YIKANMASI %77 Pes %20 Polyemid %3 Elastan 30 derecede hassas, sentetik ve narin programlar\u0131 ile y\u0131kanmal\u0131d\u0131r. El ile \u00f6l\u00e7\u00fcmlerde 2-3 cm [&hellip;]<\/p>\n","protected":false},"featured_media":51855,"comment_status":"open","ping_status":"closed","template":"","meta":[],"product_brand":[],"product_cat":[6249],"product_tag":[7418,8450],"class_list":{"0":"post-28483","1":"product","2":"type-product","3":"status-publish","4":"has-post-thumbnail","6":"product_cat-elbiseler","7":"product_tag-fermuar","8":"product_tag-premium","9":"pa_brand-hooopstore","10":"pa_color-vanilya","11":"pa_size-large","12":"pa_size-medium","13":"pa_size-small","15":"first","16":"instock","17":"sale","18":"shipping-taxable","19":"purchasable","20":"product-type-variable"},"_links":{"self":[{"href":"https:\/\/mod.wisdar.net\/tr\/wp-json\/wp\/v2\/product\/28483","targetHints":{"allow":["GET"]}}],"collection":[{"href":"https:\/\/mod.wisdar.net\/tr\/wp-json\/wp\/v2\/product"}],"about":[{"href":"https:\/\/mod.wisdar.net\/tr\/wp-json\/wp\/v2\/types\/product"}],"replies":[{"embeddable":true,"href":"https:\/\/mod.wisdar.net\/tr\/wp-json\/wp\/v2\/comments?post=28483"}],"wp:featuredmedia":[{"embeddable":true,"href":"https:\/\/mod.wisdar.net\/tr\/wp-json\/wp\/v2\/media\/51855"}],"wp:attachment":[{"href":"https:\/\/mod.wisdar.net\/tr\/wp-json\/wp\/v2\/media?parent=28483"}],"wp:term":[{"taxonomy":"product_brand","embeddable":true,"href":"https:\/\/mod.wisdar.net\/tr\/wp-json\/wp\/v2\/product_brand?post=28483"},{"taxonomy":"product_cat","embeddable":true,"href":"https:\/\/mod.wisdar.net\/tr\/wp-json\/wp\/v2\/product_cat?post=28483"},{"taxonomy":"product_tag","embeddable":true,"href":"https:\/\/mod.wisdar.net\/tr\/wp-json\/wp\/v2\/product_tag?post=28483"}],"curies":[{"name":"wp","href":"https:\/\/api.w.org\/{rel}","templated":true}]}}