{"id":28725,"date":"2025-11-20T19:47:15","date_gmt":"2025-11-20T19:47:15","guid":{"rendered":"https:\/\/modesthanim.com\/product\/sik-lacivert-elbise\/"},"modified":"2026-04-03T12:40:34","modified_gmt":"2026-04-03T12:40:34","slug":"sik-lacivert-elbise","status":"publish","type":"product","link":"https:\/\/mod.wisdar.net\/tr\/urun\/sik-lacivert-elbise\/","title":{"rendered":"\u015e\u0131k Lacivert Elbise"},"content":{"rendered":"<p>Bu zarif elbise, 1. S\u0131n\u0131f Marsel Kot kuma\u015f\u0131ndan (kimyasal i\u015flem g\u00f6rmemi\u015f saf pamuk dokuma) \u00fcretilmi\u015ftir. Elbise tam boy fermuarl\u0131 olup, kemer detay\u0131 ve cepleri ile hem \u015f\u0131k hem de fonksiyonel bir tasar\u0131ma sahiptir.<\/p>\n<p>\u2014 Teknik Detaylar \u2014<br \/>\nBoy: 134 cm<br \/>\nOmuz: 39 cm<br \/>\nG\u00f6\u011f\u00fcs: 48 cm<br \/>\nBel: 42 cm<\/p>\n","protected":false},"excerpt":{"rendered":"<p>Bu zarif elbise, 1. S\u0131n\u0131f Marsel Kot kuma\u015f\u0131ndan (kimyasal i\u015flem g\u00f6rmemi\u015f saf pamuk dokuma) \u00fcretilmi\u015ftir. Elbise tam boy fermuarl\u0131 olup, kemer detay\u0131 ve cepleri ile hem \u015f\u0131k hem de fonksiyonel bir tasar\u0131ma sahiptir. \u2014 Teknik Detaylar \u2014 Boy: 134 cm Omuz: 39 cm G\u00f6\u011f\u00fcs: 48 cm Bel: 42 cm<\/p>\n","protected":false},"featured_media":51832,"comment_status":"open","ping_status":"closed","template":"","meta":[],"product_brand":[],"product_cat":[6249,1933],"product_tag":[],"class_list":{"0":"post-28725","1":"product","2":"type-product","3":"status-publish","4":"has-post-thumbnail","6":"product_cat-elbiseler","7":"product_cat-gunluk-ve-gunduz-elbiseleri","8":"pa_brand-butikkolik","9":"pa_color-lacivert","10":"pa_size-4706","11":"pa_size-4711","12":"pa_size-4713","13":"pa_size-4751","15":"first","16":"instock","17":"sale","18":"shipping-taxable","19":"purchasable","20":"product-type-variable"},"_links":{"self":[{"href":"https:\/\/mod.wisdar.net\/tr\/wp-json\/wp\/v2\/product\/28725","targetHints":{"allow":["GET"]}}],"collection":[{"href":"https:\/\/mod.wisdar.net\/tr\/wp-json\/wp\/v2\/product"}],"about":[{"href":"https:\/\/mod.wisdar.net\/tr\/wp-json\/wp\/v2\/types\/product"}],"replies":[{"embeddable":true,"href":"https:\/\/mod.wisdar.net\/tr\/wp-json\/wp\/v2\/comments?post=28725"}],"wp:featuredmedia":[{"embeddable":true,"href":"https:\/\/mod.wisdar.net\/tr\/wp-json\/wp\/v2\/media\/51832"}],"wp:attachment":[{"href":"https:\/\/mod.wisdar.net\/tr\/wp-json\/wp\/v2\/media?parent=28725"}],"wp:term":[{"taxonomy":"product_brand","embeddable":true,"href":"https:\/\/mod.wisdar.net\/tr\/wp-json\/wp\/v2\/product_brand?post=28725"},{"taxonomy":"product_cat","embeddable":true,"href":"https:\/\/mod.wisdar.net\/tr\/wp-json\/wp\/v2\/product_cat?post=28725"},{"taxonomy":"product_tag","embeddable":true,"href":"https:\/\/mod.wisdar.net\/tr\/wp-json\/wp\/v2\/product_tag?post=28725"}],"curies":[{"name":"wp","href":"https:\/\/api.w.org\/{rel}","templated":true}]}}