{"id":28758,"date":"2025-11-20T19:47:46","date_gmt":"2025-11-20T19:47:46","guid":{"rendered":"https:\/\/modesthanim.com\/product\/oya-elbise-haki\/"},"modified":"2026-04-03T12:33:43","modified_gmt":"2026-04-03T12:33:43","slug":"oya-elbise-haki","status":"publish","type":"product","link":"https:\/\/mod.wisdar.net\/tr\/urun\/oya-elbise-haki\/","title":{"rendered":"Oya Elbise Haki"},"content":{"rendered":"<p>Elbise 1.S\u0131n\u0131f Likral\u0131 Fitilli Zara Kuma\u015ft\u0131r<br \/>\nElbise Yar\u0131ya Kadar D\u00fc\u011fmelidir<br \/>\nElbise Bal\u0131k Formundad\u0131r<br \/>\nElbise Seyyar Ku\u015fakl\u0131d\u0131r<br \/>\nElbise Boy 140cm Omuz 33cm G\u00f6\u011f\u00fcs 45cm Bel44<\/p>\n","protected":false},"excerpt":{"rendered":"<p>Elbise 1.S\u0131n\u0131f Likral\u0131 Fitilli Zara Kuma\u015ft\u0131r Elbise Yar\u0131ya Kadar D\u00fc\u011fmelidir Elbise Bal\u0131k Formundad\u0131r Elbise Seyyar Ku\u015fakl\u0131d\u0131r Elbise Boy 140cm Omuz 33cm G\u00f6\u011f\u00fcs 45cm Bel44<\/p>\n","protected":false},"featured_media":51831,"comment_status":"open","ping_status":"closed","template":"","meta":[],"product_brand":[],"product_cat":[6249],"product_tag":[7803],"class_list":{"0":"post-28758","1":"product","2":"type-product","3":"status-publish","4":"has-post-thumbnail","6":"product_cat-elbiseler","7":"product_tag-tesettur-giyim","8":"pa_brand-butikkolik","9":"pa_color-haki","10":"pa_size-4701","11":"pa_size-4706","12":"pa_size-4711","13":"pa_size-4713","14":"pa_size-4751","15":"pa_size-4749","17":"first","18":"instock","19":"sale","20":"shipping-taxable","21":"purchasable","22":"product-type-variable"},"_links":{"self":[{"href":"https:\/\/mod.wisdar.net\/tr\/wp-json\/wp\/v2\/product\/28758","targetHints":{"allow":["GET"]}}],"collection":[{"href":"https:\/\/mod.wisdar.net\/tr\/wp-json\/wp\/v2\/product"}],"about":[{"href":"https:\/\/mod.wisdar.net\/tr\/wp-json\/wp\/v2\/types\/product"}],"replies":[{"embeddable":true,"href":"https:\/\/mod.wisdar.net\/tr\/wp-json\/wp\/v2\/comments?post=28758"}],"wp:featuredmedia":[{"embeddable":true,"href":"https:\/\/mod.wisdar.net\/tr\/wp-json\/wp\/v2\/media\/51831"}],"wp:attachment":[{"href":"https:\/\/mod.wisdar.net\/tr\/wp-json\/wp\/v2\/media?parent=28758"}],"wp:term":[{"taxonomy":"product_brand","embeddable":true,"href":"https:\/\/mod.wisdar.net\/tr\/wp-json\/wp\/v2\/product_brand?post=28758"},{"taxonomy":"product_cat","embeddable":true,"href":"https:\/\/mod.wisdar.net\/tr\/wp-json\/wp\/v2\/product_cat?post=28758"},{"taxonomy":"product_tag","embeddable":true,"href":"https:\/\/mod.wisdar.net\/tr\/wp-json\/wp\/v2\/product_tag?post=28758"}],"curies":[{"name":"wp","href":"https:\/\/api.w.org\/{rel}","templated":true}]}}