{"id":28946,"date":"2025-11-20T20:03:59","date_gmt":"2025-11-20T20:03:59","guid":{"rendered":"https:\/\/modesthanim.com\/product\/begum-elbise-lacivert\/"},"modified":"2026-03-17T12:06:49","modified_gmt":"2026-03-17T12:06:49","slug":"begum-elbise-lacivert","status":"publish","type":"product","link":"https:\/\/mod.wisdar.net\/tr\/urun\/begum-elbise-lacivert\/","title":{"rendered":"Beg\u00fcm Elbise Lacivert"},"content":{"rendered":"<p>Bu elbise birinci s\u0131n\u0131f tensel kuma\u015ftan \u00fcretilmi\u015ftir. Yandan ba\u011flama detay\u0131na sahiptir. Par\u00e7a detayl\u0131 tasar\u0131m\u0131 ile \u00f6ne \u00e7\u0131kmaktad\u0131r. Bilek k\u0131sm\u0131 lastikli olup rahat bir kullan\u0131m sunar. Elbise boyu: 131 cm<\/p>\n","protected":false},"excerpt":{"rendered":"<p>Bu elbise birinci s\u0131n\u0131f tensel kuma\u015ftan \u00fcretilmi\u015ftir. Yandan ba\u011flama detay\u0131na sahiptir. Par\u00e7a detayl\u0131 tasar\u0131m\u0131 ile \u00f6ne \u00e7\u0131kmaktad\u0131r. Bilek k\u0131sm\u0131 lastikli olup rahat bir kullan\u0131m sunar. Elbise boyu: 131 cm<\/p>\n","protected":false},"featured_media":51824,"comment_status":"open","ping_status":"closed","template":"","meta":[],"product_brand":[],"product_cat":[6249],"product_tag":[],"class_list":{"0":"post-28946","1":"product","2":"type-product","3":"status-publish","4":"has-post-thumbnail","6":"product_cat-elbiseler","7":"pa_brand-butikkolik","8":"pa_color-lacivert","9":"pa_size-4706","10":"pa_size-4711","11":"pa_size-4713","12":"pa_size-4751","13":"pa_size-4749","15":"first","16":"outofstock","17":"shipping-taxable","18":"product-type-variable"},"_links":{"self":[{"href":"https:\/\/mod.wisdar.net\/tr\/wp-json\/wp\/v2\/product\/28946","targetHints":{"allow":["GET"]}}],"collection":[{"href":"https:\/\/mod.wisdar.net\/tr\/wp-json\/wp\/v2\/product"}],"about":[{"href":"https:\/\/mod.wisdar.net\/tr\/wp-json\/wp\/v2\/types\/product"}],"replies":[{"embeddable":true,"href":"https:\/\/mod.wisdar.net\/tr\/wp-json\/wp\/v2\/comments?post=28946"}],"wp:featuredmedia":[{"embeddable":true,"href":"https:\/\/mod.wisdar.net\/tr\/wp-json\/wp\/v2\/media\/51824"}],"wp:attachment":[{"href":"https:\/\/mod.wisdar.net\/tr\/wp-json\/wp\/v2\/media?parent=28946"}],"wp:term":[{"taxonomy":"product_brand","embeddable":true,"href":"https:\/\/mod.wisdar.net\/tr\/wp-json\/wp\/v2\/product_brand?post=28946"},{"taxonomy":"product_cat","embeddable":true,"href":"https:\/\/mod.wisdar.net\/tr\/wp-json\/wp\/v2\/product_cat?post=28946"},{"taxonomy":"product_tag","embeddable":true,"href":"https:\/\/mod.wisdar.net\/tr\/wp-json\/wp\/v2\/product_tag?post=28946"}],"curies":[{"name":"wp","href":"https:\/\/api.w.org\/{rel}","templated":true}]}}