{"id":28991,"date":"2025-11-20T20:04:39","date_gmt":"2025-11-20T20:04:39","guid":{"rendered":"https:\/\/modesthanim.com\/product\/beste-elbise-pudra\/"},"modified":"2026-04-15T21:54:23","modified_gmt":"2026-04-15T21:54:23","slug":"beste-elbise-pudra","status":"publish","type":"product","link":"https:\/\/mod.wisdar.net\/tr\/urun\/beste-elbise-pudra\/","title":{"rendered":"Beste Elbise Pudra"},"content":{"rendered":"<p>Elbise 1. S\u0131n\u0131f Scuba Kuma\u015ftan \u00fcretilmi\u015ftir<br \/>\nElbise yaka arkas\u0131ndan fermuarl\u0131d\u0131r<br \/>\nElbise seyyar ku\u015fakl\u0131d\u0131r<br \/>\nElbise boyu: 140cm, omuz: 35cm, g\u00f6\u011f\u00fcs: 46cm, bel: 35cm<\/p>\n<p>\u2014 Teknik Detaylar \u2014<br \/>\nUzunluk: 140cm<br \/>\nOmuz: 35cm<br \/>\nG\u00f6\u011f\u00fcs: 46cm<br \/>\nBel: 35cm<br \/>\nKapan\u0131\u015f: Arka fermuar<br \/>\nKemer: \u00c7\u0131kar\u0131labilir kemer<\/p>\n","protected":false},"excerpt":{"rendered":"<p>Elbise 1. S\u0131n\u0131f Scuba Kuma\u015ftan \u00fcretilmi\u015ftir Elbise yaka arkas\u0131ndan fermuarl\u0131d\u0131r Elbise seyyar ku\u015fakl\u0131d\u0131r Elbise boyu: 140cm, omuz: 35cm, g\u00f6\u011f\u00fcs: 46cm, bel: 35cm \u2014 Teknik Detaylar \u2014 Uzunluk: 140cm Omuz: 35cm G\u00f6\u011f\u00fcs: 46cm Bel: 35cm Kapan\u0131\u015f: Arka fermuar Kemer: \u00c7\u0131kar\u0131labilir kemer<\/p>\n","protected":false},"featured_media":51822,"comment_status":"open","ping_status":"closed","template":"","meta":[],"product_brand":[],"product_cat":[6249],"product_tag":[],"class_list":{"0":"post-28991","1":"product","2":"type-product","3":"status-publish","4":"has-post-thumbnail","6":"product_cat-elbiseler","7":"pa_brand-butikkolik","8":"pa_color-pudra","9":"pa_size-4706","10":"pa_size-4711","11":"pa_size-4713","12":"pa_size-4751","14":"first","15":"outofstock","16":"shipping-taxable","17":"product-type-variable"},"_links":{"self":[{"href":"https:\/\/mod.wisdar.net\/tr\/wp-json\/wp\/v2\/product\/28991","targetHints":{"allow":["GET"]}}],"collection":[{"href":"https:\/\/mod.wisdar.net\/tr\/wp-json\/wp\/v2\/product"}],"about":[{"href":"https:\/\/mod.wisdar.net\/tr\/wp-json\/wp\/v2\/types\/product"}],"replies":[{"embeddable":true,"href":"https:\/\/mod.wisdar.net\/tr\/wp-json\/wp\/v2\/comments?post=28991"}],"wp:featuredmedia":[{"embeddable":true,"href":"https:\/\/mod.wisdar.net\/tr\/wp-json\/wp\/v2\/media\/51822"}],"wp:attachment":[{"href":"https:\/\/mod.wisdar.net\/tr\/wp-json\/wp\/v2\/media?parent=28991"}],"wp:term":[{"taxonomy":"product_brand","embeddable":true,"href":"https:\/\/mod.wisdar.net\/tr\/wp-json\/wp\/v2\/product_brand?post=28991"},{"taxonomy":"product_cat","embeddable":true,"href":"https:\/\/mod.wisdar.net\/tr\/wp-json\/wp\/v2\/product_cat?post=28991"},{"taxonomy":"product_tag","embeddable":true,"href":"https:\/\/mod.wisdar.net\/tr\/wp-json\/wp\/v2\/product_tag?post=28991"}],"curies":[{"name":"wp","href":"https:\/\/api.w.org\/{rel}","templated":true}]}}