{"id":29023,"date":"2025-11-20T20:05:23","date_gmt":"2025-11-20T20:05:23","guid":{"rendered":"https:\/\/modesthanim.com\/product\/eylul-elbise-lacivert\/"},"modified":"2026-04-15T22:06:24","modified_gmt":"2026-04-15T22:06:24","slug":"eylul-elbise-lacivert","status":"publish","type":"product","link":"https:\/\/mod.wisdar.net\/tr\/urun\/eylul-elbise-lacivert\/","title":{"rendered":"Eyl\u00fcl Elbise Lacivert"},"content":{"rendered":"<p>Elbise 1.S\u0131n\u0131f \u0130pek Cupra Kuma\u015ft\u0131r<br \/>\nElbise Yaka Arkas\u0131ndan Fermuarl\u0131d\u0131r<br \/>\nElbise D\u00fc\u015f\u00fck Omuzdur<br \/>\nElbise Kol Ucu Lastiklidir<br \/>\nElbise Gold D\u00fc\u011fme Detayl\u0131d\u0131r<br \/>\nElbise Seyyar Ku\u015fakl\u0131d\u0131r<br \/>\nElbise Boy 145cm G\u00f6\u011f\u00fcs 60cm<\/p>\n","protected":false},"excerpt":{"rendered":"<p>Elbise 1.S\u0131n\u0131f \u0130pek Cupra Kuma\u015ft\u0131r Elbise Yaka Arkas\u0131ndan Fermuarl\u0131d\u0131r Elbise D\u00fc\u015f\u00fck Omuzdur Elbise Kol Ucu Lastiklidir Elbise Gold D\u00fc\u011fme Detayl\u0131d\u0131r Elbise Seyyar Ku\u015fakl\u0131d\u0131r Elbise Boy 145cm G\u00f6\u011f\u00fcs 60cm<\/p>\n","protected":false},"featured_media":51819,"comment_status":"open","ping_status":"closed","template":"","meta":[],"product_brand":[],"product_cat":[6249],"product_tag":[8376,5012],"class_list":{"0":"post-29023","1":"product","2":"type-product","3":"status-publish","4":"has-post-thumbnail","6":"product_cat-elbiseler","7":"product_tag-altin-dugmeler","8":"product_tag-elegant","9":"pa_brand-butikkolik","10":"pa_color-lacivert","11":"pa_size-1-38-40","12":"pa_size-2-42-44","13":"pa_size-3-44-46","15":"first","16":"outofstock","17":"shipping-taxable","18":"product-type-variable"},"_links":{"self":[{"href":"https:\/\/mod.wisdar.net\/tr\/wp-json\/wp\/v2\/product\/29023","targetHints":{"allow":["GET"]}}],"collection":[{"href":"https:\/\/mod.wisdar.net\/tr\/wp-json\/wp\/v2\/product"}],"about":[{"href":"https:\/\/mod.wisdar.net\/tr\/wp-json\/wp\/v2\/types\/product"}],"replies":[{"embeddable":true,"href":"https:\/\/mod.wisdar.net\/tr\/wp-json\/wp\/v2\/comments?post=29023"}],"wp:featuredmedia":[{"embeddable":true,"href":"https:\/\/mod.wisdar.net\/tr\/wp-json\/wp\/v2\/media\/51819"}],"wp:attachment":[{"href":"https:\/\/mod.wisdar.net\/tr\/wp-json\/wp\/v2\/media?parent=29023"}],"wp:term":[{"taxonomy":"product_brand","embeddable":true,"href":"https:\/\/mod.wisdar.net\/tr\/wp-json\/wp\/v2\/product_brand?post=29023"},{"taxonomy":"product_cat","embeddable":true,"href":"https:\/\/mod.wisdar.net\/tr\/wp-json\/wp\/v2\/product_cat?post=29023"},{"taxonomy":"product_tag","embeddable":true,"href":"https:\/\/mod.wisdar.net\/tr\/wp-json\/wp\/v2\/product_tag?post=29023"}],"curies":[{"name":"wp","href":"https:\/\/api.w.org\/{rel}","templated":true}]}}