{"id":29142,"date":"2025-11-23T20:23:45","date_gmt":"2025-11-23T20:23:45","guid":{"rendered":"https:\/\/modesthanim.com\/product\/vatkali-compact-pamuk-siyah-sweatshirt\/"},"modified":"2025-12-17T13:46:32","modified_gmt":"2025-12-17T13:46:32","slug":"vatkali-compact-pamuk-siyah-sweatshirt","status":"publish","type":"product","link":"https:\/\/mod.wisdar.net\/tr\/urun\/vatkali-compact-pamuk-siyah-sweatshirt\/","title":{"rendered":"Vatkal\u0131 Compact Pamuk Siyah Sweatshirt"},"content":{"rendered":"<p>Vatkal\u0131 Compact Pamuk Sweatshirt \u00d6zellikleri<br \/>\nYakas\u0131z, kollar\u0131 aller detayl\u0131 ve vatkal\u0131, compact pamuk kuma\u015ftan rahat kesim sweatshirt.<br \/>\n%90 Pamuk %10 Viskon<br \/>\nMaksimum 30 derecede y\u0131kama yap\u0131n\u0131z. D\u00fc\u015f\u00fck s\u0131cakl\u0131kta \u00fct\u00fcleyiniz.<\/p>\n","protected":false},"excerpt":{"rendered":"<p>Vatkal\u0131 Compact Pamuk Sweatshirt \u00d6zellikleri<br \/>\nYakas\u0131z, kollar\u0131 aller detayl\u0131 ve vatkal\u0131, compact pamuk kuma\u015ftan rahat kesim sweatshirt.<br \/>\n%90 Pamuk %10 Viskon<br \/>\nMaksimum 30 derecede y\u0131kama yap\u0131n\u0131z. D\u00fc\u015f\u00fck s\u0131cakl\u0131kta \u00fct\u00fcleyiniz.<\/p>\n","protected":false},"featured_media":29130,"comment_status":"open","ping_status":"closed","template":"","meta":[],"product_brand":[],"product_cat":[1853],"product_tag":[4254,3543,4112,3290,4322],"class_list":{"0":"post-29142","1":"product","2":"type-product","3":"status-publish","4":"has-post-thumbnail","6":"product_cat-womens-fashion-ar","7":"product_tag-compact","8":"product_tag-pamuk","9":"product_tag-siyah","10":"product_tag-sweatshirt","11":"product_tag-vatkali","13":"first","14":"instock","15":"shipping-taxable","16":"purchasable","17":"product-type-variable"},"_links":{"self":[{"href":"https:\/\/mod.wisdar.net\/tr\/wp-json\/wp\/v2\/product\/29142","targetHints":{"allow":["GET"]}}],"collection":[{"href":"https:\/\/mod.wisdar.net\/tr\/wp-json\/wp\/v2\/product"}],"about":[{"href":"https:\/\/mod.wisdar.net\/tr\/wp-json\/wp\/v2\/types\/product"}],"replies":[{"embeddable":true,"href":"https:\/\/mod.wisdar.net\/tr\/wp-json\/wp\/v2\/comments?post=29142"}],"version-history":[{"count":0,"href":"https:\/\/mod.wisdar.net\/tr\/wp-json\/wp\/v2\/product\/29142\/revisions"}],"wp:featuredmedia":[{"embeddable":true,"href":"https:\/\/mod.wisdar.net\/tr\/wp-json\/wp\/v2\/media\/29130"}],"wp:attachment":[{"href":"https:\/\/mod.wisdar.net\/tr\/wp-json\/wp\/v2\/media?parent=29142"}],"wp:term":[{"taxonomy":"product_brand","embeddable":true,"href":"https:\/\/mod.wisdar.net\/tr\/wp-json\/wp\/v2\/product_brand?post=29142"},{"taxonomy":"product_cat","embeddable":true,"href":"https:\/\/mod.wisdar.net\/tr\/wp-json\/wp\/v2\/product_cat?post=29142"},{"taxonomy":"product_tag","embeddable":true,"href":"https:\/\/mod.wisdar.net\/tr\/wp-json\/wp\/v2\/product_tag?post=29142"}],"curies":[{"name":"wp","href":"https:\/\/api.w.org\/{rel}","templated":true}]}}