{"id":29196,"date":"2025-11-23T20:24:56","date_gmt":"2025-11-23T20:24:56","guid":{"rendered":"https:\/\/modesthanim.com\/product\/vatkali-compact-pamuk-aci-kahve-sweatshirt\/"},"modified":"2026-01-15T07:59:21","modified_gmt":"2026-01-15T07:59:21","slug":"vatkali-compact-pamuk-aci-kahve-sweatshirt","status":"publish","type":"product","link":"https:\/\/mod.wisdar.net\/tr\/urun\/vatkali-compact-pamuk-aci-kahve-sweatshirt\/","title":{"rendered":"Vatkal\u0131 Compact Pamuk Ac\u0131 Kahve Sweatshirt"},"content":{"rendered":"<p>Vatkal\u0131 Compact Pamuk Sweatshirt \u00d6zellikleri Yakas\u0131z, kollar\u0131 aller detayl\u0131 ve vatkal\u0131, compact pamuk kuma\u015ftan rahat kesim sweatshirt. %90 Pamuk %10 Viskon Maksimum 30 derecede y\u0131kama yap\u0131n\u0131z. D\u00fc\u015f\u00fck s\u0131cakl\u0131kta \u00fct\u00fcleyiniz.<\/p>\n","protected":false},"excerpt":{"rendered":"<p>Vatkal\u0131 Compact Pamuk Sweatshirt \u00d6zellikleri Yakas\u0131z, kollar\u0131 aller detayl\u0131 ve vatkal\u0131, compact pamuk kuma\u015ftan rahat kesim sweatshirt. %90 Pamuk %10 Viskon Maksimum 30 derecede y\u0131kama yap\u0131n\u0131z. D\u00fc\u015f\u00fck s\u0131cakl\u0131kta \u00fct\u00fcleyiniz.<\/p>\n","protected":false},"featured_media":29184,"comment_status":"open","ping_status":"closed","template":"","meta":[],"product_brand":[],"product_cat":[1909,1927],"product_tag":[7426,7488,6751,7422],"class_list":{"0":"post-29196","1":"product","2":"type-product","3":"status-publish","4":"has-post-thumbnail","6":"product_cat-bluzlar-ve-gomlekler","7":"product_cat-hoodies-sweatshirtler","8":"product_tag-gunluk-giyim-3","9":"product_tag-pamuk","10":"product_tag-rahat","11":"product_tag-sweatshirt","12":"pa_brand-hooopstore","13":"pa_color-aci-kahve-1","14":"pa_size-m-l","15":"pa_size-s-m","17":"first","18":"instock","19":"sale","20":"shipping-taxable","21":"purchasable","22":"product-type-variable"},"_links":{"self":[{"href":"https:\/\/mod.wisdar.net\/tr\/wp-json\/wp\/v2\/product\/29196","targetHints":{"allow":["GET"]}}],"collection":[{"href":"https:\/\/mod.wisdar.net\/tr\/wp-json\/wp\/v2\/product"}],"about":[{"href":"https:\/\/mod.wisdar.net\/tr\/wp-json\/wp\/v2\/types\/product"}],"replies":[{"embeddable":true,"href":"https:\/\/mod.wisdar.net\/tr\/wp-json\/wp\/v2\/comments?post=29196"}],"wp:featuredmedia":[{"embeddable":true,"href":"https:\/\/mod.wisdar.net\/tr\/wp-json\/wp\/v2\/media\/29184"}],"wp:attachment":[{"href":"https:\/\/mod.wisdar.net\/tr\/wp-json\/wp\/v2\/media?parent=29196"}],"wp:term":[{"taxonomy":"product_brand","embeddable":true,"href":"https:\/\/mod.wisdar.net\/tr\/wp-json\/wp\/v2\/product_brand?post=29196"},{"taxonomy":"product_cat","embeddable":true,"href":"https:\/\/mod.wisdar.net\/tr\/wp-json\/wp\/v2\/product_cat?post=29196"},{"taxonomy":"product_tag","embeddable":true,"href":"https:\/\/mod.wisdar.net\/tr\/wp-json\/wp\/v2\/product_tag?post=29196"}],"curies":[{"name":"wp","href":"https:\/\/api.w.org\/{rel}","templated":true}]}}