{"id":29198,"date":"2025-11-23T20:24:55","date_gmt":"2025-11-23T20:24:55","guid":{"rendered":"https:\/\/modesthanim.com\/product\/ispanyol-kol-pamuklu-lacivert-sweatshirt\/"},"modified":"2026-04-10T12:21:34","modified_gmt":"2026-04-10T12:21:34","slug":"ispanyol-kol-pamuklu-lacivert-sweatshirt","status":"publish","type":"product","link":"https:\/\/mod.wisdar.net\/tr\/urun\/ispanyol-kol-pamuklu-lacivert-sweatshirt\/","title":{"rendered":"\u0130spanyol Kol Pamuklu Lacivert Sweatshirt"},"content":{"rendered":"<p>\u0130spanyol Kol Pamuklu Sweatshirt \u00d6zellikleri<br \/>\nBisiklet yaka, \u00f6nden kesik detayl\u0131, \u0130spanyol kol formuna sahip, yanlardan y\u0131rtma\u00e7l\u0131 rahat kesim pamuklu kuma\u015ftan sweatshirt.<br \/>\n%40 Pamuk %55 Viskon %5 Likra<br \/>\n30 derecede tersten y\u0131kama yap\u0131n\u0131z, d\u00fc\u015f\u00fck \u0131s\u0131da tersten \u00fct\u00fc yapabilirsiniz.<\/p>\n","protected":false},"excerpt":{"rendered":"<p>\u0130spanyol Kol Pamuklu Sweatshirt \u00d6zellikleri<br \/>\nBisiklet yaka, \u00f6nden kesik detayl\u0131, \u0130spanyol kol formuna sahip, yanlardan y\u0131rtma\u00e7l\u0131 rahat kesim pamuklu kuma\u015ftan sweatshirt.<br \/>\n%40 Pamuk %55 Viskon %5 Likra<br \/>\n30 derecede tersten y\u0131kama yap\u0131n\u0131z, d\u00fc\u015f\u00fck \u0131s\u0131da tersten \u00fct\u00fc yapabilirsiniz.<\/p>\n","protected":false},"featured_media":29186,"comment_status":"open","ping_status":"closed","template":"","meta":[],"product_brand":[],"product_cat":[1909,1927],"product_tag":[7422],"class_list":{"0":"post-29198","1":"product","2":"type-product","3":"status-publish","4":"has-post-thumbnail","6":"product_cat-bluzlar-ve-gomlekler","7":"product_cat-hoodies-sweatshirtler","8":"product_tag-sweatshirt","9":"pa_brand-hooopstore","10":"pa_color-lacivert","11":"pa_size-m-l","12":"pa_size-s-m","14":"first","15":"instock","16":"sale","17":"shipping-taxable","18":"purchasable","19":"product-type-variable"},"_links":{"self":[{"href":"https:\/\/mod.wisdar.net\/tr\/wp-json\/wp\/v2\/product\/29198","targetHints":{"allow":["GET"]}}],"collection":[{"href":"https:\/\/mod.wisdar.net\/tr\/wp-json\/wp\/v2\/product"}],"about":[{"href":"https:\/\/mod.wisdar.net\/tr\/wp-json\/wp\/v2\/types\/product"}],"replies":[{"embeddable":true,"href":"https:\/\/mod.wisdar.net\/tr\/wp-json\/wp\/v2\/comments?post=29198"}],"wp:featuredmedia":[{"embeddable":true,"href":"https:\/\/mod.wisdar.net\/tr\/wp-json\/wp\/v2\/media\/29186"}],"wp:attachment":[{"href":"https:\/\/mod.wisdar.net\/tr\/wp-json\/wp\/v2\/media?parent=29198"}],"wp:term":[{"taxonomy":"product_brand","embeddable":true,"href":"https:\/\/mod.wisdar.net\/tr\/wp-json\/wp\/v2\/product_brand?post=29198"},{"taxonomy":"product_cat","embeddable":true,"href":"https:\/\/mod.wisdar.net\/tr\/wp-json\/wp\/v2\/product_cat?post=29198"},{"taxonomy":"product_tag","embeddable":true,"href":"https:\/\/mod.wisdar.net\/tr\/wp-json\/wp\/v2\/product_tag?post=29198"}],"curies":[{"name":"wp","href":"https:\/\/api.w.org\/{rel}","templated":true}]}}