{"id":29264,"date":"2025-11-23T20:26:16","date_gmt":"2025-11-23T20:26:16","guid":{"rendered":"https:\/\/modesthanim.com\/product\/yanlari-yirtmacli-compact-lacivert-sweatshirt\/"},"modified":"2026-01-15T08:02:11","modified_gmt":"2026-01-15T08:02:11","slug":"yanlari-yirtmacli-compact-lacivert-sweatshirt","status":"publish","type":"product","link":"https:\/\/mod.wisdar.net\/tr\/urun\/yanlari-yirtmacli-compact-lacivert-sweatshirt\/","title":{"rendered":"Yanlar\u0131 Y\u0131rtma\u00e7l\u0131 Compact Lacivert Sweatshirt"},"content":{"rendered":"<p>Yanlar\u0131 Y\u0131rtma\u00e7l\u0131 Compact Sweatshirt \u00d6zellikleri Yakas\u0131z, d\u00fc\u015f\u00fck omuz, yanlardan y\u0131rtma\u00e7l\u0131 ve etek ucu man\u015fet detayl\u0131, compact pamuk kuma\u015ftan rahat kesim sweatshirt. %90 Pamuk %10 Viskon Maksimum 30 derecede y\u0131kama yap\u0131n\u0131z. D\u00fc\u015f\u00fck s\u0131cakl\u0131kta \u00fct\u00fcleyiniz.<\/p>\n<p>\u2014 Technical Details \u2014<br \/>\nwashing_instructions: Maksimum 30 derecede y\u0131kama yap\u0131n\u0131z. D\u00fc\u015f\u00fck s\u0131cakl\u0131kta \u00fct\u00fcleyiniz.<br \/>\nmodel_measurements: Boy: 1.74 cm, G\u00f6\u011f\u00fcs: 81 cm, Bel: 63 cm, Basen: 86 cm<br \/>\nproduct_measurements: {&#8216;\u00f6n_boy&#8217;: &#8217;58 cm&#8217;, &#8216;arka_boy&#8217;: &#8217;67 cm&#8217;, &#8216;g\u00f6\u011f\u00fcs_\u00e7evresi&#8217;: &#8216;124-130 cm&#8217;}<\/p>\n","protected":false},"excerpt":{"rendered":"<p>Yanlar\u0131 Y\u0131rtma\u00e7l\u0131 Compact Sweatshirt \u00d6zellikleri Yakas\u0131z, d\u00fc\u015f\u00fck omuz, yanlardan y\u0131rtma\u00e7l\u0131 ve etek ucu man\u015fet detayl\u0131, compact pamuk kuma\u015ftan rahat kesim sweatshirt. %90 Pamuk %10 Viskon Maksimum 30 derecede y\u0131kama yap\u0131n\u0131z. D\u00fc\u015f\u00fck s\u0131cakl\u0131kta \u00fct\u00fcleyiniz.<\/p>\n<p>\u2014 Technical Details \u2014<br \/>\nwashing_instructions: Maksimum 30 derecede y\u0131kama yap\u0131n\u0131z. D\u00fc\u015f\u00fck s\u0131cakl\u0131kta \u00fct\u00fcleyiniz.<br \/>\nmodel_measurements: Boy: 1.74 cm, G\u00f6\u011f\u00fcs: 81 cm, Bel: 63 cm, Basen: 86 cm<br \/>\nproduct_measurements: {&#8216;\u00f6n_boy&#8217;: &#8217;58 cm&#8217;, &#8216;arka_boy&#8217;: &#8217;67 cm&#8217;, &#8216;g\u00f6\u011f\u00fcs_\u00e7evresi&#8217;: &#8216;124-130 cm&#8217;}<\/p>\n","protected":false},"featured_media":29248,"comment_status":"open","ping_status":"closed","template":"","meta":[],"product_brand":[],"product_cat":[1909,1927],"product_tag":[7238,7422],"class_list":{"0":"post-29264","1":"product","2":"type-product","3":"status-publish","4":"has-post-thumbnail","6":"product_cat-bluzlar-ve-gomlekler","7":"product_cat-hoodies-sweatshirtler","8":"product_tag-lacivert","9":"product_tag-sweatshirt","10":"pa_brand-hooopstore","11":"pa_color-lacivert","12":"pa_size-m-l","13":"pa_size-s-m","15":"first","16":"instock","17":"sale","18":"shipping-taxable","19":"purchasable","20":"product-type-variable"},"_links":{"self":[{"href":"https:\/\/mod.wisdar.net\/tr\/wp-json\/wp\/v2\/product\/29264","targetHints":{"allow":["GET"]}}],"collection":[{"href":"https:\/\/mod.wisdar.net\/tr\/wp-json\/wp\/v2\/product"}],"about":[{"href":"https:\/\/mod.wisdar.net\/tr\/wp-json\/wp\/v2\/types\/product"}],"replies":[{"embeddable":true,"href":"https:\/\/mod.wisdar.net\/tr\/wp-json\/wp\/v2\/comments?post=29264"}],"wp:featuredmedia":[{"embeddable":true,"href":"https:\/\/mod.wisdar.net\/tr\/wp-json\/wp\/v2\/media\/29248"}],"wp:attachment":[{"href":"https:\/\/mod.wisdar.net\/tr\/wp-json\/wp\/v2\/media?parent=29264"}],"wp:term":[{"taxonomy":"product_brand","embeddable":true,"href":"https:\/\/mod.wisdar.net\/tr\/wp-json\/wp\/v2\/product_brand?post=29264"},{"taxonomy":"product_cat","embeddable":true,"href":"https:\/\/mod.wisdar.net\/tr\/wp-json\/wp\/v2\/product_cat?post=29264"},{"taxonomy":"product_tag","embeddable":true,"href":"https:\/\/mod.wisdar.net\/tr\/wp-json\/wp\/v2\/product_tag?post=29264"}],"curies":[{"name":"wp","href":"https:\/\/api.w.org\/{rel}","templated":true}]}}