{"id":29334,"date":"2025-11-23T20:27:39","date_gmt":"2025-11-23T20:27:39","guid":{"rendered":"https:\/\/modesthanim.com\/product\/yanlari-yirtmacli-compact-cagla-sweatshirt\/"},"modified":"2026-01-15T08:03:56","modified_gmt":"2026-01-15T08:03:56","slug":"yanlari-yirtmacli-compact-cagla-sweatshirt","status":"publish","type":"product","link":"https:\/\/mod.wisdar.net\/tr\/urun\/yanlari-yirtmacli-compact-cagla-sweatshirt\/","title":{"rendered":"Yanlar\u0131 Y\u0131rtma\u00e7l\u0131 Compact \u00c7a\u011fla Sweatshirt"},"content":{"rendered":"<p>Yanlar\u0131 Y\u0131rtma\u00e7l\u0131 Compact Sweatshirt \u00d6zellikleri Yakas\u0131z, d\u00fc\u015f\u00fck omuz, yanlardan y\u0131rtma\u00e7l\u0131 ve etek ucu man\u015fet detayl\u0131, compact pamuk kuma\u015ftan rahat kesim sweatshirt. %90 Pamuk %10 Viskon Maksimum 30 derecede y\u0131kama yap\u0131n\u0131z. D\u00fc\u015f\u00fck s\u0131cakl\u0131kta \u00fct\u00fcleyiniz.<\/p>\n","protected":false},"excerpt":{"rendered":"<p>Yanlar\u0131 Y\u0131rtma\u00e7l\u0131 Compact Sweatshirt \u00d6zellikleri Yakas\u0131z, d\u00fc\u015f\u00fck omuz, yanlardan y\u0131rtma\u00e7l\u0131 ve etek ucu man\u015fet detayl\u0131, compact pamuk kuma\u015ftan rahat kesim sweatshirt. %90 Pamuk %10 Viskon Maksimum 30 derecede y\u0131kama yap\u0131n\u0131z. D\u00fc\u015f\u00fck s\u0131cakl\u0131kta \u00fct\u00fcleyiniz.<\/p>\n","protected":false},"featured_media":29319,"comment_status":"open","ping_status":"closed","template":"","meta":[],"product_brand":[],"product_cat":[1909,1927],"product_tag":[7488,7422],"class_list":{"0":"post-29334","1":"product","2":"type-product","3":"status-publish","4":"has-post-thumbnail","6":"product_cat-bluzlar-ve-gomlekler","7":"product_cat-hoodies-sweatshirtler","8":"product_tag-pamuk","9":"product_tag-sweatshirt","10":"pa_brand-hooopstore","11":"pa_color-cagla-rengi","12":"pa_size-m-l","13":"pa_size-s-m","15":"first","16":"instock","17":"sale","18":"shipping-taxable","19":"purchasable","20":"product-type-variable"},"_links":{"self":[{"href":"https:\/\/mod.wisdar.net\/tr\/wp-json\/wp\/v2\/product\/29334","targetHints":{"allow":["GET"]}}],"collection":[{"href":"https:\/\/mod.wisdar.net\/tr\/wp-json\/wp\/v2\/product"}],"about":[{"href":"https:\/\/mod.wisdar.net\/tr\/wp-json\/wp\/v2\/types\/product"}],"replies":[{"embeddable":true,"href":"https:\/\/mod.wisdar.net\/tr\/wp-json\/wp\/v2\/comments?post=29334"}],"wp:featuredmedia":[{"embeddable":true,"href":"https:\/\/mod.wisdar.net\/tr\/wp-json\/wp\/v2\/media\/29319"}],"wp:attachment":[{"href":"https:\/\/mod.wisdar.net\/tr\/wp-json\/wp\/v2\/media?parent=29334"}],"wp:term":[{"taxonomy":"product_brand","embeddable":true,"href":"https:\/\/mod.wisdar.net\/tr\/wp-json\/wp\/v2\/product_brand?post=29334"},{"taxonomy":"product_cat","embeddable":true,"href":"https:\/\/mod.wisdar.net\/tr\/wp-json\/wp\/v2\/product_cat?post=29334"},{"taxonomy":"product_tag","embeddable":true,"href":"https:\/\/mod.wisdar.net\/tr\/wp-json\/wp\/v2\/product_tag?post=29334"}],"curies":[{"name":"wp","href":"https:\/\/api.w.org\/{rel}","templated":true}]}}