{"id":29675,"date":"2025-11-26T18:07:08","date_gmt":"2025-11-26T18:07:08","guid":{"rendered":"https:\/\/modesthanim.com\/product\/pelerinli-gabardin-takim-kahverengi\/"},"modified":"2025-12-17T13:46:30","modified_gmt":"2025-12-17T13:46:30","slug":"pelerinli-gabardin-takim-kahverengi","status":"publish","type":"product","link":"https:\/\/mod.wisdar.net\/tr\/urun\/pelerinli-gabardin-takim-kahverengi\/","title":{"rendered":"Pelerinli Gabardin Tak\u0131m Kahverengi"},"content":{"rendered":"<p>Pelerinli Gabardin Tak\u0131m \u2022 Renkler | \u2022lacivert kahve * siyah bordo 1 beden 38\/40 2 beden 42\/44 3 beden 46\/48 4 beden 50\/52 uyumludur 1. S\u0131n\u0131f gabardin Kuma\u015ft\u0131r. Tunik Boy uzunlugu 80cm Pelerin detayl\u0131d\u0131r \u00f6nden fermuarl\u0131d\u0131r Pantolon 105 cm uzunlugunda \u00d6nden diki\u015f detayl\u0131 Yanlarda cepleri mevcuttur \u00d6nden fermuarl\u0131 Arkas\u0131 lastiklidir<\/p>\n","protected":false},"excerpt":{"rendered":"<p>Pelerinli Gabardin Tak\u0131m \u2022 Renkler | \u2022lacivert kahve * siyah bordo 1 beden 38\/40 2 beden 42\/44 3 beden 46\/48 4 beden 50\/52 uyumludur 1. S\u0131n\u0131f gabardin Kuma\u015ft\u0131r. Tunik Boy uzunlugu 80cm Pelerin detayl\u0131d\u0131r \u00f6nden fermuarl\u0131d\u0131r Pantolon 105 cm uzunlugunda \u00d6nden diki\u015f detayl\u0131 Yanlarda cepleri mevcuttur \u00d6nden fermuarl\u0131 Arkas\u0131 lastiklidir<\/p>\n","protected":false},"featured_media":29670,"comment_status":"open","ping_status":"closed","template":"","meta":[],"product_brand":[],"product_cat":[1853],"product_tag":[],"class_list":{"0":"post-29675","1":"product","2":"type-product","3":"status-publish","4":"has-post-thumbnail","6":"product_cat-womens-fashion-ar","7":"pa_color-kahverengi","9":"first","10":"instock","11":"shipping-taxable","12":"purchasable","13":"product-type-variable"},"_links":{"self":[{"href":"https:\/\/mod.wisdar.net\/tr\/wp-json\/wp\/v2\/product\/29675","targetHints":{"allow":["GET"]}}],"collection":[{"href":"https:\/\/mod.wisdar.net\/tr\/wp-json\/wp\/v2\/product"}],"about":[{"href":"https:\/\/mod.wisdar.net\/tr\/wp-json\/wp\/v2\/types\/product"}],"replies":[{"embeddable":true,"href":"https:\/\/mod.wisdar.net\/tr\/wp-json\/wp\/v2\/comments?post=29675"}],"wp:featuredmedia":[{"embeddable":true,"href":"https:\/\/mod.wisdar.net\/tr\/wp-json\/wp\/v2\/media\/29670"}],"wp:attachment":[{"href":"https:\/\/mod.wisdar.net\/tr\/wp-json\/wp\/v2\/media?parent=29675"}],"wp:term":[{"taxonomy":"product_brand","embeddable":true,"href":"https:\/\/mod.wisdar.net\/tr\/wp-json\/wp\/v2\/product_brand?post=29675"},{"taxonomy":"product_cat","embeddable":true,"href":"https:\/\/mod.wisdar.net\/tr\/wp-json\/wp\/v2\/product_cat?post=29675"},{"taxonomy":"product_tag","embeddable":true,"href":"https:\/\/mod.wisdar.net\/tr\/wp-json\/wp\/v2\/product_tag?post=29675"}],"curies":[{"name":"wp","href":"https:\/\/api.w.org\/{rel}","templated":true}]}}