{"id":29689,"date":"2025-11-26T18:06:09","date_gmt":"2025-11-26T18:06:09","guid":{"rendered":"https:\/\/modesthanim.com\/product\/bronz-takim-bordo\/"},"modified":"2026-03-18T21:45:03","modified_gmt":"2026-03-18T21:45:03","slug":"bronz-takim-bordo","status":"publish","type":"product","link":"https:\/\/mod.wisdar.net\/tr\/urun\/bronz-takim-bordo\/","title":{"rendered":"Bronz Tak\u0131m Bordo"},"content":{"rendered":"<p>Bronz Tak\u0131m \u2022 Renkler | \u2022lacivert \u2022 kahverengi \u2022 * siyah \u2022 bej  haki bordo  f\u00fcme \u2022 1 beden 38\/40\/42 \u2022 2 beden 44\/46 \u2022 3 beden 48\/50 \u2022 4 beden 52\/54\/56 uyumludur \u2022 1. S\u0131n\u0131f scuba Kuma\u015ft\u0131r. \u2022 Tunik boy  110 cm&#8217;dir. \u2022 Pantolon boy 95 cm&#8217;dir.<\/p>\n<p>\u2014 Technical Details \u2014<br \/>\ntunik_length: 110 cm<br \/>\npantolon_length: 95 cm<\/p>\n","protected":false},"excerpt":{"rendered":"<p>Bronz Tak\u0131m \u2022 Renkler | \u2022lacivert \u2022 kahverengi \u2022 * siyah \u2022 bej  haki bordo  f\u00fcme \u2022 1 beden 38\/40\/42 \u2022 2 beden 44\/46 \u2022 3 beden 48\/50 \u2022 4 beden 52\/54\/56 uyumludur \u2022 1. S\u0131n\u0131f scuba Kuma\u015ft\u0131r. \u2022 Tunik boy  110 cm&#8217;dir. \u2022 Pantolon boy 95 cm&#8217;dir.<\/p>\n<p>\u2014 Technical Details \u2014<br \/>\ntunik_length: 110 cm<br \/>\npantolon_length: 95 cm<\/p>\n","protected":false},"featured_media":29666,"comment_status":"open","ping_status":"closed","template":"","meta":[],"product_brand":[],"product_cat":[1900],"product_tag":[],"class_list":{"0":"post-29689","1":"product","2":"type-product","3":"status-publish","4":"has-post-thumbnail","6":"product_cat-koordinatlar-setler","7":"pa_color-bordo","8":"pa_size-1-38-40-42","9":"pa_size-2-44-46","10":"pa_size-3-48-50","11":"pa_size-4-52-54-56","13":"first","14":"outofstock","15":"shipping-taxable","16":"product-type-variable"},"_links":{"self":[{"href":"https:\/\/mod.wisdar.net\/tr\/wp-json\/wp\/v2\/product\/29689","targetHints":{"allow":["GET"]}}],"collection":[{"href":"https:\/\/mod.wisdar.net\/tr\/wp-json\/wp\/v2\/product"}],"about":[{"href":"https:\/\/mod.wisdar.net\/tr\/wp-json\/wp\/v2\/types\/product"}],"replies":[{"embeddable":true,"href":"https:\/\/mod.wisdar.net\/tr\/wp-json\/wp\/v2\/comments?post=29689"}],"wp:featuredmedia":[{"embeddable":true,"href":"https:\/\/mod.wisdar.net\/tr\/wp-json\/wp\/v2\/media\/29666"}],"wp:attachment":[{"href":"https:\/\/mod.wisdar.net\/tr\/wp-json\/wp\/v2\/media?parent=29689"}],"wp:term":[{"taxonomy":"product_brand","embeddable":true,"href":"https:\/\/mod.wisdar.net\/tr\/wp-json\/wp\/v2\/product_brand?post=29689"},{"taxonomy":"product_cat","embeddable":true,"href":"https:\/\/mod.wisdar.net\/tr\/wp-json\/wp\/v2\/product_cat?post=29689"},{"taxonomy":"product_tag","embeddable":true,"href":"https:\/\/mod.wisdar.net\/tr\/wp-json\/wp\/v2\/product_tag?post=29689"}],"curies":[{"name":"wp","href":"https:\/\/api.w.org\/{rel}","templated":true}]}}