{"id":29710,"date":"2025-11-26T18:09:15","date_gmt":"2025-11-26T18:09:15","guid":{"rendered":"https:\/\/modesthanim.com\/product\/pelerinli-gabardin-takim-siyah\/"},"modified":"2026-03-18T21:44:11","modified_gmt":"2026-03-18T21:44:11","slug":"pelerinli-gabardin-takim-siyah","status":"publish","type":"product","link":"https:\/\/mod.wisdar.net\/tr\/urun\/pelerinli-gabardin-takim-siyah\/","title":{"rendered":"Pelerinli Gabardin Tak\u0131m Siyah"},"content":{"rendered":"<p>Pelerinli Gabardin Tak\u0131m \u2022 Renkler | \u2022lacivert kahve * siyah bordo 1 beden 38\/40 2 beden 42\/44 3 beden 46\/48 4 beden 50\/52 uyumludur 1. S\u0131n\u0131f gabardin Kuma\u015ft\u0131r. Tunik Boy uzunlugu 80cm Pelerin detayl\u0131d\u0131r \u00f6nden fermuarl\u0131d\u0131r Pantolon 105 cm uzunlugunda \u00d6nden diki\u015f detayl\u0131 Yanlarda cepleri mevcuttur \u00d6nden fermuarl\u0131 Arkas\u0131 lastiklidir<\/p>\n<p>\u2014 Technical Details \u2014<br \/>\ntunik_boyu: 80cm<br \/>\npantolon_boyu: 105cm<br \/>\ndetaylar: Pelerin detayl\u0131, \u00f6nden fermuarl\u0131, yan cepli, arka lastikli<\/p>\n","protected":false},"excerpt":{"rendered":"<p>Pelerinli Gabardin Tak\u0131m \u2022 Renkler | \u2022lacivert kahve * siyah bordo 1 beden 38\/40 2 beden 42\/44 3 beden 46\/48 4 beden 50\/52 uyumludur 1. S\u0131n\u0131f gabardin Kuma\u015ft\u0131r. Tunik Boy uzunlugu 80cm Pelerin detayl\u0131d\u0131r \u00f6nden fermuarl\u0131d\u0131r Pantolon 105 cm uzunlugunda \u00d6nden diki\u015f detayl\u0131 Yanlarda cepleri mevcuttur \u00d6nden fermuarl\u0131 Arkas\u0131 lastiklidir<\/p>\n<p>\u2014 Technical Details \u2014<br \/>\ntunik_boyu: 80cm<br \/>\npantolon_boyu: 105cm<br \/>\ndetaylar: Pelerin detayl\u0131, \u00f6nden fermuarl\u0131, yan cepli, arka lastikli<\/p>\n","protected":false},"featured_media":29706,"comment_status":"open","ping_status":"closed","template":"","meta":[],"product_brand":[],"product_cat":[1900],"product_tag":[7074],"class_list":{"0":"post-29710","1":"product","2":"type-product","3":"status-publish","4":"has-post-thumbnail","6":"product_cat-koordinatlar-setler","7":"product_tag-siyah","8":"pa_color-siyah","9":"pa_size-1-38-40","10":"pa_size-2-42-44","11":"pa_size-3-46-48","12":"pa_size-4-50-52","14":"first","15":"outofstock","16":"shipping-taxable","17":"product-type-variable"},"_links":{"self":[{"href":"https:\/\/mod.wisdar.net\/tr\/wp-json\/wp\/v2\/product\/29710","targetHints":{"allow":["GET"]}}],"collection":[{"href":"https:\/\/mod.wisdar.net\/tr\/wp-json\/wp\/v2\/product"}],"about":[{"href":"https:\/\/mod.wisdar.net\/tr\/wp-json\/wp\/v2\/types\/product"}],"replies":[{"embeddable":true,"href":"https:\/\/mod.wisdar.net\/tr\/wp-json\/wp\/v2\/comments?post=29710"}],"wp:featuredmedia":[{"embeddable":true,"href":"https:\/\/mod.wisdar.net\/tr\/wp-json\/wp\/v2\/media\/29706"}],"wp:attachment":[{"href":"https:\/\/mod.wisdar.net\/tr\/wp-json\/wp\/v2\/media?parent=29710"}],"wp:term":[{"taxonomy":"product_brand","embeddable":true,"href":"https:\/\/mod.wisdar.net\/tr\/wp-json\/wp\/v2\/product_brand?post=29710"},{"taxonomy":"product_cat","embeddable":true,"href":"https:\/\/mod.wisdar.net\/tr\/wp-json\/wp\/v2\/product_cat?post=29710"},{"taxonomy":"product_tag","embeddable":true,"href":"https:\/\/mod.wisdar.net\/tr\/wp-json\/wp\/v2\/product_tag?post=29710"}],"curies":[{"name":"wp","href":"https:\/\/api.w.org\/{rel}","templated":true}]}}