{"id":29927,"date":"2025-11-26T18:18:11","date_gmt":"2025-11-26T18:18:11","guid":{"rendered":"https:\/\/modesthanim.com\/product\/asimetrik-metal-dugme-detayli-takim-siyah\/"},"modified":"2025-12-17T13:46:29","modified_gmt":"2025-12-17T13:46:29","slug":"asimetrik-metal-dugme-detayli-takim-siyah","status":"publish","type":"product","link":"https:\/\/mod.wisdar.net\/tr\/urun\/asimetrik-metal-dugme-detayli-takim-siyah\/","title":{"rendered":"Asimetrik Metal D\u00fc\u011fme Detayl\u0131 Tak\u0131m Siyah"},"content":{"rendered":"<p>Asimetrik Metal D\u00fc\u011fme Detayl\u0131 Tak\u0131m \u2022 Renkler | \u2022lacivert kahve * siyah m\u00fcrd\u00fcm bej f\u00fcme 1 beden 38\/40\/42 2 beden 44\/46 3 beden 48\/50 4 beden 52\/54\/56 uyumludur 1. S\u0131n\u0131f oysho Kuma\u015ft\u0131r. Tunik boy 85 Yanlarda cepleri mevcuttur Seyyar ku\u015fag\u0131m\u0131z bulunmaktad\u0131r Pantolon boy 105 cm<\/p>\n<p>\u2014 Technical Details \u2014<br \/>\ntunik_boy: 85 cm<br \/>\npantolon_boy: 105 cm<br \/>\ncepler: Yanlarda cepleri mevcuttur<br \/>\nku\u015fak: Seyyar ku\u015fag\u0131m\u0131z bulunmaktad\u0131r<\/p>\n","protected":false},"excerpt":{"rendered":"<p>Asimetrik Metal D\u00fc\u011fme Detayl\u0131 Tak\u0131m \u2022 Renkler | \u2022lacivert kahve * siyah m\u00fcrd\u00fcm bej f\u00fcme 1 beden 38\/40\/42 2 beden 44\/46 3 beden 48\/50 4 beden 52\/54\/56 uyumludur 1. S\u0131n\u0131f oysho Kuma\u015ft\u0131r. Tunik boy 85 Yanlarda cepleri mevcuttur Seyyar ku\u015fag\u0131m\u0131z bulunmaktad\u0131r Pantolon boy 105 cm<\/p>\n<p>\u2014 Technical Details \u2014<br \/>\ntunik_boy: 85 cm<br \/>\npantolon_boy: 105 cm<br \/>\ncepler: Yanlarda cepleri mevcuttur<br \/>\nku\u015fak: Seyyar ku\u015fag\u0131m\u0131z bulunmaktad\u0131r<\/p>\n","protected":false},"featured_media":29922,"comment_status":"open","ping_status":"closed","template":"","meta":[],"product_brand":[],"product_cat":[1853],"product_tag":[3144,3016,4925,3616],"class_list":{"0":"post-29927","1":"product","2":"type-product","3":"status-publish","4":"has-post-thumbnail","6":"product_cat-womens-fashion-ar","7":"product_tag-asymmetric","8":"product_tag-black","9":"product_tag-metal-button","10":"product_tag-modest-wear","12":"first","13":"instock","14":"shipping-taxable","15":"purchasable","16":"product-type-variable"},"_links":{"self":[{"href":"https:\/\/mod.wisdar.net\/tr\/wp-json\/wp\/v2\/product\/29927","targetHints":{"allow":["GET"]}}],"collection":[{"href":"https:\/\/mod.wisdar.net\/tr\/wp-json\/wp\/v2\/product"}],"about":[{"href":"https:\/\/mod.wisdar.net\/tr\/wp-json\/wp\/v2\/types\/product"}],"replies":[{"embeddable":true,"href":"https:\/\/mod.wisdar.net\/tr\/wp-json\/wp\/v2\/comments?post=29927"}],"wp:featuredmedia":[{"embeddable":true,"href":"https:\/\/mod.wisdar.net\/tr\/wp-json\/wp\/v2\/media\/29922"}],"wp:attachment":[{"href":"https:\/\/mod.wisdar.net\/tr\/wp-json\/wp\/v2\/media?parent=29927"}],"wp:term":[{"taxonomy":"product_brand","embeddable":true,"href":"https:\/\/mod.wisdar.net\/tr\/wp-json\/wp\/v2\/product_brand?post=29927"},{"taxonomy":"product_cat","embeddable":true,"href":"https:\/\/mod.wisdar.net\/tr\/wp-json\/wp\/v2\/product_cat?post=29927"},{"taxonomy":"product_tag","embeddable":true,"href":"https:\/\/mod.wisdar.net\/tr\/wp-json\/wp\/v2\/product_tag?post=29927"}],"curies":[{"name":"wp","href":"https:\/\/api.w.org\/{rel}","templated":true}]}}