{"id":29980,"date":"2025-11-26T18:23:56","date_gmt":"2025-11-26T18:23:56","guid":{"rendered":"https:\/\/modesthanim.com\/product\/burgu-kumas-garnili-takim-siyah\/"},"modified":"2025-12-17T13:46:29","modified_gmt":"2025-12-17T13:46:29","slug":"burgu-kumas-garnili-takim-siyah","status":"publish","type":"product","link":"https:\/\/mod.wisdar.net\/tr\/urun\/burgu-kumas-garnili-takim-siyah\/","title":{"rendered":"Burgu Kuma\u015f Garnili Tak\u0131m Siyah"},"content":{"rendered":"<p>Burgu Kuma\u015f Garnili Tak\u0131m \u2022 Renkler | \u2022 Antrasit \u2022 Lacivert \u2022 Kahve \u2022 Petrol \u2022 Siyah \u2022bordo haki \u2022 1 beden 38\/40\/42 \u2022 2 beden 44\/46 \u2022 3 beden 48\/50\/52 \u2022 4 beden 54\/56\/58uyumludur. \u2022 1. S\u0131n\u0131f Fitilli burgu Kuma\u015ft\u0131r \u2022 Tunik boy118\/ 120 cm&#8217;dir. \u2022 Pantolon 102 cm ve beli lastiklidir.<\/p>\n<p>\u2014 Technical Details \u2014<br \/>\ntunik_length: 118-120 cm<br \/>\npantolon_length: 102 cm<br \/>\npantolon_waist: lastikli<\/p>\n","protected":false},"excerpt":{"rendered":"<p>Burgu Kuma\u015f Garnili Tak\u0131m \u2022 Renkler | \u2022 Antrasit \u2022 Lacivert \u2022 Kahve \u2022 Petrol \u2022 Siyah \u2022bordo haki \u2022 1 beden 38\/40\/42 \u2022 2 beden 44\/46 \u2022 3 beden 48\/50\/52 \u2022 4 beden 54\/56\/58uyumludur. \u2022 1. S\u0131n\u0131f Fitilli burgu Kuma\u015ft\u0131r \u2022 Tunik boy118\/ 120 cm&#8217;dir. \u2022 Pantolon 102 cm ve beli lastiklidir.<\/p>\n<p>\u2014 Technical Details \u2014<br \/>\ntunik_length: 118-120 cm<br \/>\npantolon_length: 102 cm<br \/>\npantolon_waist: lastikli<\/p>\n","protected":false},"featured_media":29970,"comment_status":"open","ping_status":"closed","template":"","meta":[],"product_brand":[],"product_cat":[1853],"product_tag":[4933,3616,4927,4926],"class_list":{"0":"post-29980","1":"product","2":"type-product","3":"status-publish","4":"has-post-thumbnail","6":"product_cat-womens-fashion-ar","7":"product_tag-matching-set","8":"product_tag-modest-wear","9":"product_tag-trimmed-set","10":"product_tag-twill-fabric","12":"first","13":"instock","14":"shipping-taxable","15":"purchasable","16":"product-type-variable"},"_links":{"self":[{"href":"https:\/\/mod.wisdar.net\/tr\/wp-json\/wp\/v2\/product\/29980","targetHints":{"allow":["GET"]}}],"collection":[{"href":"https:\/\/mod.wisdar.net\/tr\/wp-json\/wp\/v2\/product"}],"about":[{"href":"https:\/\/mod.wisdar.net\/tr\/wp-json\/wp\/v2\/types\/product"}],"replies":[{"embeddable":true,"href":"https:\/\/mod.wisdar.net\/tr\/wp-json\/wp\/v2\/comments?post=29980"}],"wp:featuredmedia":[{"embeddable":true,"href":"https:\/\/mod.wisdar.net\/tr\/wp-json\/wp\/v2\/media\/29970"}],"wp:attachment":[{"href":"https:\/\/mod.wisdar.net\/tr\/wp-json\/wp\/v2\/media?parent=29980"}],"wp:term":[{"taxonomy":"product_brand","embeddable":true,"href":"https:\/\/mod.wisdar.net\/tr\/wp-json\/wp\/v2\/product_brand?post=29980"},{"taxonomy":"product_cat","embeddable":true,"href":"https:\/\/mod.wisdar.net\/tr\/wp-json\/wp\/v2\/product_cat?post=29980"},{"taxonomy":"product_tag","embeddable":true,"href":"https:\/\/mod.wisdar.net\/tr\/wp-json\/wp\/v2\/product_tag?post=29980"}],"curies":[{"name":"wp","href":"https:\/\/api.w.org\/{rel}","templated":true}]}}