{"id":30034,"date":"2025-11-26T18:25:10","date_gmt":"2025-11-26T18:25:10","guid":{"rendered":"https:\/\/modesthanim.com\/product\/burgu-kumas-garnili-takim-kahverengi\/"},"modified":"2025-12-17T13:46:29","modified_gmt":"2025-12-17T13:46:29","slug":"burgu-kumas-garnili-takim-kahverengi","status":"publish","type":"product","link":"https:\/\/mod.wisdar.net\/tr\/urun\/burgu-kumas-garnili-takim-kahverengi\/","title":{"rendered":"Burgu Kuma\u015f Garnili Tak\u0131m Kahverengi"},"content":{"rendered":"<p>HER DETAYINA BAYILACAKSINIZ? * Burgu kuma\u015f garnili tak\u0131m \u2022 Renkler | \u2022 Antrasit \u2022 Lacivert \u2022 Kahve \u2022 Petrol \u2022 Siyah \u2022bordo haki 1 beden 38\/40\/42 2 beden 44\/46 3 beden 48\/50\/52 4 beden 54\/56\/58uyumludur. 1. S\u0131n\u0131f Fitilli burgu Kuma\u015ft\u0131r Tunik boy118\/ 120 cm&#8217;dir. Pantolon 102 cm ve beli lastiklidir.<\/p>\n<p>\u2014 Technical Details \u2014<br \/>\ntunik_boy: 118\/120 cm<br \/>\npantolon_boy: 102 cm<br \/>\nbel_tipi: Lastikli<\/p>\n","protected":false},"excerpt":{"rendered":"<p>HER DETAYINA BAYILACAKSINIZ? * Burgu kuma\u015f garnili tak\u0131m \u2022 Renkler | \u2022 Antrasit \u2022 Lacivert \u2022 Kahve \u2022 Petrol \u2022 Siyah \u2022bordo haki 1 beden 38\/40\/42 2 beden 44\/46 3 beden 48\/50\/52 4 beden 54\/56\/58uyumludur. 1. S\u0131n\u0131f Fitilli burgu Kuma\u015ft\u0131r Tunik boy118\/ 120 cm&#8217;dir. Pantolon 102 cm ve beli lastiklidir.<\/p>\n<p>\u2014 Technical Details \u2014<br \/>\ntunik_boy: 118\/120 cm<br \/>\npantolon_boy: 102 cm<br \/>\nbel_tipi: Lastikli<\/p>\n","protected":false},"featured_media":30024,"comment_status":"open","ping_status":"closed","template":"","meta":[],"product_brand":[],"product_cat":[1853],"product_tag":[],"class_list":{"0":"post-30034","1":"product","2":"type-product","3":"status-publish","4":"has-post-thumbnail","6":"product_cat-womens-fashion-ar","7":"pa_color-kahverengi","9":"first","10":"instock","11":"shipping-taxable","12":"purchasable","13":"product-type-variable"},"_links":{"self":[{"href":"https:\/\/mod.wisdar.net\/tr\/wp-json\/wp\/v2\/product\/30034","targetHints":{"allow":["GET"]}}],"collection":[{"href":"https:\/\/mod.wisdar.net\/tr\/wp-json\/wp\/v2\/product"}],"about":[{"href":"https:\/\/mod.wisdar.net\/tr\/wp-json\/wp\/v2\/types\/product"}],"replies":[{"embeddable":true,"href":"https:\/\/mod.wisdar.net\/tr\/wp-json\/wp\/v2\/comments?post=30034"}],"wp:featuredmedia":[{"embeddable":true,"href":"https:\/\/mod.wisdar.net\/tr\/wp-json\/wp\/v2\/media\/30024"}],"wp:attachment":[{"href":"https:\/\/mod.wisdar.net\/tr\/wp-json\/wp\/v2\/media?parent=30034"}],"wp:term":[{"taxonomy":"product_brand","embeddable":true,"href":"https:\/\/mod.wisdar.net\/tr\/wp-json\/wp\/v2\/product_brand?post=30034"},{"taxonomy":"product_cat","embeddable":true,"href":"https:\/\/mod.wisdar.net\/tr\/wp-json\/wp\/v2\/product_cat?post=30034"},{"taxonomy":"product_tag","embeddable":true,"href":"https:\/\/mod.wisdar.net\/tr\/wp-json\/wp\/v2\/product_tag?post=30034"}],"curies":[{"name":"wp","href":"https:\/\/api.w.org\/{rel}","templated":true}]}}