{"id":30098,"date":"2025-11-26T18:26:54","date_gmt":"2025-11-26T18:26:54","guid":{"rendered":"https:\/\/modesthanim.com\/product\/burgu-kumas-garnili-takim-haki\/"},"modified":"2025-12-17T13:46:29","modified_gmt":"2025-12-17T13:46:29","slug":"burgu-kumas-garnili-takim-haki","status":"publish","type":"product","link":"https:\/\/mod.wisdar.net\/tr\/urun\/burgu-kumas-garnili-takim-haki\/","title":{"rendered":"Burgu Kuma\u015f Garnili Tak\u0131m Haki"},"content":{"rendered":"<p>Burgu Kuma\u015f Garnili Tak\u0131m * Burgu kuma\u015f garnili tak\u0131m \u2022 Renkler | \u2022 Antrasit \u2022 Lacivert \u2022 Kahve \u2022 Petrol \u2022 Siyah \u2022bordo haki 1 beden 38\/40\/42 2 beden 44\/46 3 beden 48\/50\/52 4 beden 54\/56\/58uyumludur. 1. S\u0131n\u0131f Fitilli burgu Kuma\u015ft\u0131r Tunik boy118\/ 120 cm&#8217;dir. Pantolon 102 cm ve beli lastiklidir.<\/p>\n<p>\u2014 Technical Details \u2014<br \/>\ntunik_boy: 118\/120 cm<br \/>\npantolon_boy: 102 cm<br \/>\npantolon_bel: Lastikli<\/p>\n","protected":false},"excerpt":{"rendered":"<p>Burgu Kuma\u015f Garnili Tak\u0131m * Burgu kuma\u015f garnili tak\u0131m \u2022 Renkler | \u2022 Antrasit \u2022 Lacivert \u2022 Kahve \u2022 Petrol \u2022 Siyah \u2022bordo haki 1 beden 38\/40\/42 2 beden 44\/46 3 beden 48\/50\/52 4 beden 54\/56\/58uyumludur. 1. S\u0131n\u0131f Fitilli burgu Kuma\u015ft\u0131r Tunik boy118\/ 120 cm&#8217;dir. Pantolon 102 cm ve beli lastiklidir.<\/p>\n<p>\u2014 Technical Details \u2014<br \/>\ntunik_boy: 118\/120 cm<br \/>\npantolon_boy: 102 cm<br \/>\npantolon_bel: Lastikli<\/p>\n","protected":false},"featured_media":30094,"comment_status":"open","ping_status":"closed","template":"","meta":[],"product_brand":[],"product_cat":[1853],"product_tag":[4936,2992,3616,4927],"class_list":{"0":"post-30098","1":"product","2":"type-product","3":"status-publish","4":"has-post-thumbnail","6":"product_cat-womens-fashion-ar","7":"product_tag-corduroy-fabric","8":"product_tag-khaki","9":"product_tag-modest-wear","10":"product_tag-trimmed-set","11":"pa_color-haki","13":"first","14":"instock","15":"shipping-taxable","16":"purchasable","17":"product-type-variable"},"_links":{"self":[{"href":"https:\/\/mod.wisdar.net\/tr\/wp-json\/wp\/v2\/product\/30098","targetHints":{"allow":["GET"]}}],"collection":[{"href":"https:\/\/mod.wisdar.net\/tr\/wp-json\/wp\/v2\/product"}],"about":[{"href":"https:\/\/mod.wisdar.net\/tr\/wp-json\/wp\/v2\/types\/product"}],"replies":[{"embeddable":true,"href":"https:\/\/mod.wisdar.net\/tr\/wp-json\/wp\/v2\/comments?post=30098"}],"wp:featuredmedia":[{"embeddable":true,"href":"https:\/\/mod.wisdar.net\/tr\/wp-json\/wp\/v2\/media\/30094"}],"wp:attachment":[{"href":"https:\/\/mod.wisdar.net\/tr\/wp-json\/wp\/v2\/media?parent=30098"}],"wp:term":[{"taxonomy":"product_brand","embeddable":true,"href":"https:\/\/mod.wisdar.net\/tr\/wp-json\/wp\/v2\/product_brand?post=30098"},{"taxonomy":"product_cat","embeddable":true,"href":"https:\/\/mod.wisdar.net\/tr\/wp-json\/wp\/v2\/product_cat?post=30098"},{"taxonomy":"product_tag","embeddable":true,"href":"https:\/\/mod.wisdar.net\/tr\/wp-json\/wp\/v2\/product_tag?post=30098"}],"curies":[{"name":"wp","href":"https:\/\/api.w.org\/{rel}","templated":true}]}}