{"id":30792,"date":"2025-12-12T20:44:42","date_gmt":"2025-12-12T20:44:42","guid":{"rendered":"https:\/\/modesthanim.com\/product\/cepli-kot-gomlek-bordo\/"},"modified":"2026-03-23T13:33:58","modified_gmt":"2026-03-23T13:33:58","slug":"cepli-kot-gomlek-bordo","status":"publish","type":"product","link":"https:\/\/mod.wisdar.net\/tr\/urun\/cepli-kot-gomlek-bordo\/","title":{"rendered":"Cepli Kot G\u00f6mlek Bordo"},"content":{"rendered":"<p>\u00dcr\u00fcn tek olarak sat\u0131lmaktad\u0131r. Tersten ve ayn\u0131 renk \u00fcr\u00fcnlerle birlikte y\u0131kay\u0131n\u0131z.<\/p>\n<p>\u2014 Technical Details \u2014<br \/>\nSezon: MEVS\u0130ML\u0130K<br \/>\nCinsiyet: Kad\u0131n<br \/>\nMalzeme: Pamuk \/ Polyester<br \/>\nKal\u0131p: Tam Kal\u0131p<br \/>\nKol Boyu: Uzun Kollu<br \/>\nYaka Tipi: G\u00f6mlek Yaka<\/p>\n","protected":false},"excerpt":{"rendered":"<p>\u00dcr\u00fcn tek olarak sat\u0131lmaktad\u0131r. Tersten ve ayn\u0131 renk \u00fcr\u00fcnlerle birlikte y\u0131kay\u0131n\u0131z.<\/p>\n<p>\u2014 Technical Details \u2014<br \/>\nSezon: MEVS\u0130ML\u0130K<br \/>\nCinsiyet: Kad\u0131n<br \/>\nMalzeme: Pamuk \/ Polyester<br \/>\nKal\u0131p: Tam Kal\u0131p<br \/>\nKol Boyu: Uzun Kollu<br \/>\nYaka Tipi: G\u00f6mlek Yaka<\/p>\n","protected":false},"featured_media":30787,"comment_status":"open","ping_status":"closed","template":"","meta":[],"product_brand":[],"product_cat":[1909],"product_tag":[7150,6744,7425,6768],"class_list":{"0":"post-30792","1":"product","2":"type-product","3":"status-publish","4":"has-post-thumbnail","6":"product_cat-bluzlar-ve-gomlekler","7":"product_tag-bordo","8":"product_tag-kadin-modasi","9":"product_tag-pamuk-karisimi","10":"product_tag-uzun-kol","11":"pa_brand-minik-terzi","12":"pa_color-bordo","13":"pa_size-l","14":"pa_size-m","15":"pa_size-s","17":"first","18":"outofstock","19":"shipping-taxable","20":"product-type-variable"},"_links":{"self":[{"href":"https:\/\/mod.wisdar.net\/tr\/wp-json\/wp\/v2\/product\/30792","targetHints":{"allow":["GET"]}}],"collection":[{"href":"https:\/\/mod.wisdar.net\/tr\/wp-json\/wp\/v2\/product"}],"about":[{"href":"https:\/\/mod.wisdar.net\/tr\/wp-json\/wp\/v2\/types\/product"}],"replies":[{"embeddable":true,"href":"https:\/\/mod.wisdar.net\/tr\/wp-json\/wp\/v2\/comments?post=30792"}],"wp:featuredmedia":[{"embeddable":true,"href":"https:\/\/mod.wisdar.net\/tr\/wp-json\/wp\/v2\/media\/30787"}],"wp:attachment":[{"href":"https:\/\/mod.wisdar.net\/tr\/wp-json\/wp\/v2\/media?parent=30792"}],"wp:term":[{"taxonomy":"product_brand","embeddable":true,"href":"https:\/\/mod.wisdar.net\/tr\/wp-json\/wp\/v2\/product_brand?post=30792"},{"taxonomy":"product_cat","embeddable":true,"href":"https:\/\/mod.wisdar.net\/tr\/wp-json\/wp\/v2\/product_cat?post=30792"},{"taxonomy":"product_tag","embeddable":true,"href":"https:\/\/mod.wisdar.net\/tr\/wp-json\/wp\/v2\/product_tag?post=30792"}],"curies":[{"name":"wp","href":"https:\/\/api.w.org\/{rel}","templated":true}]}}