{"id":30888,"date":"2025-12-12T20:47:53","date_gmt":"2025-12-12T20:47:53","guid":{"rendered":"https:\/\/modesthanim.com\/product\/takma-balon-kollu-gomlek-siyah\/"},"modified":"2026-02-18T07:02:20","modified_gmt":"2026-02-18T07:02:20","slug":"takma-balon-kollu-gomlek-siyah","status":"publish","type":"product","link":"https:\/\/mod.wisdar.net\/tr\/urun\/takma-balon-kollu-gomlek-siyah\/","title":{"rendered":"Takma Balon Kollu G\u00f6mlek Siyah"},"content":{"rendered":"<p>Beden Yard\u0131m Rehberi <\/p>\n<p>BEDEN KILAVUZU<\/p>\n<p>\u00a0<\/p>\n<p>\t\t\t\u00d6l\u00e7\u00fcler<br \/>\n\t\t\tS<br \/>\n\t\t\tM<br \/>\n\t\t\tL<\/p>\n<p>\t\t\tBoy<br \/>\n\t\t\t77,0 cm<br \/>\n\t\t\t77,5 cm<br \/>\n\t\t\t78,0 cm<\/p>\n<p>\t\t\tG\u00f6\u011f\u00fcs \u00c7evresi<br \/>\n\t\t\t114 cm<br \/>\n\t\t\t118 cm<br \/>\n\t\t\t122 cm<\/p>\n<p>\t\t\tKol Boyu<br \/>\n\t\t\t63 cm<br \/>\n\t\t\t63 cm<br \/>\n\t\t\t63 cm<\/p>\n<p>\u2014 Technical Details \u2014<br \/>\nMarka: Minik Terzi<br \/>\nSezon: YAZ<br \/>\nCinsiyet: Kad\u0131n<br \/>\nMalzeme: Pamuk<br \/>\nKuma\u015f \u0130\u00e7eri\u011fi: %52 Pamuk %48 Pes<br \/>\nKal\u0131p: Tam Kal\u0131p<br \/>\nKol Boyu: Uzun Kollu<br \/>\nYaka Tipi: G\u00f6mlek Yaka<br \/>\nManken \u00d6l\u00e7\u00fcleri: 1,75<br \/>\nMankenin Giydi\u011fi Beden: S Beden<\/p>\n","protected":false},"excerpt":{"rendered":"<p>Beden Yard\u0131m Rehberi <\/p>\n<p>BEDEN KILAVUZU<\/p>\n<p>\u00a0<\/p>\n<p>\t\t\t\u00d6l\u00e7\u00fcler<br \/>\n\t\t\tS<br \/>\n\t\t\tM<br \/>\n\t\t\tL<\/p>\n<p>\t\t\tBoy<br \/>\n\t\t\t77,0 cm<br \/>\n\t\t\t77,5 cm<br \/>\n\t\t\t78,0 cm<\/p>\n<p>\t\t\tG\u00f6\u011f\u00fcs \u00c7evresi<br \/>\n\t\t\t114 cm<br \/>\n\t\t\t118 cm<br \/>\n\t\t\t122 cm<\/p>\n<p>\t\t\tKol Boyu<br \/>\n\t\t\t63 cm<br \/>\n\t\t\t63 cm<br \/>\n\t\t\t63 cm<\/p>\n<p>\u2014 Technical Details \u2014<br \/>\nMarka: Minik Terzi<br \/>\nSezon: YAZ<br \/>\nCinsiyet: Kad\u0131n<br \/>\nMalzeme: Pamuk<br \/>\nKuma\u015f \u0130\u00e7eri\u011fi: %52 Pamuk %48 Pes<br \/>\nKal\u0131p: Tam Kal\u0131p<br \/>\nKol Boyu: Uzun Kollu<br \/>\nYaka Tipi: G\u00f6mlek Yaka<br \/>\nManken \u00d6l\u00e7\u00fcleri: 1,75<br \/>\nMankenin Giydi\u011fi Beden: S Beden<\/p>\n","protected":false},"featured_media":30882,"comment_status":"open","ping_status":"closed","template":"","meta":[],"product_brand":[],"product_cat":[1909],"product_tag":[7549,6744,7425,7074],"class_list":{"0":"post-30888","1":"product","2":"type-product","3":"status-publish","4":"has-post-thumbnail","6":"product_cat-bluzlar-ve-gomlekler","7":"product_tag-balon-kol","8":"product_tag-kadin-modasi","9":"product_tag-pamuk-karisimi","10":"product_tag-siyah","11":"pa_brand-minik-terzi","12":"pa_color-siyah","13":"pa_size-l","14":"pa_size-m","15":"pa_size-s","17":"first","18":"instock","19":"shipping-taxable","20":"purchasable","21":"product-type-variable"},"_links":{"self":[{"href":"https:\/\/mod.wisdar.net\/tr\/wp-json\/wp\/v2\/product\/30888","targetHints":{"allow":["GET"]}}],"collection":[{"href":"https:\/\/mod.wisdar.net\/tr\/wp-json\/wp\/v2\/product"}],"about":[{"href":"https:\/\/mod.wisdar.net\/tr\/wp-json\/wp\/v2\/types\/product"}],"replies":[{"embeddable":true,"href":"https:\/\/mod.wisdar.net\/tr\/wp-json\/wp\/v2\/comments?post=30888"}],"wp:featuredmedia":[{"embeddable":true,"href":"https:\/\/mod.wisdar.net\/tr\/wp-json\/wp\/v2\/media\/30882"}],"wp:attachment":[{"href":"https:\/\/mod.wisdar.net\/tr\/wp-json\/wp\/v2\/media?parent=30888"}],"wp:term":[{"taxonomy":"product_brand","embeddable":true,"href":"https:\/\/mod.wisdar.net\/tr\/wp-json\/wp\/v2\/product_brand?post=30888"},{"taxonomy":"product_cat","embeddable":true,"href":"https:\/\/mod.wisdar.net\/tr\/wp-json\/wp\/v2\/product_cat?post=30888"},{"taxonomy":"product_tag","embeddable":true,"href":"https:\/\/mod.wisdar.net\/tr\/wp-json\/wp\/v2\/product_tag?post=30888"}],"curies":[{"name":"wp","href":"https:\/\/api.w.org\/{rel}","templated":true}]}}