{"id":31093,"date":"2025-12-12T20:57:19","date_gmt":"2025-12-12T20:57:19","guid":{"rendered":"https:\/\/modesthanim.com\/product\/modal-sweatsort-koyu-gri\/"},"modified":"2026-04-02T20:13:58","modified_gmt":"2026-04-02T20:13:58","slug":"modal-sweatsort-koyu-gri","status":"publish","type":"product","link":"https:\/\/mod.wisdar.net\/tr\/urun\/modal-sweatsort-koyu-gri\/","title":{"rendered":"Modal Sweat\u015f\u00f6rt Koyu Gri"},"content":{"rendered":"<p>Renk: Koyu Gri<br \/>\n4 mevsim kullan\u0131ma uygundur.<br \/>\n\u0130\u00e7erik: %50 Modal %50 Polyester<br \/>\nBol kesimdir.<br \/>\nBoy: ortalama 80 cm<br \/>\nY\u0131rtma\u00e7: ortalama 15 cm<br \/>\nBeden se\u00e7enekleri:<br \/>\nXS beden (34 bedene uygun)<br \/>\nS beden (36 bedene uygun, g\u00f6\u011f\u00fcs: ortalama 120 cm)<br \/>\nM beden (38-40 bedene uygun)<br \/>\nL beden (42-44 bedene uygun)<br \/>\nNot: Verilen \u00f6l\u00e7\u00fcler en k\u00fc\u00e7\u00fck bedene aittir, bedenler aras\u0131nda ortalama 4 cm fark bulunmaktad\u0131r.<br \/>\nManken boyu: 1.75 m<br \/>\nMankenin \u00fczerindeki beden S bedendir.<br \/>\nHassas y\u0131kama program\u0131nda en fazla 30 derecede y\u0131kanmas\u0131 \u00f6nerilir.<\/p>\n<p>\u2014 Teknik Detaylar \u2014<br \/>\nSezon: YAZ<br \/>\nCinsiyet: Kad\u0131n<br \/>\nMalzeme: Polyester<br \/>\nKuma\u015f \u0130\u00e7eri\u011fi: %62 Polyester %30 Modal %8 Elastan<br \/>\nKesim: Bol Kesim<br \/>\nKol Boyu: Uzun Kollu<br \/>\nYaka Tipi: Bisiklet Yaka<br \/>\nManken \u00d6l\u00e7\u00fcleri: 1.75 m<br \/>\nMankenin Giydi\u011fi Beden: S Beden<\/p>\n","protected":false},"excerpt":{"rendered":"<p>Renk: Koyu Gri<br \/>\n4 mevsim kullan\u0131ma uygundur.<br \/>\n\u0130\u00e7erik: %50 Modal %50 Polyester<br \/>\nBol kesimdir.<br \/>\nBoy: ortalama 80 cm<br \/>\nY\u0131rtma\u00e7: ortalama 15 cm<br \/>\nBeden se\u00e7enekleri:<br \/>\nXS beden (34 bedene uygun)<br \/>\nS beden (36 bedene uygun, g\u00f6\u011f\u00fcs: ortalama 120 cm)<br \/>\nM beden (38-40 bedene uygun)<br \/>\nL beden (42-44 bedene uygun)<br \/>\nNot: Verilen \u00f6l\u00e7\u00fcler en k\u00fc\u00e7\u00fck bedene aittir, bedenler aras\u0131nda ortalama 4 cm fark bulunmaktad\u0131r.<br \/>\nManken boyu: 1.75 m<br \/>\nMankenin \u00fczerindeki beden S bedendir.<br \/>\nHassas y\u0131kama program\u0131nda en fazla 30 derecede y\u0131kanmas\u0131 \u00f6nerilir.<\/p>\n<p>\u2014 Teknik Detaylar \u2014<br \/>\nSezon: YAZ<br \/>\nCinsiyet: Kad\u0131n<br \/>\nMalzeme: Polyester<br \/>\nKuma\u015f \u0130\u00e7eri\u011fi: %62 Polyester %30 Modal %8 Elastan<br \/>\nKesim: Bol Kesim<br \/>\nKol Boyu: Uzun Kollu<br \/>\nYaka Tipi: Bisiklet Yaka<br \/>\nManken \u00d6l\u00e7\u00fcleri: 1.75 m<br \/>\nMankenin Giydi\u011fi Beden: S Beden<\/p>\n","protected":false},"featured_media":31073,"comment_status":"open","ping_status":"closed","template":"","meta":[],"product_brand":[],"product_cat":[1909,1927],"product_tag":[7845],"class_list":{"0":"post-31093","1":"product","2":"type-product","3":"status-publish","4":"has-post-thumbnail","6":"product_cat-bluzlar-ve-gomlekler","7":"product_cat-hoodies-sweatshirtler","8":"product_tag-kadin","9":"pa_brand-minik-terzi","10":"pa_color-koyu-gri","11":"pa_size-l","12":"pa_size-m","13":"pa_size-s","14":"pa_size-xl","15":"pa_size-xs","17":"first","18":"instock","19":"shipping-taxable","20":"purchasable","21":"product-type-variable"},"_links":{"self":[{"href":"https:\/\/mod.wisdar.net\/tr\/wp-json\/wp\/v2\/product\/31093","targetHints":{"allow":["GET"]}}],"collection":[{"href":"https:\/\/mod.wisdar.net\/tr\/wp-json\/wp\/v2\/product"}],"about":[{"href":"https:\/\/mod.wisdar.net\/tr\/wp-json\/wp\/v2\/types\/product"}],"replies":[{"embeddable":true,"href":"https:\/\/mod.wisdar.net\/tr\/wp-json\/wp\/v2\/comments?post=31093"}],"wp:featuredmedia":[{"embeddable":true,"href":"https:\/\/mod.wisdar.net\/tr\/wp-json\/wp\/v2\/media\/31073"}],"wp:attachment":[{"href":"https:\/\/mod.wisdar.net\/tr\/wp-json\/wp\/v2\/media?parent=31093"}],"wp:term":[{"taxonomy":"product_brand","embeddable":true,"href":"https:\/\/mod.wisdar.net\/tr\/wp-json\/wp\/v2\/product_brand?post=31093"},{"taxonomy":"product_cat","embeddable":true,"href":"https:\/\/mod.wisdar.net\/tr\/wp-json\/wp\/v2\/product_cat?post=31093"},{"taxonomy":"product_tag","embeddable":true,"href":"https:\/\/mod.wisdar.net\/tr\/wp-json\/wp\/v2\/product_tag?post=31093"}],"curies":[{"name":"wp","href":"https:\/\/api.w.org\/{rel}","templated":true}]}}