{"id":31201,"date":"2025-12-12T20:57:52","date_gmt":"2025-12-12T20:57:52","guid":{"rendered":"https:\/\/modesthanim.com\/product\/bisiklet-yaka-gomlek-acik-bordo\/"},"modified":"2026-02-18T06:59:16","modified_gmt":"2026-02-18T06:59:16","slug":"bisiklet-yaka-gomlek-acik-bordo","status":"publish","type":"product","link":"https:\/\/mod.wisdar.net\/tr\/urun\/bisiklet-yaka-gomlek-acik-bordo\/","title":{"rendered":"Bisiklet Yaka G\u00f6mlek A\u00e7\u0131k Bordo"},"content":{"rendered":"<p>Bisiklet Yaka G\u00f6mlek A\u00e7\u0131k Bordo, yaz sezonuna uygun hafif ve \u015f\u0131k tasar\u0131m\u0131yla dikkat \u00e7eker. %52 pamuk ve %48 polyester kar\u0131\u015f\u0131m\u0131 kuma\u015f\u0131 sayesinde hem nefes alabilen hem de formunu koruyan bir yap\u0131dad\u0131r. Bisiklet yaka detay\u0131, d\u00fc\u011fmeli \u00f6n tasar\u0131m ve uzun kollu formu ile sade ve modern bir g\u00f6r\u00fcn\u00fcm sunar. G\u00fcnl\u00fck kombinlerden ofis \u015f\u0131kl\u0131\u011f\u0131na kadar geni\u015f kullan\u0131m imk\u00e2n\u0131 sa\u011flar. A\u00e7\u0131k Bordo rengi, n\u00f6tr tonlarla kolayca uyum sa\u011flayarak \u00e7ok y\u00f6nl\u00fc stil alternatifleri sunar.<\/p>\n<p>\u2014 Technical Details \u2014<br \/>\nMarka: Minik Terzi<br \/>\nSezon: YAZ<br \/>\nCinsiyet: Kad\u0131n<br \/>\nMalzeme: Pamuk<br \/>\nKuma\u015f \u0130\u00e7eri\u011fi: %52 Pamuk %48 Pes<br \/>\nKal\u0131p: Tam Kal\u0131p<br \/>\nKol Boyu: Uzun Kollu<br \/>\nManken \u00d6l\u00e7\u00fcleri: 1,71<br \/>\nMankenin Giydi\u011fi Beden: S Beden<br \/>\nA\u00e7\u0131klama: Ters \u00c7evirerek K\u0131sa Programda 30 Derecede y\u0131kay\u0131n\u0131z.<\/p>\n","protected":false},"excerpt":{"rendered":"<p>Bisiklet Yaka G\u00f6mlek A\u00e7\u0131k Bordo, yaz sezonuna uygun hafif ve \u015f\u0131k tasar\u0131m\u0131yla dikkat \u00e7eker. %52 pamuk ve %48 polyester kar\u0131\u015f\u0131m\u0131 kuma\u015f\u0131 sayesinde hem nefes alabilen hem de formunu koruyan bir yap\u0131dad\u0131r. Bisiklet yaka detay\u0131, d\u00fc\u011fmeli \u00f6n tasar\u0131m ve uzun kollu formu ile sade ve modern bir g\u00f6r\u00fcn\u00fcm sunar. G\u00fcnl\u00fck kombinlerden ofis \u015f\u0131kl\u0131\u011f\u0131na kadar geni\u015f kullan\u0131m imk\u00e2n\u0131 sa\u011flar. A\u00e7\u0131k Bordo rengi, n\u00f6tr tonlarla kolayca uyum sa\u011flayarak \u00e7ok y\u00f6nl\u00fc stil alternatifleri sunar.<\/p>\n<p>\u2014 Technical Details \u2014<br \/>\nMarka: Minik Terzi<br \/>\nSezon: YAZ<br \/>\nCinsiyet: Kad\u0131n<br \/>\nMalzeme: Pamuk<br \/>\nKuma\u015f \u0130\u00e7eri\u011fi: %52 Pamuk %48 Pes<br \/>\nKal\u0131p: Tam Kal\u0131p<br \/>\nKol Boyu: Uzun Kollu<br \/>\nManken \u00d6l\u00e7\u00fcleri: 1,71<br \/>\nMankenin Giydi\u011fi Beden: S Beden<br \/>\nA\u00e7\u0131klama: Ters \u00c7evirerek K\u0131sa Programda 30 Derecede y\u0131kay\u0131n\u0131z.<\/p>\n","protected":false},"featured_media":31185,"comment_status":"open","ping_status":"closed","template":"","meta":[],"product_brand":[],"product_cat":[1909],"product_tag":[7150,7823],"class_list":{"0":"post-31201","1":"product","2":"type-product","3":"status-publish","4":"has-post-thumbnail","6":"product_cat-bluzlar-ve-gomlekler","7":"product_tag-bordo","8":"product_tag-kadin-gomlek","9":"pa_brand-minik-terzi","10":"pa_color-acik-bordo","11":"pa_size-l","12":"pa_size-m","13":"pa_size-s","14":"pa_size-xl","16":"first","17":"instock","18":"shipping-taxable","19":"purchasable","20":"product-type-variable"},"_links":{"self":[{"href":"https:\/\/mod.wisdar.net\/tr\/wp-json\/wp\/v2\/product\/31201","targetHints":{"allow":["GET"]}}],"collection":[{"href":"https:\/\/mod.wisdar.net\/tr\/wp-json\/wp\/v2\/product"}],"about":[{"href":"https:\/\/mod.wisdar.net\/tr\/wp-json\/wp\/v2\/types\/product"}],"replies":[{"embeddable":true,"href":"https:\/\/mod.wisdar.net\/tr\/wp-json\/wp\/v2\/comments?post=31201"}],"wp:featuredmedia":[{"embeddable":true,"href":"https:\/\/mod.wisdar.net\/tr\/wp-json\/wp\/v2\/media\/31185"}],"wp:attachment":[{"href":"https:\/\/mod.wisdar.net\/tr\/wp-json\/wp\/v2\/media?parent=31201"}],"wp:term":[{"taxonomy":"product_brand","embeddable":true,"href":"https:\/\/mod.wisdar.net\/tr\/wp-json\/wp\/v2\/product_brand?post=31201"},{"taxonomy":"product_cat","embeddable":true,"href":"https:\/\/mod.wisdar.net\/tr\/wp-json\/wp\/v2\/product_cat?post=31201"},{"taxonomy":"product_tag","embeddable":true,"href":"https:\/\/mod.wisdar.net\/tr\/wp-json\/wp\/v2\/product_tag?post=31201"}],"curies":[{"name":"wp","href":"https:\/\/api.w.org\/{rel}","templated":true}]}}