{"id":31304,"date":"2025-12-12T20:58:18","date_gmt":"2025-12-12T20:58:18","guid":{"rendered":"https:\/\/modesthanim.com\/product\/modal-sweatshirt-vizon\/"},"modified":"2026-03-23T13:41:56","modified_gmt":"2026-03-23T13:41:56","slug":"modal-sweatshirt-vizon","status":"publish","type":"product","link":"https:\/\/mod.wisdar.net\/tr\/urun\/modal-sweatshirt-vizon\/","title":{"rendered":"Modal Sweatshirt Vizon"},"content":{"rendered":"<p>Renk: Vizon<br \/>\n4 mevsim kullan\u0131ma uygundur.<br \/>\n\u0130\u00e7erik: %50 Modal %50 Pes<br \/>\nBol kal\u0131pt\u0131r.<br \/>\nBoy: ortalama 80 cm<br \/>\nY\u0131rtma\u00e7: ortalama 15 cm<br \/>\nBeden se\u00e7enekleri:<br \/>\nXS beden (34 uyumlu)<br \/>\nS beden (36 uyumlu, g\u00f6\u011f\u00fcs: ortalama 120 cm)<br \/>\nM beden (38-40 uyumlu)<br \/>\nL beden (42-44 uyumlu)<br \/>\nNot: Verilen \u00f6l\u00e7\u00fcler en k\u00fc\u00e7\u00fck bedene aittir, bedenler aras\u0131nda ortalama 4 cm fark bulunmaktad\u0131r.<br \/>\nManken boyu: 1.75 cm<br \/>\nMankenin \u00fczerindeki beden S bedendir.<br \/>\nHassas y\u0131kama program\u0131nda en fazla 30 derecede y\u0131kanmas\u0131 gerekmektedir.<\/p>\n<p>\u2014 Teknik Detaylar \u2014<br \/>\nMarka: Minik Terzi<br \/>\nSezon: YAZ<br \/>\nCinsiyet: Kad\u0131n<br \/>\nMalzeme: Pes<br \/>\nKuma\u015f \u0130\u00e7eri\u011fi: %62 Pes %30 Modal %8 Ea<br \/>\nKal\u0131p: Bol Kal\u0131p<br \/>\nKol Boyu: Uzun Kollu<br \/>\nYaka Tipi: Bisiklet Yaka<br \/>\nManken \u00d6l\u00e7\u00fcleri: 1,75<br \/>\nMankenin Giydi\u011fi Beden: S Beden<\/p>\n","protected":false},"excerpt":{"rendered":"<p>Renk: Vizon<br \/>\n4 mevsim kullan\u0131ma uygundur.<br \/>\n\u0130\u00e7erik: %50 Modal %50 Pes<br \/>\nBol kal\u0131pt\u0131r.<br \/>\nBoy: ortalama 80 cm<br \/>\nY\u0131rtma\u00e7: ortalama 15 cm<br \/>\nBeden se\u00e7enekleri:<br \/>\nXS beden (34 uyumlu)<br \/>\nS beden (36 uyumlu, g\u00f6\u011f\u00fcs: ortalama 120 cm)<br \/>\nM beden (38-40 uyumlu)<br \/>\nL beden (42-44 uyumlu)<br \/>\nNot: Verilen \u00f6l\u00e7\u00fcler en k\u00fc\u00e7\u00fck bedene aittir, bedenler aras\u0131nda ortalama 4 cm fark bulunmaktad\u0131r.<br \/>\nManken boyu: 1.75 cm<br \/>\nMankenin \u00fczerindeki beden S bedendir.<br \/>\nHassas y\u0131kama program\u0131nda en fazla 30 derecede y\u0131kanmas\u0131 gerekmektedir.<\/p>\n<p>\u2014 Teknik Detaylar \u2014<br \/>\nMarka: Minik Terzi<br \/>\nSezon: YAZ<br \/>\nCinsiyet: Kad\u0131n<br \/>\nMalzeme: Pes<br \/>\nKuma\u015f \u0130\u00e7eri\u011fi: %62 Pes %30 Modal %8 Ea<br \/>\nKal\u0131p: Bol Kal\u0131p<br \/>\nKol Boyu: Uzun Kollu<br \/>\nYaka Tipi: Bisiklet Yaka<br \/>\nManken \u00d6l\u00e7\u00fcleri: 1,75<br \/>\nMankenin Giydi\u011fi Beden: S Beden<\/p>\n","protected":false},"featured_media":31259,"comment_status":"open","ping_status":"closed","template":"","meta":[],"product_brand":[],"product_cat":[1909,1927],"product_tag":[],"class_list":{"0":"post-31304","1":"product","2":"type-product","3":"status-publish","4":"has-post-thumbnail","6":"product_cat-bluzlar-ve-gomlekler","7":"product_cat-hoodies-sweatshirtler","8":"pa_brand-minik-terzi","9":"pa_color-vizon","10":"pa_size-l","11":"pa_size-m","12":"pa_size-s","13":"pa_size-xl","14":"pa_size-xs","16":"first","17":"instock","18":"shipping-taxable","19":"purchasable","20":"product-type-variable"},"_links":{"self":[{"href":"https:\/\/mod.wisdar.net\/tr\/wp-json\/wp\/v2\/product\/31304","targetHints":{"allow":["GET"]}}],"collection":[{"href":"https:\/\/mod.wisdar.net\/tr\/wp-json\/wp\/v2\/product"}],"about":[{"href":"https:\/\/mod.wisdar.net\/tr\/wp-json\/wp\/v2\/types\/product"}],"replies":[{"embeddable":true,"href":"https:\/\/mod.wisdar.net\/tr\/wp-json\/wp\/v2\/comments?post=31304"}],"wp:featuredmedia":[{"embeddable":true,"href":"https:\/\/mod.wisdar.net\/tr\/wp-json\/wp\/v2\/media\/31259"}],"wp:attachment":[{"href":"https:\/\/mod.wisdar.net\/tr\/wp-json\/wp\/v2\/media?parent=31304"}],"wp:term":[{"taxonomy":"product_brand","embeddable":true,"href":"https:\/\/mod.wisdar.net\/tr\/wp-json\/wp\/v2\/product_brand?post=31304"},{"taxonomy":"product_cat","embeddable":true,"href":"https:\/\/mod.wisdar.net\/tr\/wp-json\/wp\/v2\/product_cat?post=31304"},{"taxonomy":"product_tag","embeddable":true,"href":"https:\/\/mod.wisdar.net\/tr\/wp-json\/wp\/v2\/product_tag?post=31304"}],"curies":[{"name":"wp","href":"https:\/\/api.w.org\/{rel}","templated":true}]}}