{"id":31402,"date":"2025-12-12T20:59:09","date_gmt":"2025-12-12T20:59:09","guid":{"rendered":"https:\/\/modesthanim.com\/product\/onden-fermuarli-modal-sweatshirt-tas\/"},"modified":"2026-04-02T21:08:39","modified_gmt":"2026-04-02T21:08:39","slug":"onden-fermuarli-modal-sweatshirt-tas","status":"publish","type":"product","link":"https:\/\/mod.wisdar.net\/tr\/urun\/onden-fermuarli-modal-sweatshirt-tas\/","title":{"rendered":"\u00d6nden Fermuarl\u0131 Modal Sweatshirt Ta\u015f"},"content":{"rendered":"<p>Beden Yard\u0131m Rehberi <\/p>\n<p>BEDEN KILAVUZU<\/p>\n<p>\u00a0<\/p>\n<p>\t\t\t\u00d6l\u00e7\u00fcler<br \/>\n\t\t\tSM<br \/>\n\t\t\tML<\/p>\n<p>\t\t\tBoy<br \/>\n\t\t\t91 cm<br \/>\n\t\t\t92 cm<\/p>\n<p>\t\t\tG\u00f6\u011f\u00fcs \u00c7evresi<br \/>\n\t\t\t130 cm<br \/>\n\t\t\t134 cm<\/p>\n<p>\t\t\tKol Boyu<br \/>\n\t\t\t39,5 cm<br \/>\n\t\t\t40,0 cm<\/p>\n<p>\u2014 Technical Details \u2014<br \/>\nMarka: Minik Terzi<br \/>\nSezon: MEVS\u0130ML\u0130K<br \/>\nCinsiyet: Kad\u0131n<br \/>\nMalzeme: Polyester<br \/>\nKuma\u015f \u0130\u00e7eri\u011fi: %100 Pes<br \/>\nKal\u0131p: Bol Kal\u0131p<br \/>\nKol Boyu: Uzun Kollu<br \/>\nYaka Tipi: Bisiklet Yaka<br \/>\nManken \u00d6l\u00e7\u00fcleri: 1,76<br \/>\nMankenin Giydi\u011fi Beden: SM<br \/>\nA\u00e7\u0131klama: Ters \u00e7evirerek k\u0131sa programda 30\u00b0 y\u0131kay\u0131n\u0131z.<\/p>\n","protected":false},"excerpt":{"rendered":"<p>Beden Yard\u0131m Rehberi <\/p>\n<p>BEDEN KILAVUZU<\/p>\n<p>\u00a0<\/p>\n<p>\t\t\t\u00d6l\u00e7\u00fcler<br \/>\n\t\t\tSM<br \/>\n\t\t\tML<\/p>\n<p>\t\t\tBoy<br \/>\n\t\t\t91 cm<br \/>\n\t\t\t92 cm<\/p>\n<p>\t\t\tG\u00f6\u011f\u00fcs \u00c7evresi<br \/>\n\t\t\t130 cm<br \/>\n\t\t\t134 cm<\/p>\n<p>\t\t\tKol Boyu<br \/>\n\t\t\t39,5 cm<br \/>\n\t\t\t40,0 cm<\/p>\n<p>\u2014 Technical Details \u2014<br \/>\nMarka: Minik Terzi<br \/>\nSezon: MEVS\u0130ML\u0130K<br \/>\nCinsiyet: Kad\u0131n<br \/>\nMalzeme: Polyester<br \/>\nKuma\u015f \u0130\u00e7eri\u011fi: %100 Pes<br \/>\nKal\u0131p: Bol Kal\u0131p<br \/>\nKol Boyu: Uzun Kollu<br \/>\nYaka Tipi: Bisiklet Yaka<br \/>\nManken \u00d6l\u00e7\u00fcleri: 1,76<br \/>\nMankenin Giydi\u011fi Beden: SM<br \/>\nA\u00e7\u0131klama: Ters \u00e7evirerek k\u0131sa programda 30\u00b0 y\u0131kay\u0131n\u0131z.<\/p>\n","protected":false},"featured_media":31394,"comment_status":"open","ping_status":"closed","template":"","meta":[],"product_brand":[],"product_cat":[1909,1927],"product_tag":[7326,7426,6744],"class_list":{"0":"post-31402","1":"product","2":"type-product","3":"status-publish","4":"has-post-thumbnail","6":"product_cat-bluzlar-ve-gomlekler","7":"product_cat-hoodies-sweatshirtler","8":"product_tag-bol-kesim","9":"product_tag-gunluk-giyim-3","10":"product_tag-kadin-modasi","11":"pa_brand-minik-terzi","12":"pa_color-tas","13":"pa_size-ml","14":"pa_size-sm","16":"first","17":"outofstock","18":"shipping-taxable","19":"product-type-variable"},"_links":{"self":[{"href":"https:\/\/mod.wisdar.net\/tr\/wp-json\/wp\/v2\/product\/31402","targetHints":{"allow":["GET"]}}],"collection":[{"href":"https:\/\/mod.wisdar.net\/tr\/wp-json\/wp\/v2\/product"}],"about":[{"href":"https:\/\/mod.wisdar.net\/tr\/wp-json\/wp\/v2\/types\/product"}],"replies":[{"embeddable":true,"href":"https:\/\/mod.wisdar.net\/tr\/wp-json\/wp\/v2\/comments?post=31402"}],"wp:featuredmedia":[{"embeddable":true,"href":"https:\/\/mod.wisdar.net\/tr\/wp-json\/wp\/v2\/media\/31394"}],"wp:attachment":[{"href":"https:\/\/mod.wisdar.net\/tr\/wp-json\/wp\/v2\/media?parent=31402"}],"wp:term":[{"taxonomy":"product_brand","embeddable":true,"href":"https:\/\/mod.wisdar.net\/tr\/wp-json\/wp\/v2\/product_brand?post=31402"},{"taxonomy":"product_cat","embeddable":true,"href":"https:\/\/mod.wisdar.net\/tr\/wp-json\/wp\/v2\/product_cat?post=31402"},{"taxonomy":"product_tag","embeddable":true,"href":"https:\/\/mod.wisdar.net\/tr\/wp-json\/wp\/v2\/product_tag?post=31402"}],"curies":[{"name":"wp","href":"https:\/\/api.w.org\/{rel}","templated":true}]}}