{"id":31887,"date":"2025-12-13T09:31:46","date_gmt":"2025-12-13T09:31:46","guid":{"rendered":"https:\/\/modesthanim.com\/product\/premium-kase-kaban-koyu-gri\/"},"modified":"2026-04-02T21:07:30","modified_gmt":"2026-04-02T21:07:30","slug":"premium-kase-kaban-koyu-gri","status":"publish","type":"product","link":"https:\/\/mod.wisdar.net\/tr\/urun\/premium-kase-kaban-koyu-gri\/","title":{"rendered":"Premium Ka\u015fe Kaban Koyu Gri"},"content":{"rendered":"<p>Beden Yard\u0131m Rehberi<\/p>\n<p>BEDEN KILAVUZU<\/p>\n<p>\u00d6l\u00e7\u00fcler\t\tS\t\tM\t\tL<br \/>\nBoy\t\t116 cm\t\t116,5 cm\t\t117 cm<br \/>\nG\u00f6\u011f\u00fcs \u00c7evresi\t\t104 cm\t\t108 cm\t\t112 cm<br \/>\nKol\t\t54,5 cm\t\t55 cm\t\t55,5 cm<\/p>\n<p>\u2014 Teknik Detaylar \u2014<br \/>\n\u00dcr\u00fcn Hakk\u0131nda: Ceplidir.<br \/>\nMarka: Minik Terzi<br \/>\nSezon: KI\u015e<br \/>\nCinsiyet: Kad\u0131n<br \/>\nMalzeme: Polyester<br \/>\nKuma\u015f \u0130\u00e7eri\u011fi: %100 Polyester<br \/>\nKal\u0131p: Bol Kal\u0131p<br \/>\nKol Boyu: Uzun Kollu<br \/>\nYaka Tipi: G\u00f6mlek Yaka<br \/>\nManken \u00d6l\u00e7\u00fcleri: 1,76<br \/>\nMankenin Giydi\u011fi Beden: S Beden<br \/>\nA\u00e7\u0131klama: Astarl\u0131d\u0131r<\/p>\n","protected":false},"excerpt":{"rendered":"<p>Beden Yard\u0131m Rehberi<\/p>\n<p>BEDEN KILAVUZU<\/p>\n<p>\u00d6l\u00e7\u00fcler\t\tS\t\tM\t\tL<br \/>\nBoy\t\t116 cm\t\t116,5 cm\t\t117 cm<br \/>\nG\u00f6\u011f\u00fcs \u00c7evresi\t\t104 cm\t\t108 cm\t\t112 cm<br \/>\nKol\t\t54,5 cm\t\t55 cm\t\t55,5 cm<\/p>\n<p>\u2014 Teknik Detaylar \u2014<br \/>\n\u00dcr\u00fcn Hakk\u0131nda: Ceplidir.<br \/>\nMarka: Minik Terzi<br \/>\nSezon: KI\u015e<br \/>\nCinsiyet: Kad\u0131n<br \/>\nMalzeme: Polyester<br \/>\nKuma\u015f \u0130\u00e7eri\u011fi: %100 Polyester<br \/>\nKal\u0131p: Bol Kal\u0131p<br \/>\nKol Boyu: Uzun Kollu<br \/>\nYaka Tipi: G\u00f6mlek Yaka<br \/>\nManken \u00d6l\u00e7\u00fcleri: 1,76<br \/>\nMankenin Giydi\u011fi Beden: S Beden<br \/>\nA\u00e7\u0131klama: Astarl\u0131d\u0131r<\/p>\n","protected":false},"featured_media":31879,"comment_status":"open","ping_status":"closed","template":"","meta":[],"product_brand":[],"product_cat":[2047],"product_tag":[4994,4995,4996],"class_list":{"0":"post-31887","1":"product","2":"type-product","3":"status-publish","4":"has-post-thumbnail","6":"product_cat-paltolar","7":"product_tag-keyword1","8":"product_tag-keyword2","9":"product_tag-keyword3","10":"pa_brand-minik-terzi","11":"pa_color-koyu-gri","12":"pa_size-l","13":"pa_size-m","14":"pa_size-s","16":"first","17":"outofstock","18":"shipping-taxable","19":"product-type-variable"},"_links":{"self":[{"href":"https:\/\/mod.wisdar.net\/tr\/wp-json\/wp\/v2\/product\/31887","targetHints":{"allow":["GET"]}}],"collection":[{"href":"https:\/\/mod.wisdar.net\/tr\/wp-json\/wp\/v2\/product"}],"about":[{"href":"https:\/\/mod.wisdar.net\/tr\/wp-json\/wp\/v2\/types\/product"}],"replies":[{"embeddable":true,"href":"https:\/\/mod.wisdar.net\/tr\/wp-json\/wp\/v2\/comments?post=31887"}],"wp:featuredmedia":[{"embeddable":true,"href":"https:\/\/mod.wisdar.net\/tr\/wp-json\/wp\/v2\/media\/31879"}],"wp:attachment":[{"href":"https:\/\/mod.wisdar.net\/tr\/wp-json\/wp\/v2\/media?parent=31887"}],"wp:term":[{"taxonomy":"product_brand","embeddable":true,"href":"https:\/\/mod.wisdar.net\/tr\/wp-json\/wp\/v2\/product_brand?post=31887"},{"taxonomy":"product_cat","embeddable":true,"href":"https:\/\/mod.wisdar.net\/tr\/wp-json\/wp\/v2\/product_cat?post=31887"},{"taxonomy":"product_tag","embeddable":true,"href":"https:\/\/mod.wisdar.net\/tr\/wp-json\/wp\/v2\/product_tag?post=31887"}],"curies":[{"name":"wp","href":"https:\/\/api.w.org\/{rel}","templated":true}]}}