{"id":31951,"date":"2025-12-13T09:35:16","date_gmt":"2025-12-13T09:35:16","guid":{"rendered":"https:\/\/modesthanim.com\/product\/kolu-cikabilen-kase-kaban-kahverengi\/"},"modified":"2026-02-17T08:00:10","modified_gmt":"2026-02-17T08:00:10","slug":"kolu-cikabilen-kase-kaban-kahverengi","status":"publish","type":"product","link":"https:\/\/mod.wisdar.net\/tr\/urun\/kolu-cikabilen-kase-kaban-kahverengi\/","title":{"rendered":"Kolu \u00c7\u0131kabilen Ka\u015fe Kaban Kahverengi"},"content":{"rendered":"<p>Hem yelek, hem de kaban haline gelebilir. Not: Verilen \u00f6l\u00e7\u00fcler en k\u00fc\u00e7\u00fck bedene aittir, bedenler aras\u0131nda ortalama 4 cm fark bulunmaktad\u0131r. Boy: ortalama 118 cm.SM beden (34-38 uyumlu, g\u00f6\u011f\u00fcs: 108 cm).ML beden (40-44 uyumlu). \u00dcr\u00fcn Astarl\u0131d\u0131r.Hem yelek, hem de kaban haline gelebilir.Kuru temizleme tavsiye edilir.<\/p>\n<p>\u2014 Technical Details \u2014<br \/>\nSezon: KI\u015e<br \/>\nCinsiyet: Kad\u0131n<br \/>\nMalzeme: Ka\u015fe<br \/>\nKal\u0131p: Bol Kal\u0131p<br \/>\nKol Boyu: Uzun Kollu<br \/>\nYaka Tipi: G\u00f6mlek Yaka<br \/>\nManken \u00d6l\u00e7\u00fcleri: 1,80<br \/>\nMankenin Giydi\u011fi Beden: S Beden<\/p>\n","protected":false},"excerpt":{"rendered":"<p>Hem yelek, hem de kaban haline gelebilir. Not: Verilen \u00f6l\u00e7\u00fcler en k\u00fc\u00e7\u00fck bedene aittir, bedenler aras\u0131nda ortalama 4 cm fark bulunmaktad\u0131r. Boy: ortalama 118 cm.SM beden (34-38 uyumlu, g\u00f6\u011f\u00fcs: 108 cm).ML beden (40-44 uyumlu). \u00dcr\u00fcn Astarl\u0131d\u0131r.Hem yelek, hem de kaban haline gelebilir.Kuru temizleme tavsiye edilir.<\/p>\n<p>\u2014 Technical Details \u2014<br \/>\nSezon: KI\u015e<br \/>\nCinsiyet: Kad\u0131n<br \/>\nMalzeme: Ka\u015fe<br \/>\nKal\u0131p: Bol Kal\u0131p<br \/>\nKol Boyu: Uzun Kollu<br \/>\nYaka Tipi: G\u00f6mlek Yaka<br \/>\nManken \u00d6l\u00e7\u00fcleri: 1,80<br \/>\nMankenin Giydi\u011fi Beden: S Beden<\/p>\n","protected":false},"featured_media":31936,"comment_status":"open","ping_status":"closed","template":"","meta":[],"product_brand":[],"product_cat":[2047],"product_tag":[6936,6744,7701,6776,6311],"class_list":{"0":"post-31951","1":"product","2":"type-product","3":"status-publish","4":"has-post-thumbnail","6":"product_cat-paltolar","7":"product_tag-cok-yonlu","8":"product_tag-kadin-modasi","9":"product_tag-kahverengi-kaban","10":"product_tag-trenckot","11":"product_tag-winter-coat","12":"pa_brand-minik-terzi","13":"pa_color-kahverengi","14":"pa_size-ml","15":"pa_size-sm","17":"first","18":"instock","19":"sale","20":"shipping-taxable","21":"purchasable","22":"product-type-variable"},"_links":{"self":[{"href":"https:\/\/mod.wisdar.net\/tr\/wp-json\/wp\/v2\/product\/31951","targetHints":{"allow":["GET"]}}],"collection":[{"href":"https:\/\/mod.wisdar.net\/tr\/wp-json\/wp\/v2\/product"}],"about":[{"href":"https:\/\/mod.wisdar.net\/tr\/wp-json\/wp\/v2\/types\/product"}],"replies":[{"embeddable":true,"href":"https:\/\/mod.wisdar.net\/tr\/wp-json\/wp\/v2\/comments?post=31951"}],"wp:featuredmedia":[{"embeddable":true,"href":"https:\/\/mod.wisdar.net\/tr\/wp-json\/wp\/v2\/media\/31936"}],"wp:attachment":[{"href":"https:\/\/mod.wisdar.net\/tr\/wp-json\/wp\/v2\/media?parent=31951"}],"wp:term":[{"taxonomy":"product_brand","embeddable":true,"href":"https:\/\/mod.wisdar.net\/tr\/wp-json\/wp\/v2\/product_brand?post=31951"},{"taxonomy":"product_cat","embeddable":true,"href":"https:\/\/mod.wisdar.net\/tr\/wp-json\/wp\/v2\/product_cat?post=31951"},{"taxonomy":"product_tag","embeddable":true,"href":"https:\/\/mod.wisdar.net\/tr\/wp-json\/wp\/v2\/product_tag?post=31951"}],"curies":[{"name":"wp","href":"https:\/\/api.w.org\/{rel}","templated":true}]}}